{"id":23549,"date":"2020-08-04T10:14:55","date_gmt":"2020-08-04T13:14:55","guid":{"rendered":"https:\/\/kpn.com.uy\/web\/?post_type=product&#038;p=23549"},"modified":"2020-08-04T11:26:39","modified_gmt":"2020-08-04T14:26:39","slug":"nivel-laser-gcl-25-professional","status":"publish","type":"product","link":"https:\/\/kpn.com.uy\/web\/producto\/nivel-laser-gcl-25-professional\/","title":{"rendered":"Nivel Laser GCL 25 Professional"},"content":{"rendered":"<table class=\"table\">\n<tbody>\n<tr>\n<td>Diodo l\u00e1ser<\/td>\n<td>635 nm, &lt; 1 mW<\/td>\n<\/tr>\n<tr>\n<td>Temperatura de servicio<\/td>\n<td>-10 \u2013 50\u00a0\u00b0C<\/td>\n<\/tr>\n<tr>\n<td>Temperatura de almacenamiento<\/td>\n<td>-20 \u2013 70\u00a0\u00b0C<\/td>\n<\/tr>\n<tr>\n<td>Clase de l\u00e1ser<\/td>\n<td>2<\/td>\n<\/tr>\n<tr>\n<td><b>Intervalo de autonivelaci\u00f3n*<\/b><\/td>\n<td><b>\u00b1 4\u00b0<\/b><\/td>\n<\/tr>\n<tr>\n<td>Tiempo de nivelaci\u00f3n<\/td>\n<td>4\u00a0s<\/td>\n<\/tr>\n<tr>\n<td><b>Protecci\u00f3n contra polvo y salpicaduras de agua*<\/b><\/td>\n<td><b>IP 54<\/b><\/td>\n<\/tr>\n<tr>\n<td>Fuente de alimentaci\u00f3n<\/td>\n<td>4 x 1,5 V LR6 (AA)<\/td>\n<\/tr>\n<tr>\n<td>Tiempo de funcionamiento (m\u00e1x.)<\/td>\n<td>30 h<\/td>\n<\/tr>\n<tr>\n<td><b>Rosca del tr\u00edpode*<\/b><\/td>\n<td><b>1\/4&#8243;, 5\/8&#8243;<\/b><\/td>\n<\/tr>\n<tr>\n<td>Peso, aprox.<\/td>\n<td>0,6\u00a0kg<\/td>\n<\/tr>\n<tr>\n<td>Proyecci\u00f3n<\/td>\n<td>2 l\u00edneas \/ 5 puntos<\/td>\n<\/tr>\n<\/tbody>\n<\/table>\n","protected":false},"excerpt":{"rendered":"<h3 class=\"headline hl4\">La soluci\u00f3n completa en nivelaciones internas<\/h3>\n<ul class=\"m-product_hightlights__list\">\n<li>L\u00e1ser 2 en 1: l\u00e1ser de puntos y l\u00edneas juntos para nivelaciones horizontales y alineaciones verticales<\/li>\n<li>escuadro, plomada y referencia de puntos<\/li>\n<li>Dise\u00f1o compacto y ergon\u00f3mico<\/li>\n<\/ul>\n","protected":false},"featured_media":23550,"template":"","meta":{"_exactmetrics_skip_tracking":false,"_exactmetrics_sitenote_active":false,"_exactmetrics_sitenote_note":"","_exactmetrics_sitenote_category":0,"_monsterinsights_skip_tracking":false,"_monsterinsights_sitenote_active":false,"_monsterinsights_sitenote_note":"","_monsterinsights_sitenote_category":0},"product_brand":[],"product_cat":[326,266,84,327],"product_tag":[],"class_list":{"0":"post-23549","1":"product","2":"type-product","3":"status-publish","4":"has-post-thumbnail","6":"product_cat-bosch","7":"product_cat-nivel-laser","8":"product_cat-nivel-laser-ingenieria","9":"product_cat-niveles-laser-bosch","11":"first","12":"instock","13":"shipping-taxable","14":"product-type-simple","15":"col-xxl","16":"col-xl-4","17":"col-lg-6","18":"col-sm-6"},"_links":{"self":[{"href":"https:\/\/kpn.com.uy\/web\/wp-json\/wp\/v2\/product\/23549","targetHints":{"allow":["GET"]}}],"collection":[{"href":"https:\/\/kpn.com.uy\/web\/wp-json\/wp\/v2\/product"}],"about":[{"href":"https:\/\/kpn.com.uy\/web\/wp-json\/wp\/v2\/types\/product"}],"wp:featuredmedia":[{"embeddable":true,"href":"https:\/\/kpn.com.uy\/web\/wp-json\/wp\/v2\/media\/23550"}],"wp:attachment":[{"href":"https:\/\/kpn.com.uy\/web\/wp-json\/wp\/v2\/media?parent=23549"}],"wp:term":[{"taxonomy":"product_brand","embeddable":true,"href":"https:\/\/kpn.com.uy\/web\/wp-json\/wp\/v2\/product_brand?post=23549"},{"taxonomy":"product_cat","embeddable":true,"href":"https:\/\/kpn.com.uy\/web\/wp-json\/wp\/v2\/product_cat?post=23549"},{"taxonomy":"product_tag","embeddable":true,"href":"https:\/\/kpn.com.uy\/web\/wp-json\/wp\/v2\/product_tag?post=23549"}],"curies":[{"name":"wp","href":"https:\/\/api.w.org\/{rel}","templated":true}]}}