{"id":23551,"date":"2020-08-04T10:17:48","date_gmt":"2020-08-04T13:17:48","guid":{"rendered":"https:\/\/kpn.com.uy\/web\/?post_type=product&#038;p=23551"},"modified":"2020-08-04T11:22:39","modified_gmt":"2020-08-04T14:22:39","slug":"nivel-laser-grl-300-hv-professional","status":"publish","type":"product","link":"https:\/\/kpn.com.uy\/web\/producto\/nivel-laser-grl-300-hv-professional\/","title":{"rendered":"Nivel Laser GRL 300 HV Professional"},"content":{"rendered":"<table class=\"table\">\n<tbody>\n<tr>\n<td><b>Alcance*<\/b><\/td>\n<td><b>60<\/b>\u00a0<b>m<\/b><\/td>\n<\/tr>\n<tr>\n<td><b>Alcance con receptor*<\/b><\/td>\n<td><b>300 m (Di\u00e1metro )<\/b><\/td>\n<\/tr>\n<tr>\n<td><b>Precisi\u00f3n*<\/b><\/td>\n<td><b>\u00b1 0,1 mm\/m<\/b><\/td>\n<\/tr>\n<tr>\n<td>Diodo l\u00e1ser<\/td>\n<td>635 nm, &lt; 5 mW<\/td>\n<\/tr>\n<tr>\n<td>Temperatura de servicio<\/td>\n<td>-10 \u2013 50\u00a0\u00b0C<\/td>\n<\/tr>\n<tr>\n<td>Temperatura de almacenamiento<\/td>\n<td>-20 \u2013 70\u00a0\u00b0C<\/td>\n<\/tr>\n<tr>\n<td>Clase de l\u00e1ser<\/td>\n<td>3R<\/td>\n<\/tr>\n<tr>\n<td>Alcance sin receptor<\/td>\n<td>60 m (Di\u00e1metro )<\/td>\n<\/tr>\n<tr>\n<td>Intervalo de autonivelaci\u00f3n<\/td>\n<td>\u00b1 5\u00b0 (8\u00a0%)<\/td>\n<\/tr>\n<tr>\n<td>Tiempo de nivelaci\u00f3n<\/td>\n<td>15\u00a0s<\/td>\n<\/tr>\n<tr>\n<td>Protecci\u00f3n contra polvo y salpicaduras de agua<\/td>\n<td>IP 54<\/td>\n<\/tr>\n<tr>\n<td>Velocidad de giro<\/td>\n<td>150, 300, 600 rpm.<\/td>\n<\/tr>\n<tr>\n<td>Fuente de alimentaci\u00f3n<\/td>\n<td>2 x 1,2 V HR20 (D) (9 Ah), 2 x 1,5 V LR20 (D)<\/td>\n<\/tr>\n<tr>\n<td>Tiempo de funcionamiento (m\u00e1x.)<\/td>\n<td>Bater\u00edas recargables (NiMH) 30 h<\/td>\n<\/tr>\n<tr>\n<td>Rosca del tr\u00edpode<\/td>\n<td>5\/8&#8243;<\/td>\n<\/tr>\n<tr>\n<td>Peso, aprox.<\/td>\n<td>1,8\u00a0kg<\/td>\n<\/tr>\n<tr>\n<td>Color de la l\u00ednea l\u00e1ser<\/td>\n<td>rojo<\/td>\n<\/tr>\n<\/tbody>\n<\/table>\n","protected":false},"excerpt":{"rendered":"<h3 class=\"headline hl4\">De manejo f\u00e1cil con autonivelaci\u00f3n horizontal y vertical<\/h3>\n<ul class=\"m-product_hightlights__list\">\n<li>Manejo sencillo gracias a la disposici\u00f3n de un bot\u00f3n por funci\u00f3n y a la f\u00e1cil lectura de la informaci\u00f3n en pantalla<\/li>\n<li>Ajuste r\u00e1pido en aplicaciones horizontales y verticales gracias a la autonivelaci\u00f3n autom\u00e1tica de 8% (\u00b1 5\u00b0)<\/li>\n<li>La funci\u00f3n de advertencia de choque conectable evita errores de nivelaci\u00f3n en caso de sacudidas o vibraciones<\/li>\n<\/ul>\n","protected":false},"featured_media":23552,"template":"","meta":{"_exactmetrics_skip_tracking":false,"_exactmetrics_sitenote_active":false,"_exactmetrics_sitenote_note":"","_exactmetrics_sitenote_category":0,"_monsterinsights_skip_tracking":false,"_monsterinsights_sitenote_active":false,"_monsterinsights_sitenote_note":"","_monsterinsights_sitenote_category":0},"product_brand":[],"product_cat":[326,84,266,327],"product_tag":[],"class_list":{"0":"post-23551","1":"product","2":"type-product","3":"status-publish","4":"has-post-thumbnail","6":"product_cat-bosch","7":"product_cat-nivel-laser-ingenieria","8":"product_cat-nivel-laser","9":"product_cat-niveles-laser-bosch","11":"first","12":"instock","13":"shipping-taxable","14":"product-type-simple","15":"col-xxl","16":"col-xl-4","17":"col-lg-6","18":"col-sm-6"},"_links":{"self":[{"href":"https:\/\/kpn.com.uy\/web\/wp-json\/wp\/v2\/product\/23551","targetHints":{"allow":["GET"]}}],"collection":[{"href":"https:\/\/kpn.com.uy\/web\/wp-json\/wp\/v2\/product"}],"about":[{"href":"https:\/\/kpn.com.uy\/web\/wp-json\/wp\/v2\/types\/product"}],"wp:featuredmedia":[{"embeddable":true,"href":"https:\/\/kpn.com.uy\/web\/wp-json\/wp\/v2\/media\/23552"}],"wp:attachment":[{"href":"https:\/\/kpn.com.uy\/web\/wp-json\/wp\/v2\/media?parent=23551"}],"wp:term":[{"taxonomy":"product_brand","embeddable":true,"href":"https:\/\/kpn.com.uy\/web\/wp-json\/wp\/v2\/product_brand?post=23551"},{"taxonomy":"product_cat","embeddable":true,"href":"https:\/\/kpn.com.uy\/web\/wp-json\/wp\/v2\/product_cat?post=23551"},{"taxonomy":"product_tag","embeddable":true,"href":"https:\/\/kpn.com.uy\/web\/wp-json\/wp\/v2\/product_tag?post=23551"}],"curies":[{"name":"wp","href":"https:\/\/api.w.org\/{rel}","templated":true}]}}