{"id":23555,"date":"2020-08-04T10:21:06","date_gmt":"2020-08-04T13:21:06","guid":{"rendered":"https:\/\/kpn.com.uy\/web\/?post_type=product&#038;p=23555"},"modified":"2020-08-04T11:21:29","modified_gmt":"2020-08-04T14:21:29","slug":"nivel-optico-gol-26-d-professional","status":"publish","type":"product","link":"https:\/\/kpn.com.uy\/web\/producto\/nivel-optico-gol-26-d-professional\/","title":{"rendered":"Nivel Optico GOL 26 D Professional"},"content":{"rendered":"<table class=\"table\">\n<tbody>\n<tr>\n<td><b>Unidad de medida*<\/b><\/td>\n<td><b>360 grados<\/b><\/td>\n<\/tr>\n<tr>\n<td><b>Aumento*<\/b><\/td>\n<td><b>26 x<\/b><\/td>\n<\/tr>\n<tr>\n<td><b>Accuracy*<\/b><\/td>\n<td><b>1,6 mm a 30 m<\/b><\/td>\n<\/tr>\n<tr>\n<td>Alcance<\/td>\n<td>hasta 100\u00a0m<\/td>\n<\/tr>\n<tr>\n<td>Protecci\u00f3n contra polvo y salpicaduras de agua<\/td>\n<td>IP 54<\/td>\n<\/tr>\n<tr>\n<td>Rosca del tr\u00edpode<\/td>\n<td>5\/8&#8243;<\/td>\n<\/tr>\n<tr>\n<td>Temperatura de servicio<\/td>\n<td>-10 \u2013 50\u00a0\u00b0C<\/td>\n<\/tr>\n<tr>\n<td>Temperatura de almacenamiento<\/td>\n<td>-20 \u2013 70\u00a0\u00b0C<\/td>\n<\/tr>\n<tr>\n<td>Peso, aprox.<\/td>\n<td>1,5\u00a0kg<\/td>\n<\/tr>\n<\/tbody>\n<\/table>\n","protected":false},"excerpt":{"rendered":"<h3 class=\"headline hl4\">Extremadamente robustos en exteriores<\/h3>\n<ul class=\"m-product_hightlights__list\">\n<li>Ampliaci\u00f3n de la potencia en 26 veces y compensador del p\u00e9ndulo facilitan la visualizaci\u00f3n y la lectura en grandes distancias.<\/li>\n<li>Traba de compensador protege el p\u00e9ndulo contra da\u00f1os y p\u00e9rdida de calibraci\u00f3n durante el transporte.<\/li>\n<li>Visor burbuja con espejo en 90\u00b0 en el tope de la herramienta para ajustes f\u00e1ciles y r\u00e1pidos.<\/li>\n<\/ul>\n","protected":false},"featured_media":23554,"template":"","meta":{"_exactmetrics_skip_tracking":false,"_exactmetrics_sitenote_active":false,"_exactmetrics_sitenote_note":"","_exactmetrics_sitenote_category":0,"_monsterinsights_skip_tracking":false,"_monsterinsights_sitenote_active":false,"_monsterinsights_sitenote_note":"","_monsterinsights_sitenote_category":0},"product_brand":[],"product_cat":[326,264,330,76],"product_tag":[],"class_list":{"0":"post-23555","1":"product","2":"type-product","3":"status-publish","4":"has-post-thumbnail","6":"product_cat-bosch","7":"product_cat-nivel-optico","8":"product_cat-niveles-opticos-bosch","9":"product_cat-nivelesopticos","11":"first","12":"instock","13":"shipping-taxable","14":"product-type-simple","15":"col-xxl","16":"col-xl-4","17":"col-lg-6","18":"col-sm-6"},"_links":{"self":[{"href":"https:\/\/kpn.com.uy\/web\/wp-json\/wp\/v2\/product\/23555","targetHints":{"allow":["GET"]}}],"collection":[{"href":"https:\/\/kpn.com.uy\/web\/wp-json\/wp\/v2\/product"}],"about":[{"href":"https:\/\/kpn.com.uy\/web\/wp-json\/wp\/v2\/types\/product"}],"wp:featuredmedia":[{"embeddable":true,"href":"https:\/\/kpn.com.uy\/web\/wp-json\/wp\/v2\/media\/23554"}],"wp:attachment":[{"href":"https:\/\/kpn.com.uy\/web\/wp-json\/wp\/v2\/media?parent=23555"}],"wp:term":[{"taxonomy":"product_brand","embeddable":true,"href":"https:\/\/kpn.com.uy\/web\/wp-json\/wp\/v2\/product_brand?post=23555"},{"taxonomy":"product_cat","embeddable":true,"href":"https:\/\/kpn.com.uy\/web\/wp-json\/wp\/v2\/product_cat?post=23555"},{"taxonomy":"product_tag","embeddable":true,"href":"https:\/\/kpn.com.uy\/web\/wp-json\/wp\/v2\/product_tag?post=23555"}],"curies":[{"name":"wp","href":"https:\/\/api.w.org\/{rel}","templated":true}]}}