{"id":23557,"date":"2020-08-04T10:24:03","date_gmt":"2020-08-04T13:24:03","guid":{"rendered":"https:\/\/kpn.com.uy\/web\/?post_type=product&#038;p=23557"},"modified":"2020-08-04T11:19:59","modified_gmt":"2020-08-04T14:19:59","slug":"nivel-laser-gtl-3-professional","status":"publish","type":"product","link":"https:\/\/kpn.com.uy\/web\/producto\/nivel-laser-gtl-3-professional\/","title":{"rendered":"Nivel Laser GTL 3 Professional"},"content":{"rendered":"<table class=\"table\">\n<tbody>\n<tr>\n<td><b>Alcance*<\/b><\/td>\n<td><b>20<\/b>\u00a0<b>m<\/b><\/td>\n<\/tr>\n<tr>\n<td>Diodo l\u00e1ser<\/td>\n<td>635 nm, &lt; 1 mW<\/td>\n<\/tr>\n<tr>\n<td>Temperatura de servicio<\/td>\n<td>-10 \u2013 50\u00a0\u00b0C<\/td>\n<\/tr>\n<tr>\n<td>Temperatura de almacenamiento<\/td>\n<td>-20 \u2013 70\u00a0\u00b0C<\/td>\n<\/tr>\n<tr>\n<td>Clase de l\u00e1ser<\/td>\n<td>2<\/td>\n<\/tr>\n<tr>\n<td>Alcance con tablilla de punter\u00eda<\/td>\n<td>20\u00a0m<\/td>\n<\/tr>\n<tr>\n<td>Precisi\u00f3n de \u00e1ngulos (\u00e1ngulos entre 0 y \u2013 90\u00b0)<\/td>\n<td>\u00b1 0,2\u00a0mm\/m<\/td>\n<\/tr>\n<tr>\n<td><b>Protecci\u00f3n contra polvo y salpicaduras de agua*<\/b><\/td>\n<td><b>IP 54<\/b><\/td>\n<\/tr>\n<tr>\n<td>Fuente de alimentaci\u00f3n<\/td>\n<td>4 x 1,5 V LR6 (AA)<\/td>\n<\/tr>\n<tr>\n<td>Tiempo de funcionamiento (m\u00e1x.)<\/td>\n<td>18 h (en modo de 2 l\u00edneas)<\/td>\n<\/tr>\n<tr>\n<td>Peso, aprox.<\/td>\n<td>0,44\u00a0kg<\/td>\n<\/tr>\n<tr>\n<td>Proyecci\u00f3n<\/td>\n<td>3 l\u00edneas<\/td>\n<\/tr>\n<\/tbody>\n<\/table>\n","protected":false},"excerpt":{"rendered":"<h3 class=\"headline hl4\">Alicatado r\u00e1pido gracias a la l\u00ednea adicional a 45\u00b0<\/h3>\n<ul class=\"m-product_hightlights__list\">\n<li>Proyecta adicionalmente a las dos l\u00edneas l\u00e1ser en el \u00e1ngulo de 90\u00b0 una tercera l\u00ednea de 45\u00b0 para alineaci\u00f3n y colocaci\u00f3n precisa y r\u00e1pida de azulejos y mosaicos.<\/li>\n<li>Dise\u00f1o compacto y liviano para un manejo ideal.<\/li>\n<li>Placa de metal para mayor estabilidad durante el trabajo en piso desnivelado y para fijaci\u00f3n a la pared.<\/li>\n<\/ul>\n","protected":false},"featured_media":23558,"template":"","meta":{"_exactmetrics_skip_tracking":false,"_exactmetrics_sitenote_active":false,"_exactmetrics_sitenote_note":"","_exactmetrics_sitenote_category":0,"_monsterinsights_skip_tracking":false,"_monsterinsights_sitenote_active":false,"_monsterinsights_sitenote_note":"","_monsterinsights_sitenote_category":0},"product_brand":[],"product_cat":[326,266,84,327],"product_tag":[],"class_list":{"0":"post-23557","1":"product","2":"type-product","3":"status-publish","4":"has-post-thumbnail","6":"product_cat-bosch","7":"product_cat-nivel-laser","8":"product_cat-nivel-laser-ingenieria","9":"product_cat-niveles-laser-bosch","11":"first","12":"instock","13":"shipping-taxable","14":"product-type-simple","15":"col-xxl","16":"col-xl-4","17":"col-lg-6","18":"col-sm-6"},"_links":{"self":[{"href":"https:\/\/kpn.com.uy\/web\/wp-json\/wp\/v2\/product\/23557","targetHints":{"allow":["GET"]}}],"collection":[{"href":"https:\/\/kpn.com.uy\/web\/wp-json\/wp\/v2\/product"}],"about":[{"href":"https:\/\/kpn.com.uy\/web\/wp-json\/wp\/v2\/types\/product"}],"wp:featuredmedia":[{"embeddable":true,"href":"https:\/\/kpn.com.uy\/web\/wp-json\/wp\/v2\/media\/23558"}],"wp:attachment":[{"href":"https:\/\/kpn.com.uy\/web\/wp-json\/wp\/v2\/media?parent=23557"}],"wp:term":[{"taxonomy":"product_brand","embeddable":true,"href":"https:\/\/kpn.com.uy\/web\/wp-json\/wp\/v2\/product_brand?post=23557"},{"taxonomy":"product_cat","embeddable":true,"href":"https:\/\/kpn.com.uy\/web\/wp-json\/wp\/v2\/product_cat?post=23557"},{"taxonomy":"product_tag","embeddable":true,"href":"https:\/\/kpn.com.uy\/web\/wp-json\/wp\/v2\/product_tag?post=23557"}],"curies":[{"name":"wp","href":"https:\/\/api.w.org\/{rel}","templated":true}]}}