{"id":23561,"date":"2020-08-04T10:53:47","date_gmt":"2020-08-04T13:53:47","guid":{"rendered":"https:\/\/kpn.com.uy\/web\/?post_type=product&#038;p=23561"},"modified":"2020-08-04T10:53:47","modified_gmt":"2020-08-04T13:53:47","slug":"detector-gms-120-professional","status":"publish","type":"product","link":"https:\/\/kpn.com.uy\/web\/producto\/detector-gms-120-professional\/","title":{"rendered":"Detector GMS 120 Professional"},"content":{"rendered":"<table class=\"table\">\n<tbody>\n<tr>\n<td><b>Tecnolog\u00eda radar de Bosch*<\/b><\/td>\n<td><b>No<\/b><\/td>\n<\/tr>\n<tr>\n<td><b>Profundidad m\u00e1x. de detecci\u00f3n*<\/b><\/td>\n<td><b>120<\/b>\u00a0<b>mm<\/b><\/td>\n<\/tr>\n<tr>\n<td>Profundidad de detecci\u00f3n, acero, m\u00e1x.<\/td>\n<td>120\u00a0mm<\/td>\n<\/tr>\n<tr>\n<td>Profundidad de detecci\u00f3n, cobre, m\u00e1x.<\/td>\n<td>80\u00a0mm<\/td>\n<\/tr>\n<tr>\n<td>Profundidad de detecci\u00f3n de cables el\u00e9ctricos, m\u00e1x.<\/td>\n<td>50\u00a0mm<\/td>\n<\/tr>\n<tr>\n<td>Profundidad de detecci\u00f3n de subestructuras de madera, m\u00e1x.<\/td>\n<td>38\u00a0mm<\/td>\n<\/tr>\n<tr>\n<td>Tipos de pared<\/td>\n<td>Construcci\u00f3n en seco<\/td>\n<\/tr>\n<tr>\n<td>Protecci\u00f3n contra polvo y salpicaduras de agua<\/td>\n<td>IP 54<\/td>\n<\/tr>\n<tr>\n<td>Identificaci\u00f3n de materiales<\/td>\n<td>Cable bajo tensi\u00f3n, Metal<\/td>\n<\/tr>\n<tr>\n<td>Fuente de alimentaci\u00f3n<\/td>\n<td>1 x 9 V 6LR61<\/td>\n<\/tr>\n<tr>\n<td>Desconexi\u00f3n autom\u00e1tica, aprox.<\/td>\n<td>5 minutos<\/td>\n<\/tr>\n<tr>\n<td><b>Peso, aprox.*<\/b><\/td>\n<td><b>0,27<\/b>\u00a0<b>kg<\/b><\/td>\n<\/tr>\n<tr>\n<td>Indicador de profundidad m\u00e1x. de perforaci\u00f3n<\/td>\n<td>&#8211;<\/td>\n<\/tr>\n<\/tbody>\n<\/table>\n","protected":false},"excerpt":{"rendered":"<h3 class=\"headline hl4\">Sencillo e intuitivo: el favorito l\u00f3gico para localizar objetos de forma eficaz<\/h3>\n<ul class=\"m-product_hightlights__list\">\n<li>La calibraci\u00f3n autom\u00e1tica evita errores de aplicaci\u00f3n para un trabajo m\u00e1s fiable y seguro<\/li>\n<li>Localiza el metal y los cables bajo tensi\u00f3n en varios tipos de paredes, as\u00ed como subestructuras de madera en pladur<\/li>\n<li>Localizaci\u00f3n fiable incluso de objetos situados en lugares profundos: hasta 120 mm de profundidad.<\/li>\n<\/ul>\n","protected":false},"featured_media":23562,"template":"","meta":{"_exactmetrics_skip_tracking":false,"_exactmetrics_sitenote_active":false,"_exactmetrics_sitenote_note":"","_exactmetrics_sitenote_category":0,"_monsterinsights_skip_tracking":false,"_monsterinsights_sitenote_active":false,"_monsterinsights_sitenote_note":"","_monsterinsights_sitenote_category":0},"product_brand":[],"product_cat":[326,260,331],"product_tag":[],"class_list":{"0":"post-23561","1":"product","2":"type-product","3":"status-publish","4":"has-post-thumbnail","6":"product_cat-bosch","7":"product_cat-detectores","8":"product_cat-detectores-y-camaras","10":"first","11":"instock","12":"shipping-taxable","13":"product-type-simple","14":"col-xxl","15":"col-xl-4","16":"col-lg-6","17":"col-sm-6"},"_links":{"self":[{"href":"https:\/\/kpn.com.uy\/web\/wp-json\/wp\/v2\/product\/23561","targetHints":{"allow":["GET"]}}],"collection":[{"href":"https:\/\/kpn.com.uy\/web\/wp-json\/wp\/v2\/product"}],"about":[{"href":"https:\/\/kpn.com.uy\/web\/wp-json\/wp\/v2\/types\/product"}],"wp:featuredmedia":[{"embeddable":true,"href":"https:\/\/kpn.com.uy\/web\/wp-json\/wp\/v2\/media\/23562"}],"wp:attachment":[{"href":"https:\/\/kpn.com.uy\/web\/wp-json\/wp\/v2\/media?parent=23561"}],"wp:term":[{"taxonomy":"product_brand","embeddable":true,"href":"https:\/\/kpn.com.uy\/web\/wp-json\/wp\/v2\/product_brand?post=23561"},{"taxonomy":"product_cat","embeddable":true,"href":"https:\/\/kpn.com.uy\/web\/wp-json\/wp\/v2\/product_cat?post=23561"},{"taxonomy":"product_tag","embeddable":true,"href":"https:\/\/kpn.com.uy\/web\/wp-json\/wp\/v2\/product_tag?post=23561"}],"curies":[{"name":"wp","href":"https:\/\/api.w.org\/{rel}","templated":true}]}}