{"id":23563,"date":"2020-08-04T10:57:38","date_gmt":"2020-08-04T13:57:38","guid":{"rendered":"https:\/\/kpn.com.uy\/web\/?post_type=product&#038;p=23563"},"modified":"2020-08-04T10:58:17","modified_gmt":"2020-08-04T13:58:17","slug":"detector-de-pared-d-tect-120-professional","status":"publish","type":"product","link":"https:\/\/kpn.com.uy\/web\/producto\/detector-de-pared-d-tect-120-professional\/","title":{"rendered":"Detector de pared D-tect 120 Professional"},"content":{"rendered":"<table class=\"table\">\n<tbody>\n<tr>\n<td><b>Tecnolog\u00eda radar de Bosch*<\/b><\/td>\n<td><b>S\u00ed<\/b><\/td>\n<\/tr>\n<tr>\n<td><b>Profundidad m\u00e1x. de detecci\u00f3n*<\/b><\/td>\n<td><b>120<\/b>\u00a0<b>mm<\/b><\/td>\n<\/tr>\n<tr>\n<td>Profundidad de detecci\u00f3n, acero, m\u00e1x.<\/td>\n<td>120\u00a0mm<\/td>\n<\/tr>\n<tr>\n<td>Profundidad de detecci\u00f3n, cobre, m\u00e1x.<\/td>\n<td>120\u00a0mm<\/td>\n<\/tr>\n<tr>\n<td>Profundidad de detecci\u00f3n de cables el\u00e9ctricos, m\u00e1x.<\/td>\n<td>60\u00a0mm<\/td>\n<\/tr>\n<tr>\n<td>Profundidad de detecci\u00f3n de subestructuras de madera, m\u00e1x.<\/td>\n<td>38\u00a0mm<\/td>\n<\/tr>\n<tr>\n<td><b>Precisi\u00f3n*<\/b><\/td>\n<td><b>\u00b1 10<\/b>\u00a0<b>mm<\/b><\/td>\n<\/tr>\n<tr>\n<td>Le\u00eddo<\/td>\n<td>Vista de puntos<\/td>\n<\/tr>\n<tr>\n<td>Tipos de pared<\/td>\n<td>Hormig\u00f3n, Construcci\u00f3n en seco, Universal<\/td>\n<\/tr>\n<tr>\n<td>Identificaci\u00f3n de materiales<\/td>\n<td>Cable bajo tensi\u00f3n<\/td>\n<\/tr>\n<tr>\n<td>Fuente de alimentaci\u00f3n<\/td>\n<td>12\u00a0V de litio o 4 de 1,5\u00a0V LR6 (AA)<\/td>\n<\/tr>\n<tr>\n<td>Desconexi\u00f3n autom\u00e1tica, aprox.<\/td>\n<td>5 minutos<\/td>\n<\/tr>\n<tr>\n<td>Peso, aprox.<\/td>\n<td>0,5\u00a0kg<\/td>\n<\/tr>\n<tr>\n<td>Indicador de profundidad m\u00e1x. de perforaci\u00f3n<\/td>\n<td>&#8211;<\/td>\n<\/tr>\n<tr>\n<td>Funci\u00f3n adicional<\/td>\n<td>Dual Power (10,8 V\/4 de 1,5-V-LR6 AA); Center Finder con indicador de direcci\u00f3n del objeto<\/td>\n<\/tr>\n<\/tbody>\n<\/table>\n","protected":false},"excerpt":{"rendered":"<h3 class=\"headline hl4\">Un intuitivo esc\u00e1ner radar para todos los materiales<\/h3>\n<ul class=\"m-product_hightlights__list\">\n<li>La medici\u00f3n fotom\u00e9trica permite una detecci\u00f3n exacta en superficies estrechas<\/li>\n<li>La tecnolog\u00eda Center Finder proporciona una indicaci\u00f3n \u00f3ptica de la direcci\u00f3n para una localizaci\u00f3n precisa del centro del objeto<\/li>\n<li>Dual Power Source permite el uso tanto con bater\u00edas de litio de 12\u00a0V como con pilas alcalinas est\u00e1ndar<\/li>\n<\/ul>\n","protected":false},"featured_media":23564,"template":"","meta":{"_exactmetrics_skip_tracking":false,"_exactmetrics_sitenote_active":false,"_exactmetrics_sitenote_note":"","_exactmetrics_sitenote_category":0,"_monsterinsights_skip_tracking":false,"_monsterinsights_sitenote_active":false,"_monsterinsights_sitenote_note":"","_monsterinsights_sitenote_category":0},"product_brand":[],"product_cat":[326,260,331],"product_tag":[],"class_list":{"0":"post-23563","1":"product","2":"type-product","3":"status-publish","4":"has-post-thumbnail","6":"product_cat-bosch","7":"product_cat-detectores","8":"product_cat-detectores-y-camaras","10":"first","11":"instock","12":"shipping-taxable","13":"product-type-simple","14":"col-xxl","15":"col-xl-4","16":"col-lg-6","17":"col-sm-6"},"_links":{"self":[{"href":"https:\/\/kpn.com.uy\/web\/wp-json\/wp\/v2\/product\/23563","targetHints":{"allow":["GET"]}}],"collection":[{"href":"https:\/\/kpn.com.uy\/web\/wp-json\/wp\/v2\/product"}],"about":[{"href":"https:\/\/kpn.com.uy\/web\/wp-json\/wp\/v2\/types\/product"}],"wp:featuredmedia":[{"embeddable":true,"href":"https:\/\/kpn.com.uy\/web\/wp-json\/wp\/v2\/media\/23564"}],"wp:attachment":[{"href":"https:\/\/kpn.com.uy\/web\/wp-json\/wp\/v2\/media?parent=23563"}],"wp:term":[{"taxonomy":"product_brand","embeddable":true,"href":"https:\/\/kpn.com.uy\/web\/wp-json\/wp\/v2\/product_brand?post=23563"},{"taxonomy":"product_cat","embeddable":true,"href":"https:\/\/kpn.com.uy\/web\/wp-json\/wp\/v2\/product_cat?post=23563"},{"taxonomy":"product_tag","embeddable":true,"href":"https:\/\/kpn.com.uy\/web\/wp-json\/wp\/v2\/product_tag?post=23563"}],"curies":[{"name":"wp","href":"https:\/\/api.w.org\/{rel}","templated":true}]}}