{"id":23565,"date":"2020-08-04T11:01:12","date_gmt":"2020-08-04T14:01:12","guid":{"rendered":"https:\/\/kpn.com.uy\/web\/?post_type=product&#038;p=23565"},"modified":"2020-08-04T11:01:12","modified_gmt":"2020-08-04T14:01:12","slug":"detector-d-tect-150-professional","status":"publish","type":"product","link":"https:\/\/kpn.com.uy\/web\/producto\/detector-d-tect-150-professional\/","title":{"rendered":"Detector D-tect 150 Professional"},"content":{"rendered":"<table class=\"table\">\n<tbody>\n<tr>\n<td><b>Tecnolog\u00eda radar de Bosch*<\/b><\/td>\n<td><b>S\u00ed<\/b><\/td>\n<\/tr>\n<tr>\n<td><b>Profundidad m\u00e1x. de detecci\u00f3n*<\/b><\/td>\n<td><b>150<\/b>\u00a0<b>mm<\/b><\/td>\n<\/tr>\n<tr>\n<td>Profundidad de detecci\u00f3n, acero, m\u00e1x.<\/td>\n<td>150\u00a0mm<\/td>\n<\/tr>\n<tr>\n<td>Profundidad de detecci\u00f3n, cobre, m\u00e1x.<\/td>\n<td>150\u00a0mm<\/td>\n<\/tr>\n<tr>\n<td>Profundidad de detecci\u00f3n de cables el\u00e9ctricos, m\u00e1x.<\/td>\n<td>60\u00a0mm<\/td>\n<\/tr>\n<tr>\n<td>Profundidad de detecci\u00f3n de subestructuras de madera, m\u00e1x.<\/td>\n<td>40\u00a0mm<\/td>\n<\/tr>\n<tr>\n<td><b>Precisi\u00f3n*<\/b><\/td>\n<td><b>\u00b1 5<\/b>\u00a0<b>mm<\/b><\/td>\n<\/tr>\n<tr>\n<td>Le\u00eddo<\/td>\n<td>Vista de objetos<\/td>\n<\/tr>\n<tr>\n<td>Tipos de pared<\/td>\n<td>Universal, Hormig\u00f3n, Ladrillo con perforaci\u00f3n horizontal, Construcci\u00f3n en seco, Suelo radiante<\/td>\n<\/tr>\n<tr>\n<td>Protecci\u00f3n contra polvo y salpicaduras de agua<\/td>\n<td>IP 54<\/td>\n<\/tr>\n<tr>\n<td>Identificaci\u00f3n de materiales<\/td>\n<td>Cable bajo tensi\u00f3n, Metal<\/td>\n<\/tr>\n<tr>\n<td>Fuente de alimentaci\u00f3n<\/td>\n<td>4 x 1,5 V LR6 (AA), 4 KR6 de 1,2 V (AA)<\/td>\n<\/tr>\n<tr>\n<td>Desconexi\u00f3n autom\u00e1tica, aprox.<\/td>\n<td>5 minutos<\/td>\n<\/tr>\n<tr>\n<td>Peso, aprox.<\/td>\n<td>0,65\u00a0kg<\/td>\n<\/tr>\n<tr>\n<td>Indicador de profundidad m\u00e1x. de perforaci\u00f3n<\/td>\n<td>&#8211;<\/td>\n<\/tr>\n<\/tbody>\n<\/table>\n","protected":false},"excerpt":{"rendered":"<h3 class=\"headline hl4\">M\u00e1s precisi\u00f3n para una mayor seguridad al taladrar<\/h3>\n<ul class=\"m-product_hightlights__list\">\n<li>Detecta hasta PVC, gracias a los 4 tipos de sensores que aumentan la seguridad en la detecci\u00f3n de diversos materiales a una profundidad de hasta 15 cm.<\/li>\n<li>F\u00e1cil de usar: pantalla grande y brillante de f\u00e1cil lectura.<\/li>\n<li>Detecci\u00f3n m\u00e1s precisa de sistemas de calefacci\u00f3n de suelo o pared<\/li>\n<\/ul>\n","protected":false},"featured_media":23566,"template":"","meta":{"_exactmetrics_skip_tracking":false,"_exactmetrics_sitenote_active":false,"_exactmetrics_sitenote_note":"","_exactmetrics_sitenote_category":0,"_monsterinsights_skip_tracking":false,"_monsterinsights_sitenote_active":false,"_monsterinsights_sitenote_note":"","_monsterinsights_sitenote_category":0},"product_brand":[],"product_cat":[326,260,331],"product_tag":[],"class_list":{"0":"post-23565","1":"product","2":"type-product","3":"status-publish","4":"has-post-thumbnail","6":"product_cat-bosch","7":"product_cat-detectores","8":"product_cat-detectores-y-camaras","10":"first","11":"instock","12":"shipping-taxable","13":"product-type-simple","14":"col-xxl","15":"col-xl-4","16":"col-lg-6","17":"col-sm-6"},"_links":{"self":[{"href":"https:\/\/kpn.com.uy\/web\/wp-json\/wp\/v2\/product\/23565","targetHints":{"allow":["GET"]}}],"collection":[{"href":"https:\/\/kpn.com.uy\/web\/wp-json\/wp\/v2\/product"}],"about":[{"href":"https:\/\/kpn.com.uy\/web\/wp-json\/wp\/v2\/types\/product"}],"wp:featuredmedia":[{"embeddable":true,"href":"https:\/\/kpn.com.uy\/web\/wp-json\/wp\/v2\/media\/23566"}],"wp:attachment":[{"href":"https:\/\/kpn.com.uy\/web\/wp-json\/wp\/v2\/media?parent=23565"}],"wp:term":[{"taxonomy":"product_brand","embeddable":true,"href":"https:\/\/kpn.com.uy\/web\/wp-json\/wp\/v2\/product_brand?post=23565"},{"taxonomy":"product_cat","embeddable":true,"href":"https:\/\/kpn.com.uy\/web\/wp-json\/wp\/v2\/product_cat?post=23565"},{"taxonomy":"product_tag","embeddable":true,"href":"https:\/\/kpn.com.uy\/web\/wp-json\/wp\/v2\/product_tag?post=23565"}],"curies":[{"name":"wp","href":"https:\/\/api.w.org\/{rel}","templated":true}]}}