{"id":23573,"date":"2020-08-04T11:15:09","date_gmt":"2020-08-04T14:15:09","guid":{"rendered":"https:\/\/kpn.com.uy\/web\/?post_type=product&#038;p=23573"},"modified":"2020-08-04T11:15:49","modified_gmt":"2020-08-04T14:15:49","slug":"termodetector-gis-1000-c-professional","status":"publish","type":"product","link":"https:\/\/kpn.com.uy\/web\/producto\/termodetector-gis-1000-c-professional\/","title":{"rendered":"Termodetector GIS 1000 C Professional"},"content":{"rendered":"<table class=\"table\">\n<tbody>\n<tr>\n<td><b>Rango de medici\u00f3n*<\/b><\/td>\n<td><b>-40 \u00b0C a +1000 \u00b0C<\/b><\/td>\n<\/tr>\n<tr>\n<td><b>Exactitud de medici\u00f3n IR*<\/b><\/td>\n<td><b>\u00b11,0 \u00b0C<\/b><\/td>\n<\/tr>\n<tr>\n<td><b>\u00d3ptica (ratio de distancia de med.: punto de med.)*<\/b><\/td>\n<td><b>50:1<\/b><\/td>\n<\/tr>\n<tr>\n<td>Resoluci\u00f3n<\/td>\n<td>0,1\u00a0\u00b0C<\/td>\n<\/tr>\n<tr>\n<td>Exactitud de medici\u00f3n humedad relativa del aire<\/td>\n<td>\u00b1 2 %<\/td>\n<\/tr>\n<tr>\n<td>Diodo l\u00e1ser<\/td>\n<td>Clase de l\u00e1ser 2, 635\u00a0nm<\/td>\n<\/tr>\n<tr>\n<td>Memoria de im\u00e1genes (n\u00famero de im\u00e1genes)<\/td>\n<td>&gt;200<\/td>\n<\/tr>\n<tr>\n<td>Tipo de memoria<\/td>\n<td>memoria interna<\/td>\n<\/tr>\n<tr>\n<td>Formato de archivo de imagen<\/td>\n<td>.jpg<\/td>\n<\/tr>\n<tr>\n<td>Transmisi\u00f3n de datos<\/td>\n<td>Micro USB, Bluetooth\u2122, Bluetooth\u2122 Smart<\/td>\n<\/tr>\n<tr>\n<td>Protecci\u00f3n contra golpes<\/td>\n<td>1\u00a0m<\/td>\n<\/tr>\n<tr>\n<td>Peso<\/td>\n<td>0,56\u00a0kg<\/td>\n<\/tr>\n<tr>\n<td>Dispositivos Android compatibles<\/td>\n<td>Smartphone a partir de Android 4.0, Tableta a partir de Android 4.0<\/td>\n<\/tr>\n<tr>\n<td>Dispositivos iOS compatibles<\/td>\n<td>iPad (a partir de la 3.\u00aa generaci\u00f3n), iPad Air (a partir de la 1.\u00aa generaci\u00f3n), iPad mini (a partir de la 1.\u00aa generaci\u00f3n), a partir de iPhone 4S<\/td>\n<\/tr>\n<tr>\n<td>Tipo de pantalla<\/td>\n<td>TFT LCD<\/td>\n<\/tr>\n<tr>\n<td>Tama\u00f1o de pantalla<\/td>\n<td>2,8&#8243;<\/td>\n<\/tr>\n<tr>\n<td>Temperatura de servicio<\/td>\n<td>-10 \u2013 50\u00a0\u00b0C<\/td>\n<\/tr>\n<tr>\n<td>Temperatura de almacenamiento<\/td>\n<td>-20 \u2013 70\u00a0\u00b0C<\/td>\n<\/tr>\n<tr>\n<td>Alcance<\/td>\n<td>0,1 \u2013 5\u00a0m<\/td>\n<\/tr>\n<\/tbody>\n<\/table>\n","protected":false},"excerpt":{"rendered":"<h3 class=\"headline hl4\">Mediciones precisas y registros de la temperatura superficial y de las condiciones ambientales<\/h3>\n<ul class=\"m-product_hightlights__list\">\n<li>La c\u00e1mara integrada muestra y documenta en im\u00e1genes instant\u00e1neamente los valores determinados<\/li>\n<li>Los datos se transfieren por Bluetooth\u00ae con la aplicaci\u00f3n Measuring Master para un almacenamiento sencillo y para poder compartir documentaci\u00f3n de alta calidad<\/li>\n<li>La tecnolog\u00eda Dual Power Source permite el uso tanto con bater\u00eda de litio de 12\u00a0V como con pilas alcalinas est\u00e1ndar<\/li>\n<\/ul>\n","protected":false},"featured_media":23574,"template":"","meta":{"_exactmetrics_skip_tracking":false,"_exactmetrics_sitenote_active":false,"_exactmetrics_sitenote_note":"","_exactmetrics_sitenote_category":0,"_monsterinsights_skip_tracking":false,"_monsterinsights_sitenote_active":false,"_monsterinsights_sitenote_note":"","_monsterinsights_sitenote_category":0},"product_brand":[],"product_cat":[326,260,331],"product_tag":[],"class_list":{"0":"post-23573","1":"product","2":"type-product","3":"status-publish","4":"has-post-thumbnail","6":"product_cat-bosch","7":"product_cat-detectores","8":"product_cat-detectores-y-camaras","10":"first","11":"instock","12":"shipping-taxable","13":"product-type-simple","14":"col-xxl","15":"col-xl-4","16":"col-lg-6","17":"col-sm-6"},"_links":{"self":[{"href":"https:\/\/kpn.com.uy\/web\/wp-json\/wp\/v2\/product\/23573","targetHints":{"allow":["GET"]}}],"collection":[{"href":"https:\/\/kpn.com.uy\/web\/wp-json\/wp\/v2\/product"}],"about":[{"href":"https:\/\/kpn.com.uy\/web\/wp-json\/wp\/v2\/types\/product"}],"wp:featuredmedia":[{"embeddable":true,"href":"https:\/\/kpn.com.uy\/web\/wp-json\/wp\/v2\/media\/23574"}],"wp:attachment":[{"href":"https:\/\/kpn.com.uy\/web\/wp-json\/wp\/v2\/media?parent=23573"}],"wp:term":[{"taxonomy":"product_brand","embeddable":true,"href":"https:\/\/kpn.com.uy\/web\/wp-json\/wp\/v2\/product_brand?post=23573"},{"taxonomy":"product_cat","embeddable":true,"href":"https:\/\/kpn.com.uy\/web\/wp-json\/wp\/v2\/product_cat?post=23573"},{"taxonomy":"product_tag","embeddable":true,"href":"https:\/\/kpn.com.uy\/web\/wp-json\/wp\/v2\/product_tag?post=23573"}],"curies":[{"name":"wp","href":"https:\/\/api.w.org\/{rel}","templated":true}]}}