{"id":23611,"date":"2020-10-07T11:15:42","date_gmt":"2020-10-07T14:15:42","guid":{"rendered":"https:\/\/kpn.com.uy\/web\/?post_type=product&#038;p=23611"},"modified":"2020-12-30T09:46:52","modified_gmt":"2020-12-30T12:46:52","slug":"i3xo-ecomapper-auv","status":"publish","type":"product","link":"https:\/\/kpn.com.uy\/web\/producto\/i3xo-ecomapper-auv\/","title":{"rendered":"i3XO EcoMapper AUV"},"content":{"rendered":"<p>Caracteristicas:<\/p>\n<ul>\n<li>Sistema desplegable por una persona<\/li>\n<li>Planificaci\u00f3n intuitiva de misiones Point and Click (patrones definidos por el usuario o predefinidos)<\/li>\n<li>Datos georeferenciados<\/li>\n<li>* Hasta 8 par\u00e1metros de calidad del agua (* 4 puertos de sensor, utilizando la sonda multiparametrica EXO1)<\/li>\n<li>Mapeo de fondos y perfiles de columnas de agua<\/li>\n<li>Profundidad operativa de hasta 100 metros<\/li>\n<li>Levantamientos completos de \u00e1reas extensas sin el uso de un bote<\/li>\n<\/ul>\n<p>Especificaciones:<\/p>\n<ul>\n<li>Procesador Intel Dual Core 1.6 GHz N2600 con MS Windows integrado;\u00a0Unidad de estado s\u00f3lido de hasta 512 GB para almacenamiento de datos, unidad de estado s\u00f3lido de hasta 512 GB para almacenamiento de datos<\/li>\n<li>Comunicaciones;\u00a0Superficie: radio de telemetr\u00eda de 2,4 GHz para control remoto de mano;\u00a0y \/ o Iridium con software de seguimiento basado en la nube.\u00a0Est\u00e1ndar Ethernet 802.11g inal\u00e1mbrico<\/li>\n<li>Navegaci\u00f3n;\u00a0Superficie: GPS (WAAS corregido).\u00a0Subsuelo: RDI Doppler Velocity Log (DVL) mirando hacia abajo, rango de 81M, sensor de profundidad y br\u00fajula corregida<\/li>\n<li>Motor de CC servocontrolado de 48 V con h\u00e9lice de bronce fundido de 3 palas<\/li>\n<li>Carga a trav\u00e9s de un conector externo de 24 V con soporte USB 2.0<\/li>\n<li>Cuatro planos de control independientes (Pitch \/ Yaw Fins)<\/li>\n<li>60 a 85 &#8220;de largo x 5,8&#8221; de di\u00e1metro, 59 a 85 libras de peso<\/li>\n<li>Fibra de carbono resistente y liviana y aluminio de grado marino<\/li>\n<li>Sistema de calidad de agua EXO integrado en arco y sensor de evitaci\u00f3n de objetos hacia adelante<\/li>\n<li>Sonar de barrido lateral;\u00a0450 kHz de frecuencia \u00fanica<\/li>\n<li>Detectores de humedad integrados<\/li>\n<li>Bater\u00edas de iones de litio, 800 WHrs, secci\u00f3n trasera de repuesto opcional con paquete de bater\u00edas adicional<\/li>\n<li>Rango de velocidad de 1-4 nudos, \u00edndice de profundidad de 100 metros<\/li>\n<li>8-10 horas de funcionamiento a 2,5 nudos<\/li>\n<li>Luces de navegaci\u00f3n, con infrarrojos y LED visibles (estrobosc\u00f3pico programable)<\/li>\n<\/ul>\n","protected":false},"excerpt":{"rendered":"<p>Combinaci\u00f3n\u00a0de veh\u00edculo submarino aut\u00f3nomo Iver3 y el\u00a0sistema de calidad del agua\u00a0YSI EXO\u00a0para crear el i3XO AUV.\u00a0El i3XO es la combinaci\u00f3n de lo \u00faltimo en calidad del agua y AUV combinados en una s\u00f3lida plataforma de monitoreo.<\/p>\n<p>El i3XO AUV proporcionar\u00e1 datos de calidad del agua de alta resoluci\u00f3n, im\u00e1genes de sonar de barrido lateral, perfiles de corriente descendentes y levantamientos batim\u00e9tricos.\u00a0Utilizado por agencias gubernamentales, militares, universidades, contratistas y organizaciones privadas, la versatilidad del i3XO es perfecta para todos sus requisitos de monitoreo.<\/p>\n<p>&nbsp;<\/p>\n","protected":false},"featured_media":23612,"template":"","meta":{"_exactmetrics_skip_tracking":false,"_exactmetrics_sitenote_active":false,"_exactmetrics_sitenote_note":"","_exactmetrics_sitenote_category":0,"_monsterinsights_skip_tracking":false,"_monsterinsights_sitenote_active":false,"_monsterinsights_sitenote_note":"","_monsterinsights_sitenote_category":0},"product_brand":[],"product_cat":[336,337,347,346],"product_tag":[],"class_list":{"0":"post-23611","1":"product","2":"type-product","3":"status-publish","4":"has-post-thumbnail","6":"product_cat-equipos-para-el-agua","7":"product_cat-area-ambiental-rubros","8":"product_cat-equipos-acuaticos","9":"product_cat-ysi","11":"first","12":"instock","13":"shipping-taxable","14":"product-type-simple","15":"col-xxl","16":"col-xl-4","17":"col-lg-6","18":"col-sm-6"},"_links":{"self":[{"href":"https:\/\/kpn.com.uy\/web\/wp-json\/wp\/v2\/product\/23611","targetHints":{"allow":["GET"]}}],"collection":[{"href":"https:\/\/kpn.com.uy\/web\/wp-json\/wp\/v2\/product"}],"about":[{"href":"https:\/\/kpn.com.uy\/web\/wp-json\/wp\/v2\/types\/product"}],"wp:featuredmedia":[{"embeddable":true,"href":"https:\/\/kpn.com.uy\/web\/wp-json\/wp\/v2\/media\/23612"}],"wp:attachment":[{"href":"https:\/\/kpn.com.uy\/web\/wp-json\/wp\/v2\/media?parent=23611"}],"wp:term":[{"taxonomy":"product_brand","embeddable":true,"href":"https:\/\/kpn.com.uy\/web\/wp-json\/wp\/v2\/product_brand?post=23611"},{"taxonomy":"product_cat","embeddable":true,"href":"https:\/\/kpn.com.uy\/web\/wp-json\/wp\/v2\/product_cat?post=23611"},{"taxonomy":"product_tag","embeddable":true,"href":"https:\/\/kpn.com.uy\/web\/wp-json\/wp\/v2\/product_tag?post=23611"}],"curies":[{"name":"wp","href":"https:\/\/api.w.org\/{rel}","templated":true}]}}