{"id":23618,"date":"2020-10-07T11:34:51","date_gmt":"2020-10-07T14:34:51","guid":{"rendered":"https:\/\/kpn.com.uy\/web\/?post_type=product&#038;p=23618"},"modified":"2020-12-30T09:46:02","modified_gmt":"2020-12-30T12:46:02","slug":"vehiculo-de-superficie-autonomo-hycat","status":"publish","type":"product","link":"https:\/\/kpn.com.uy\/web\/producto\/vehiculo-de-superficie-autonomo-hycat\/","title":{"rendered":"Veh\u00edculo de superficie aut\u00f3nomo HYCAT"},"content":{"rendered":"<p>Especificaciones:<\/p>\n<ul>\n<li>control de calidad de agua<\/li>\n<li>control de velocidad del agua<\/li>\n<li>medidor de profundidad<\/li>\n<li>sonda de barrido lateral<\/li>\n<li>adquisici\u00f3n remota de datos<\/li>\n<li>posicionamiento en tiempo real<\/li>\n<li>batimetr\u00eda<\/li>\n<\/ul>\n<p>&nbsp;<\/p>\n","protected":false},"excerpt":{"rendered":"<p>El veh\u00edculo aut\u00f3nomo de superficie (ASV) de HYCAT es el elemento m\u00e1s nuevo de las soluciones de supervisi\u00f3n remota y aut\u00f3noma de veh\u00edculos de la marca Xylem.\u00a0Desarrollado en asociaci\u00f3n por YSI y SeaRobotics\u00a0, este ASV \u00fanico combina productos de m\u00faltiples marcas para proporcionar una soluci\u00f3n total para su sitio.\u00a0Los sensores tienen capacidades plug-and-play, lo que permite que HYCAT se personalice seg\u00fan las necesidades espec\u00edficas de su sitio.\u00a0El HYCAT tambi\u00e9n se puede implementar f\u00e1cilmente con dos personas en ubicaciones remotas, sin requerir acceso de rampa \/ muelle.<\/p>\n","protected":false},"featured_media":23619,"template":"","meta":{"_exactmetrics_skip_tracking":false,"_exactmetrics_sitenote_active":false,"_exactmetrics_sitenote_note":"","_exactmetrics_sitenote_category":0,"_monsterinsights_skip_tracking":false,"_monsterinsights_sitenote_active":false,"_monsterinsights_sitenote_note":"","_monsterinsights_sitenote_category":0},"product_brand":[],"product_cat":[336,337,347,346],"product_tag":[],"class_list":{"0":"post-23618","1":"product","2":"type-product","3":"status-publish","4":"has-post-thumbnail","6":"product_cat-equipos-para-el-agua","7":"product_cat-area-ambiental-rubros","8":"product_cat-equipos-acuaticos","9":"product_cat-ysi","11":"first","12":"instock","13":"shipping-taxable","14":"product-type-simple","15":"col-xxl","16":"col-xl-4","17":"col-lg-6","18":"col-sm-6"},"_links":{"self":[{"href":"https:\/\/kpn.com.uy\/web\/wp-json\/wp\/v2\/product\/23618","targetHints":{"allow":["GET"]}}],"collection":[{"href":"https:\/\/kpn.com.uy\/web\/wp-json\/wp\/v2\/product"}],"about":[{"href":"https:\/\/kpn.com.uy\/web\/wp-json\/wp\/v2\/types\/product"}],"wp:featuredmedia":[{"embeddable":true,"href":"https:\/\/kpn.com.uy\/web\/wp-json\/wp\/v2\/media\/23619"}],"wp:attachment":[{"href":"https:\/\/kpn.com.uy\/web\/wp-json\/wp\/v2\/media?parent=23618"}],"wp:term":[{"taxonomy":"product_brand","embeddable":true,"href":"https:\/\/kpn.com.uy\/web\/wp-json\/wp\/v2\/product_brand?post=23618"},{"taxonomy":"product_cat","embeddable":true,"href":"https:\/\/kpn.com.uy\/web\/wp-json\/wp\/v2\/product_cat?post=23618"},{"taxonomy":"product_tag","embeddable":true,"href":"https:\/\/kpn.com.uy\/web\/wp-json\/wp\/v2\/product_tag?post=23618"}],"curies":[{"name":"wp","href":"https:\/\/api.w.org\/{rel}","templated":true}]}}