{"id":23636,"date":"2020-10-20T15:18:54","date_gmt":"2020-10-20T18:18:54","guid":{"rendered":"https:\/\/kpn.com.uy\/web\/?post_type=product&#038;p=23636"},"modified":"2020-12-29T16:02:02","modified_gmt":"2020-12-29T19:02:02","slug":"termometro-infrarrojo","status":"publish","type":"product","link":"https:\/\/kpn.com.uy\/web\/producto\/termometro-infrarrojo\/","title":{"rendered":"Term\u00f3metro Infrarrojo"},"content":{"rendered":"<p>Term\u00f3metro infrarrojo con Medidor de Mano.<br \/>\nMarca Apogee Instruments.<br \/>\nEspecificaciones:<\/p>\n<p>Campo de visi\u00f3n 22\u00b0 medio \u00e1ngulo.<br \/>\nPara monitorear la temperatura superficial en forma r\u00e1pida mediante la medici\u00f3n de la energ\u00eda<br \/>\nt\u00e9rmica irradiada desde cualquier superficie dentro de este campo de visi\u00f3n. Sensor completamente a prueba de intemperie, en alojamiento de aluminio anodizado.<\/p>\n<p>Incluye lector de mano con opci\u00f3n a descarga de datos a PC, ya sea de hasta 99 mediciones manuales como de 99 registros de logueo (programados para promedios diario).<\/p>\n<p>Dimensiones del lector 12,6 cm x 7 cm x 2,4 cm (largo x ancho x altura).<\/p>\n<p>Dimensiones del sensor: 2,3 cm de di\u00e1metro y 6 cm de largo.<\/p>\n<p>Peso 270 g.<\/p>\n<p>Calibrado desde -30\u00b0C a +65\u00b0C.<\/p>\n<p>Repetibilidad +\/- 0,1\u00b0C.<br \/>\nTiempo de respuesta 0,6 segundos.<\/p>\n<p>Incerteza de 0,3\u00b0C entre -20 y 65\u00b0C.<\/p>\n<p>Ventana de germanio de 8-14 micrometros.<\/p>\n<p>Incluye escudo protecci\u00f3n de radiaci\u00f3n y 2 m de cable.<\/p>\n","protected":false},"excerpt":{"rendered":"<p>Term\u00f3metro infrarrojo con Medidor de Mano. Marca Apogee Instruments. Especificaciones: Campo de visi\u00f3n 22\u00b0 medio \u00e1ngulo. Para monitorear la temperatura superficial en forma r\u00e1pida mediante la medici\u00f3n de<\/p>\n","protected":false},"featured_media":23635,"template":"","meta":{"_exactmetrics_skip_tracking":false,"_exactmetrics_sitenote_active":false,"_exactmetrics_sitenote_note":"","_exactmetrics_sitenote_category":0,"_monsterinsights_skip_tracking":false,"_monsterinsights_sitenote_active":false,"_monsterinsights_sitenote_note":"","_monsterinsights_sitenote_category":0},"product_brand":[],"product_cat":[337,342,106,345,340],"product_tag":[],"class_list":{"0":"post-23636","1":"product","2":"type-product","3":"status-publish","4":"has-post-thumbnail","6":"product_cat-area-ambiental-rubros","7":"product_cat-apogee","8":"product_cat-marcas","9":"product_cat-termometos","10":"product_cat-medidores","12":"first","13":"instock","14":"shipping-taxable","15":"product-type-simple","16":"col-xxl","17":"col-xl-4","18":"col-lg-6","19":"col-sm-6"},"_links":{"self":[{"href":"https:\/\/kpn.com.uy\/web\/wp-json\/wp\/v2\/product\/23636","targetHints":{"allow":["GET"]}}],"collection":[{"href":"https:\/\/kpn.com.uy\/web\/wp-json\/wp\/v2\/product"}],"about":[{"href":"https:\/\/kpn.com.uy\/web\/wp-json\/wp\/v2\/types\/product"}],"wp:featuredmedia":[{"embeddable":true,"href":"https:\/\/kpn.com.uy\/web\/wp-json\/wp\/v2\/media\/23635"}],"wp:attachment":[{"href":"https:\/\/kpn.com.uy\/web\/wp-json\/wp\/v2\/media?parent=23636"}],"wp:term":[{"taxonomy":"product_brand","embeddable":true,"href":"https:\/\/kpn.com.uy\/web\/wp-json\/wp\/v2\/product_brand?post=23636"},{"taxonomy":"product_cat","embeddable":true,"href":"https:\/\/kpn.com.uy\/web\/wp-json\/wp\/v2\/product_cat?post=23636"},{"taxonomy":"product_tag","embeddable":true,"href":"https:\/\/kpn.com.uy\/web\/wp-json\/wp\/v2\/product_tag?post=23636"}],"curies":[{"name":"wp","href":"https:\/\/api.w.org\/{rel}","templated":true}]}}