{"id":23637,"date":"2020-10-20T15:54:38","date_gmt":"2020-10-20T18:54:38","guid":{"rendered":"https:\/\/kpn.com.uy\/web\/?post_type=product&#038;p=23637"},"modified":"2020-12-29T16:09:27","modified_gmt":"2020-12-29T19:09:27","slug":"medidor-de-contenido-de-clorofila","status":"publish","type":"product","link":"https:\/\/kpn.com.uy\/web\/producto\/medidor-de-contenido-de-clorofila\/","title":{"rendered":"Medidor de contenido de Clorofila"},"content":{"rendered":"<p>Especificaciones:<\/p>\n<p>Dispositivo port\u00e1til, operado a bater\u00eda 9 VDC, para la determinaci\u00f3n r\u00e1pida y no destructiva de<br \/>\nla concentraci\u00f3n de clorofila en hojas intactas.<br \/>\nAplicaciones en evaluaci\u00f3n de stress ambiental, necesidad y eficiencia de fertilizaciones, optimizaci\u00f3n de cronogramas de cosecha, control de pestes, etc.<\/p>\n<p>Par\u00e1metros medidos:<br \/>\nrelaci\u00f3n entre la transmisi\u00f3n \u00f3ptica a 931 nm y 653 nm.<\/p>\n<p>Area de medici\u00f3n: 63,6 mm2 (di\u00e1metro 9 mm), 19,6 mm2 (di\u00e1metro 5 mm con reductor). Display de salida: \u00b5molde clorofila \/m2 de superficie de hoja, junto con salida CCI y SPAD.<\/p>\n<p>Combina todos los beneficios del medidor Opti-Sciences modelo CCM-200 Plus m\u00e1s la nueva habilidad de brindar una estimaci\u00f3n directa del contenido de clorofila en unidades de \u00b5mol clorofila por m2 de hoja.<br \/>\nResoluci\u00f3n +\/- 10 \u00b5mol\/m2, usando la ecuaci\u00f3n gen\u00e9rica. Tiempo de medici\u00f3n menor a 3 segundos.<\/p>\n<p>Linearidad +\/- 1%. Repetibilidad +\/-1%.<\/p>\n<p>Capacidad de almacenamiento de datos: 8MB para hasta 160.000 datos o hasta 94.000<br \/>\ndatos incluyendo entrada de coordenadas GPS.<\/p>\n<p>Display gr\u00e1fico de 50 mm por 15 mm, 8 botones para el control del instrumento y manipulaci\u00f3n<br \/>\nde los datos.<\/p>\n<p>Salida puerto mini USB paratransferencia de datos.<\/p>\n<p>Puerto RS-232 para conexi\u00f3n a GPS externo.<\/p>\n<p>Mediciones compensadas por variaciones en la temperatura en todo el rango.<\/p>\n<p>Temperatura operativa: 0-50\u00b0C.<\/p>\n<p>Alimentaci\u00f3n: bateria alcalina 9VDC.<br \/>\nDimensiones: 152 mm (largo) x 82 mm (ancho) x 25 mm (altura).<\/p>\n","protected":false},"excerpt":{"rendered":"<p>Modelo MC-100<\/p>\n","protected":false},"featured_media":23638,"template":"","meta":{"_exactmetrics_skip_tracking":false,"_exactmetrics_sitenote_active":false,"_exactmetrics_sitenote_note":"","_exactmetrics_sitenote_category":0,"_monsterinsights_skip_tracking":false,"_monsterinsights_sitenote_active":false,"_monsterinsights_sitenote_note":"","_monsterinsights_sitenote_category":0},"product_brand":[],"product_cat":[337,342,106,343,107,340],"product_tag":[],"class_list":{"0":"post-23637","1":"product","2":"type-product","3":"status-publish","4":"has-post-thumbnail","6":"product_cat-area-ambiental-rubros","7":"product_cat-apogee","8":"product_cat-marcas","9":"product_cat-medidores-apogee","10":"product_cat-rubros","11":"product_cat-medidores","13":"first","14":"instock","15":"shipping-taxable","16":"product-type-simple","17":"col-xxl","18":"col-xl-4","19":"col-lg-6","20":"col-sm-6"},"_links":{"self":[{"href":"https:\/\/kpn.com.uy\/web\/wp-json\/wp\/v2\/product\/23637","targetHints":{"allow":["GET"]}}],"collection":[{"href":"https:\/\/kpn.com.uy\/web\/wp-json\/wp\/v2\/product"}],"about":[{"href":"https:\/\/kpn.com.uy\/web\/wp-json\/wp\/v2\/types\/product"}],"wp:featuredmedia":[{"embeddable":true,"href":"https:\/\/kpn.com.uy\/web\/wp-json\/wp\/v2\/media\/23638"}],"wp:attachment":[{"href":"https:\/\/kpn.com.uy\/web\/wp-json\/wp\/v2\/media?parent=23637"}],"wp:term":[{"taxonomy":"product_brand","embeddable":true,"href":"https:\/\/kpn.com.uy\/web\/wp-json\/wp\/v2\/product_brand?post=23637"},{"taxonomy":"product_cat","embeddable":true,"href":"https:\/\/kpn.com.uy\/web\/wp-json\/wp\/v2\/product_cat?post=23637"},{"taxonomy":"product_tag","embeddable":true,"href":"https:\/\/kpn.com.uy\/web\/wp-json\/wp\/v2\/product_tag?post=23637"}],"curies":[{"name":"wp","href":"https:\/\/api.w.org\/{rel}","templated":true}]}}