{"id":23652,"date":"2020-10-26T17:14:29","date_gmt":"2020-10-26T20:14:29","guid":{"rendered":"https:\/\/kpn.com.uy\/web\/?post_type=product&#038;p=23652"},"modified":"2020-10-26T17:14:29","modified_gmt":"2020-10-26T20:14:29","slug":"zenmuse-p1","status":"publish","type":"product","link":"https:\/\/kpn.com.uy\/web\/producto\/zenmuse-p1\/","title":{"rendered":"Zenmuse P1"},"content":{"rendered":"<p>Equipado con un obturador mec\u00e1nico global y funciones como la captura oblicua inteligente y el mapping en tiempo real, est\u00e1 dise\u00f1ado para tareas de vuelos de fotogrametr\u00eda a gran escala llevando la eficacia y la precisi\u00f3n a un nuevo nivel. Combinado con el dron\u00a0DJI Matrice 300 RTK\u00a0puede obtener datos ortomosaicos de 10 km<sup>2<\/sup>\u00a0en 4 vuelos o 140 minutos. Para aplicaciones como Mapping topogr\u00e1fico, topograf\u00eda cadastral, AEC y topograf\u00eda, gesti\u00f3n de recursos naturales, investigaci\u00f3n geol\u00f3gica, modelos en zonas de desastres.<\/p>\n<ul>\n<li>Precisi\u00f3n sin GCPs: 3 cm horizontal y 5 cm vertical<\/li>\n<li>Alta eficiencia: 3 km<sup>2<\/sup>\u00a0en un \u00fanico vuelo<\/li>\n<li>Sensor Full-frame de 45MP<\/li>\n<li>Captura oblicua inteligente<\/li>\n<li>Obturador mec\u00e1nico global\u00a01\/2000 segundos<\/li>\n<li>TimeSync 2.0 a nivel de microsegundo<\/li>\n<\/ul>\n<h2 class=\"headline_ykE0fthV headline-text_300Emrjr aos-init aos-animate\" data-aos=\"fade-in\">M\u00faltiples opciones de \u00f3pticas fijas<\/h2>\n<ul>\n<li class=\"bullet-checkmark\">Obturador mec\u00e1nico global<\/li>\n<li class=\"bullet-checkmark\">Velocidad de obturador de 1\/2000 segundos<\/li>\n<li class=\"bullet-checkmark\">Env\u00eda el pulso de exposici\u00f3n mediano en microsegundos<\/li>\n<li class=\"bullet-checkmark\">Soporata \u00f3pticas de 24\/35\/50mm con DJI DL<\/li>\n<\/ul>\n","protected":false},"excerpt":{"rendered":"<p><strong>La c\u00e1mara\u00a0DJI Zenmuse P1\u00a0para el dron\u00a0Matrice 300 RTK\u00a0integra un sensor full-frame con \u00f3pticas de foco fijo intercambiables en un sistema estabilizado de 3 ejes.\u00a0<\/strong><\/p>\n","protected":false},"featured_media":23653,"template":"","meta":{"_exactmetrics_skip_tracking":false,"_exactmetrics_sitenote_active":false,"_exactmetrics_sitenote_note":"","_exactmetrics_sitenote_category":0,"_monsterinsights_skip_tracking":false,"_monsterinsights_sitenote_active":false,"_monsterinsights_sitenote_note":"","_monsterinsights_sitenote_category":0},"product_brand":[],"product_cat":[313,302],"product_tag":[],"class_list":{"0":"post-23652","1":"product","2":"type-product","3":"status-publish","4":"has-post-thumbnail","6":"product_cat-camaras-dji","7":"product_cat-dji","9":"first","10":"instock","11":"shipping-taxable","12":"product-type-simple","13":"col-xxl","14":"col-xl-4","15":"col-lg-6","16":"col-sm-6"},"_links":{"self":[{"href":"https:\/\/kpn.com.uy\/web\/wp-json\/wp\/v2\/product\/23652","targetHints":{"allow":["GET"]}}],"collection":[{"href":"https:\/\/kpn.com.uy\/web\/wp-json\/wp\/v2\/product"}],"about":[{"href":"https:\/\/kpn.com.uy\/web\/wp-json\/wp\/v2\/types\/product"}],"wp:featuredmedia":[{"embeddable":true,"href":"https:\/\/kpn.com.uy\/web\/wp-json\/wp\/v2\/media\/23653"}],"wp:attachment":[{"href":"https:\/\/kpn.com.uy\/web\/wp-json\/wp\/v2\/media?parent=23652"}],"wp:term":[{"taxonomy":"product_brand","embeddable":true,"href":"https:\/\/kpn.com.uy\/web\/wp-json\/wp\/v2\/product_brand?post=23652"},{"taxonomy":"product_cat","embeddable":true,"href":"https:\/\/kpn.com.uy\/web\/wp-json\/wp\/v2\/product_cat?post=23652"},{"taxonomy":"product_tag","embeddable":true,"href":"https:\/\/kpn.com.uy\/web\/wp-json\/wp\/v2\/product_tag?post=23652"}],"curies":[{"name":"wp","href":"https:\/\/api.w.org\/{rel}","templated":true}]}}