{"id":23687,"date":"2020-12-29T09:39:41","date_gmt":"2020-12-29T12:39:41","guid":{"rendered":"https:\/\/kpn.com.uy\/web\/?post_type=product&#038;p=23687"},"modified":"2020-12-29T15:58:40","modified_gmt":"2020-12-29T18:58:40","slug":"medidor-cuantico-de-espectro-completo","status":"publish","type":"product","link":"https:\/\/kpn.com.uy\/web\/producto\/medidor-cuantico-de-espectro-completo\/","title":{"rendered":"Medidor cu\u00e1ntico de espectro completo"},"content":{"rendered":"<p>Especificaciones:<\/p>\n<p><span class=\"product-information-value\">Menos del 10% de 412 a 682 nm \u00b1 5 nm<\/span><\/p>\n<p><span class=\"product-information-name\">Respuesta direccional (coseno)<\/span><span class=\"product-information-value\">\u00b1 5% en un \u00e1ngulo cenital de 75 \u02da<\/span><\/p>\n<p><span class=\"product-information-name\">Error de acimut<\/span><span class=\"product-information-value\">Menos del 0,5%<\/span><\/p>\n<p><span class=\"product-information-name\">Error de inclinaci\u00f3n<\/span><span class=\"product-information-value\">Menos del 0,5%<\/span><\/p>\n<p><span class=\"product-information-name\">Respuesta a la temperatura<\/span><span class=\"product-information-value\">-0,11 \u00b1 0,03% C\u02c9\u00b9<\/span><span class=\"product-information-name\">I<\/span><\/p>\n<p><span class=\"product-information-name\">ncertidumbre en el total diario<\/span><\/p>\n<p><span class=\"product-information-value\">Menos de 5 %<\/span><\/p>\n<p><span class=\"product-information-name\">Detector<\/span><span class=\"product-information-value\">Fotodiodo de silicio con realce azul<\/span><\/p>\n<p><span class=\"product-information-name\">Alojamiento<\/span><span class=\"product-information-value\">Cuerpo de aluminio anodizado con difusor acr\u00edlico<\/span><\/p>\n<p><span class=\"product-information-name\">Clasificaci\u00f3n del IP<\/span><span class=\"product-information-value\">IP68<\/span><\/p>\n<p><span class=\"product-information-name\">Entorno operativo<\/span><span class=\"product-information-value\">0 a 50 C, menos del 90% de humedad relativa sin condensaci\u00f3n hasta 30 C, menos del 70% de humedad relativa sin condensaci\u00f3n de 30 a 50 C, los sensores separados se pueden sumergir en agua hasta una profundidad de 30 m<\/span><\/p>\n<p><span class=\"product-information-name\">Dimensiones del medidor<\/span><span class=\"product-information-value\">126 mm de largo, 70 mm de ancho, 24 mm de alto<\/span><\/p>\n<p><span class=\"product-information-name\">Dimensiones del sensor<\/span><span class=\"product-information-value\">24 mm de di\u00e1metro, 37 mm de altura<\/span><\/p>\n<p><span class=\"product-information-name\">Masa<\/span><span class=\"product-information-value\">100 g (con 5 m de hilo conductor)<\/span><\/p>\n<p><span class=\"product-information-name\">Cable<\/span><span class=\"product-information-value\">2 m de cable apantallado de par trenzado con revestimiento de caucho santopreno (alta resistencia al agua, alta estabilidad a los rayos UV, flexibilidad en condiciones de fr\u00edo)<\/span><\/p>\n","protected":false},"excerpt":{"rendered":"<p>El medidor cu\u00e1ntico MQ-500 es la herramienta elegida por los cient\u00edficos de todo el mundo para medir con precisi\u00f3n la radiaci\u00f3n fotosint\u00e9ticamente activa de todas las fuentes de luz.\u00a0Tiene un medidor de mano, conectado mediante cable, que muestra y almacena las medidas.\u00a0El sensor incorpora un fotodiodo de silicio mejorado en azul y filtros \u00f3pticos personalizados con un dise\u00f1o de carcasa de sensor resistente y autolimpiante, cuerpo de aluminio anodizado con difusor acr\u00edlico.\u00a0Las aplicaciones t\u00edpicas incluyen la medici\u00f3n de PPFD sobre copas de plantas en entornos al aire libre, invernaderos y c\u00e1maras de crecimiento, y mediciones de PPFD reflejadas o bajo copas (transmitidas) en los mismos entornos.<\/p>\n<p>Los sensores cu\u00e1nticos tambi\u00e9n se utilizan para medir PAR \/ PPFD en entornos acu\u00e1ticos, incluidos los acuarios de agua salada donde se cultivan los corales.<\/p>\n","protected":false},"featured_media":23688,"template":"","meta":{"_exactmetrics_skip_tracking":false,"_exactmetrics_sitenote_active":false,"_exactmetrics_sitenote_note":"","_exactmetrics_sitenote_category":0,"_monsterinsights_skip_tracking":false,"_monsterinsights_sitenote_active":false,"_monsterinsights_sitenote_note":"","_monsterinsights_sitenote_category":0},"product_brand":[],"product_cat":[337,342,106,343,340],"product_tag":[],"class_list":{"0":"post-23687","1":"product","2":"type-product","3":"status-publish","4":"has-post-thumbnail","6":"product_cat-area-ambiental-rubros","7":"product_cat-apogee","8":"product_cat-marcas","9":"product_cat-medidores-apogee","10":"product_cat-medidores","12":"first","13":"instock","14":"shipping-taxable","15":"product-type-simple","16":"col-xxl","17":"col-xl-4","18":"col-lg-6","19":"col-sm-6"},"_links":{"self":[{"href":"https:\/\/kpn.com.uy\/web\/wp-json\/wp\/v2\/product\/23687","targetHints":{"allow":["GET"]}}],"collection":[{"href":"https:\/\/kpn.com.uy\/web\/wp-json\/wp\/v2\/product"}],"about":[{"href":"https:\/\/kpn.com.uy\/web\/wp-json\/wp\/v2\/types\/product"}],"wp:featuredmedia":[{"embeddable":true,"href":"https:\/\/kpn.com.uy\/web\/wp-json\/wp\/v2\/media\/23688"}],"wp:attachment":[{"href":"https:\/\/kpn.com.uy\/web\/wp-json\/wp\/v2\/media?parent=23687"}],"wp:term":[{"taxonomy":"product_brand","embeddable":true,"href":"https:\/\/kpn.com.uy\/web\/wp-json\/wp\/v2\/product_brand?post=23687"},{"taxonomy":"product_cat","embeddable":true,"href":"https:\/\/kpn.com.uy\/web\/wp-json\/wp\/v2\/product_cat?post=23687"},{"taxonomy":"product_tag","embeddable":true,"href":"https:\/\/kpn.com.uy\/web\/wp-json\/wp\/v2\/product_tag?post=23687"}],"curies":[{"name":"wp","href":"https:\/\/api.w.org\/{rel}","templated":true}]}}