{"id":23691,"date":"2020-12-29T09:46:43","date_gmt":"2020-12-29T12:46:43","guid":{"rendered":"https:\/\/kpn.com.uy\/web\/?post_type=product&#038;p=23691"},"modified":"2020-12-29T15:56:21","modified_gmt":"2020-12-29T18:56:21","slug":"medidor-cuantico-subacuatico-de-espectro-completo","status":"publish","type":"product","link":"https:\/\/kpn.com.uy\/web\/producto\/medidor-cuantico-subacuatico-de-espectro-completo\/","title":{"rendered":"Medidor cuantico subacuatico de espectro completo"},"content":{"rendered":"<p><span class=\"product-information-value\">Especificaciones:<\/span><\/p>\n<p><span class=\"product-information-value\">Menos del 0,5%<\/span><span class=\"product-information-name\">Error de inclinaci\u00f3n<\/span><\/p>\n<p><span class=\"product-information-value\">Menos del 0,5%<\/span><\/p>\n<p><span class=\"product-information-name\">Respuesta a la temperatura<\/span><span class=\"product-information-value\">-0,11 \u00b1 0,04% C\u02c9\u00b9<\/span><\/p>\n<p><span class=\"product-information-name\">Incertidumbre en los totales diarios<\/span><\/p>\n<p><span class=\"product-information-value\">Menos de 5 %<\/span><\/p>\n<p><span class=\"product-information-name\">Detector\u00a0<\/span><span class=\"product-information-value\">Fotodiodo de silicio realzado en azul<\/span><\/p>\n<p><span class=\"product-information-name\">Alojamiento\u00a0<\/span><span class=\"product-information-value\">Cuerpo de aluminio anodizado con difusor acr\u00edlico<\/span><\/p>\n<p><span class=\"product-information-name\">Clasificaci\u00f3n del IP<\/span><span class=\"product-information-value\">IP68<\/span><span class=\"product-information-name\">Entorno operativo<\/span><span class=\"product-information-value\">0 a 50 C, menos del 90% de humedad relativa sin condensaci\u00f3n hasta 30 C, menos del 70% de humedad relativa sin condensaci\u00f3n de 30 a 50 C;\u00a0Los sensores separados se pueden sumergir en agua hasta profundidades de 30 m<\/span><\/p>\n<p><span class=\"product-information-name\">Dimensiones del medidor<\/span><span class=\"product-information-value\">126 mm de largo, 70 mm de ancho, 24 mm ocho<\/span><\/p>\n<p><span class=\"product-information-name\">Dimensiones del sensor<\/span><span class=\"product-information-value\">24 mm de di\u00e1metro, 37 mm de altura<\/span><\/p>\n<p><span class=\"product-information-name\">Masa<\/span><span class=\"product-information-value\">180 g<\/span><\/p>\n<p><span class=\"product-information-name\">Cable<\/span><span class=\"product-information-value\">2 m de cable de par trenzado apantallado de dos conductores con cubierta de caucho santopreno (alta resistencia al agua, alta estabilidad a los rayos UV, flexibilidad en condiciones de fr\u00edo)<\/span><\/p>\n","protected":false},"excerpt":{"rendered":"<p>El medidor cu\u00e1ntico MQ-510 est\u00e1 dise\u00f1ado para mediciones PAR subacu\u00e1ticas y ya aplica el\u00a0<a href=\"https:\/\/www.apogeeinstruments.com\/underwater-par-measurements\/\">factor de correcci\u00f3n del efecto de inmersi\u00f3n<\/a>\u00a0del sensor\u00a0a las lecturas del medidor a trav\u00e9s del firmware.\u00a0El medidor proporciona excelentes mediciones en todas las fuentes de luz, incluidos los LED.\u00a0El medidor consiste en un sensor cu\u00e1ntico impermeable conectado a trav\u00e9s de un cable impermeable a un medidor de mano.\u00a0El sensor a prueba de agua incorpora un fotodiodo de silicio mejorado en azul y filtros \u00f3pticos personalizados con un cuerpo de aluminio anodizado resistente con difusor acr\u00edlico.\u00a0El sensor cu\u00e1ntico submarino se utiliza normalmente en acuarios de agua salada donde se cultivan corales.\u00a0Nota: El medidor de mano no es resistente al agua, solo el sensor y el cable son resistentes al agua.<\/p>\n<p>El medidor tiene un modo de muestra y registro, y registrar\u00e1 un total diario integrado en mol m\u00a0<sup>-2<\/sup>\u00a0\u00a0d\u00a0<sup>-1<\/sup>\u00a0.\u00a0El modo de muestra registrar\u00e1 hasta 99 mediciones manuales.\u00a0El modo de registro encender\u00e1 \/ apagar\u00e1 el medidor para realizar una medici\u00f3n cada 30 segundos.\u00a0Cada 30 minutos, el medidor promediar\u00e1 las sesenta mediciones de 30 segundos y registrar\u00e1 el valor promedio en la memoria.\u00a0El medidor puede almacenar hasta 99 promedios; una vez que est\u00e9 lleno, comenzar\u00e1 a sobrescribir la medici\u00f3n m\u00e1s antigua con otras nuevas.\u00a0Se registrar\u00e1 un total diario integrado a partir de las 48 mediciones promediadas (haciendo un per\u00edodo de 24 horas).\u00a0Las mediciones de muestras y registros se pueden revisar en la pantalla LCD o descargando los datos a una computadora; sin embargo, el total diario integrado solo se puede ver descargando los datos a una computadora.<\/p>\n","protected":false},"featured_media":23693,"template":"","meta":{"_exactmetrics_skip_tracking":false,"_exactmetrics_sitenote_active":false,"_exactmetrics_sitenote_note":"","_exactmetrics_sitenote_category":0,"_monsterinsights_skip_tracking":false,"_monsterinsights_sitenote_active":false,"_monsterinsights_sitenote_note":"","_monsterinsights_sitenote_category":0},"product_brand":[],"product_cat":[336,337,342,106,343],"product_tag":[],"class_list":{"0":"post-23691","1":"product","2":"type-product","3":"status-publish","4":"has-post-thumbnail","6":"product_cat-equipos-para-el-agua","7":"product_cat-area-ambiental-rubros","8":"product_cat-apogee","9":"product_cat-marcas","10":"product_cat-medidores-apogee","12":"first","13":"instock","14":"shipping-taxable","15":"product-type-simple","16":"col-xxl","17":"col-xl-4","18":"col-lg-6","19":"col-sm-6"},"_links":{"self":[{"href":"https:\/\/kpn.com.uy\/web\/wp-json\/wp\/v2\/product\/23691","targetHints":{"allow":["GET"]}}],"collection":[{"href":"https:\/\/kpn.com.uy\/web\/wp-json\/wp\/v2\/product"}],"about":[{"href":"https:\/\/kpn.com.uy\/web\/wp-json\/wp\/v2\/types\/product"}],"wp:featuredmedia":[{"embeddable":true,"href":"https:\/\/kpn.com.uy\/web\/wp-json\/wp\/v2\/media\/23693"}],"wp:attachment":[{"href":"https:\/\/kpn.com.uy\/web\/wp-json\/wp\/v2\/media?parent=23691"}],"wp:term":[{"taxonomy":"product_brand","embeddable":true,"href":"https:\/\/kpn.com.uy\/web\/wp-json\/wp\/v2\/product_brand?post=23691"},{"taxonomy":"product_cat","embeddable":true,"href":"https:\/\/kpn.com.uy\/web\/wp-json\/wp\/v2\/product_cat?post=23691"},{"taxonomy":"product_tag","embeddable":true,"href":"https:\/\/kpn.com.uy\/web\/wp-json\/wp\/v2\/product_tag?post=23691"}],"curies":[{"name":"wp","href":"https:\/\/api.w.org\/{rel}","templated":true}]}}