{"id":23697,"date":"2020-12-29T12:09:56","date_gmt":"2020-12-29T15:09:56","guid":{"rendered":"https:\/\/kpn.com.uy\/web\/?post_type=product&#038;p=23697"},"modified":"2020-12-29T15:54:32","modified_gmt":"2020-12-29T18:54:32","slug":"sensor-de-temperatura-de-hojas-y-yemas","status":"publish","type":"product","link":"https:\/\/kpn.com.uy\/web\/producto\/sensor-de-temperatura-de-hojas-y-yemas\/","title":{"rendered":"Sensor de temperatura de hojas y yemas"},"content":{"rendered":"<p>Especificaciones:<\/p>\n<div class=\"page-content\" data-product-container=\"\">\n<section class=\"module-product-tabs\">\n<div class=\"tab-content product-tabs-content\">\n<div class=\"layout-container\">\n<div id=\"product-tab-information\" class=\"tab-content-panel product-tabs-panel active\">\n<div class=\"product-information-block\">\n<div class=\"product-detail-item product-detail-customfield\"><span class=\"product-information-name\">Rango de medicion<\/span><span class=\"product-information-value\">-50 a 70 C<\/span><\/div>\n<div class=\"product-detail-item product-detail-customfield\"><span class=\"product-information-name\">Incertidumbre de medicion<\/span><span class=\"product-information-value\">0,1 C (de 0 a 70 C), 0,2 C (de -25 a 0 C), 0,4 C (de -50 a -25 C)<\/span><\/div>\n<div class=\"product-detail-item product-detail-customfield\"><span class=\"product-information-name\">Repetibilidad de la medici\u00f3n<\/span><\/div>\n<div class=\"product-detail-item product-detail-customfield\"><span class=\"product-information-value\">Menos de 0,05 C<\/span><\/div>\n<div class=\"product-detail-item product-detail-customfield\"><span class=\"product-information-name\">No estabilidad (deriva a largo plazo)<\/span><\/div>\n<div class=\"product-detail-item product-detail-customfield\"><span class=\"product-information-value\">Menos de 0,02 C por a\u00f1o (cuando se utiliza en entornos sin condensaci\u00f3n donde la temperatura media anual es inferior a 30 C; las temperaturas continuamente altas o los entornos continuamente h\u00famedos aumentan la tasa de deriva)<\/span><\/div>\n<div class=\"product-detail-item product-detail-customfield\"><span class=\"product-information-name\">Tiempo de equilibrio<\/span><span class=\"product-information-value\">10 s<\/span><\/div>\n<div class=\"product-detail-item product-detail-customfield\"><span class=\"product-information-name\">Auto-calentamiento\u00a0<\/span><span class=\"product-information-value\">Menos de 0,01 C (t\u00edpico, suponiendo una excitaci\u00f3n pulsada de 2,5 V CC), 0,08 C a 5 C (m\u00e1ximo, suponiendo una excitaci\u00f3n de entrada continua de 2,5 V CC)<\/span><\/div>\n<div class=\"product-detail-item product-detail-customfield\"><span class=\"product-information-name\">Entorno operativo<\/span><span class=\"product-information-value\">-50 a 70 C, 0 a 100% de humedad relativa<\/span><\/div>\n<div class=\"product-detail-item product-detail-customfield\"><span class=\"product-information-name\">Requisito de voltaje de entrada<\/span><\/div>\n<div class=\"product-detail-item product-detail-customfield\"><span class=\"product-information-value\">Excitaci\u00f3n de 2,5 V CC (recomendado)<\/span><\/div>\n<div class=\"product-detail-item product-detail-customfield\"><span class=\"product-information-name\">Rango de voltaje de salida<\/span><span class=\"product-information-value\">0 a 2,5 V CC (asumiendo una excitaci\u00f3n de entrada de 2,5 V CC)<\/span><\/div>\n<div class=\"product-detail-item product-detail-customfield\"><span class=\"product-information-name\">Drenaje actual<\/span><span class=\"product-information-value\">0,1 mA CC (por termistor) a 70 C (m\u00e1ximo, asumiendo una excitaci\u00f3n de entrada continua de 2,5 V CC)<\/span><\/div>\n<div class=\"product-detail-item product-detail-customfield\"><span class=\"product-information-name\">Dimensiones<\/span><span class=\"product-information-value\">570 mm de longitud, 21 mm de di\u00e1metro de tuber\u00eda, 7 mm de di\u00e1metro de disco<\/span><\/div>\n<div class=\"product-detail-item product-detail-customfield\"><span class=\"product-information-name\">Masa<\/span><span class=\"product-information-value\">400 g<\/span><\/div>\n<div class=\"product-detail-item product-detail-customfield\"><span class=\"product-information-name\">Cable<\/span><span class=\"product-information-value\">5 m de cable apantallado de par trenzado con revestimiento de caucho santopreno (alta resistencia al agua, alta estabilidad a los rayos UV, flexibilidad en condiciones de fr\u00edo), cable adicional disponible<\/span><\/div>\n<\/div>\n<\/div>\n<\/div>\n<\/div>\n<\/section>\n<\/div>\n<section class=\"products-related background-triangle-upper-left\"><\/section>\n","protected":false},"excerpt":{"rendered":"<p>El Sensor de temperatura de hojas y yemas tiene una salida de voltaje sin amplificar\u00a0\u00a0y un cable de alta calidad que termina en cables flexibles preesta\u00f1ados para una f\u00e1cil conexi\u00f3n a registradores de datos y controladores\u00a0.\u00a0El detector es una combinaci\u00f3n de dos sensores de temperatura (termistores de precisi\u00f3n) en una sola carcasa.\u00a0Un sensor est\u00e1 dise\u00f1ado para imitar una hoja de planta y el otro un capullo de flor.\u00a0El SF-110-SS proporciona aproximaciones cercanas a las temperaturas de las hojas y las yemas y tiene un rango de medici\u00f3n de temperatura de -50 a 70 C. Las aplicaciones t\u00edpicas incluyen estimaciones de la temperatura de las hojas y las yemas en campos cultivados, huertos y vi\u00f1edos.\u00a0Las temperaturas de las hojas y las yemas devueltas por el detector se pueden usar para alertar a los productores sobre el potencial de da\u00f1o por heladas a los cultivos.\u00a0El sensor incluye un conector de cable de acero inoxidable de grado marino IP68 a 30 cm de la cabeza para simplificar la extracci\u00f3n y el reemplazo del sensor para su mantenimiento y recalibraci\u00f3n.<\/p>\n<p>&nbsp;<\/p>\n","protected":false},"featured_media":23698,"template":"","meta":{"_exactmetrics_skip_tracking":false,"_exactmetrics_sitenote_active":false,"_exactmetrics_sitenote_note":"","_exactmetrics_sitenote_category":0,"_monsterinsights_skip_tracking":false,"_monsterinsights_sitenote_active":false,"_monsterinsights_sitenote_note":"","_monsterinsights_sitenote_category":0},"product_brand":[],"product_cat":[337,342,106,344,340],"product_tag":[],"class_list":{"0":"post-23697","1":"product","2":"type-product","3":"status-publish","4":"has-post-thumbnail","6":"product_cat-area-ambiental-rubros","7":"product_cat-apogee","8":"product_cat-marcas","9":"product_cat-sensores","10":"product_cat-medidores","12":"first","13":"instock","14":"shipping-taxable","15":"product-type-simple","16":"col-xxl","17":"col-xl-4","18":"col-lg-6","19":"col-sm-6"},"_links":{"self":[{"href":"https:\/\/kpn.com.uy\/web\/wp-json\/wp\/v2\/product\/23697","targetHints":{"allow":["GET"]}}],"collection":[{"href":"https:\/\/kpn.com.uy\/web\/wp-json\/wp\/v2\/product"}],"about":[{"href":"https:\/\/kpn.com.uy\/web\/wp-json\/wp\/v2\/types\/product"}],"wp:featuredmedia":[{"embeddable":true,"href":"https:\/\/kpn.com.uy\/web\/wp-json\/wp\/v2\/media\/23698"}],"wp:attachment":[{"href":"https:\/\/kpn.com.uy\/web\/wp-json\/wp\/v2\/media?parent=23697"}],"wp:term":[{"taxonomy":"product_brand","embeddable":true,"href":"https:\/\/kpn.com.uy\/web\/wp-json\/wp\/v2\/product_brand?post=23697"},{"taxonomy":"product_cat","embeddable":true,"href":"https:\/\/kpn.com.uy\/web\/wp-json\/wp\/v2\/product_cat?post=23697"},{"taxonomy":"product_tag","embeddable":true,"href":"https:\/\/kpn.com.uy\/web\/wp-json\/wp\/v2\/product_tag?post=23697"}],"curies":[{"name":"wp","href":"https:\/\/api.w.org\/{rel}","templated":true}]}}