{"id":23699,"date":"2020-12-29T14:38:13","date_gmt":"2020-12-29T17:38:13","guid":{"rendered":"https:\/\/kpn.com.uy\/web\/?post_type=product&#038;p=23699"},"modified":"2020-12-29T15:52:31","modified_gmt":"2020-12-29T18:52:31","slug":"sensor-de-oxigeno-con-medidor-de-mano","status":"publish","type":"product","link":"https:\/\/kpn.com.uy\/web\/producto\/sensor-de-oxigeno-con-medidor-de-mano\/","title":{"rendered":"Sensor de oxigeno con medidor de mano"},"content":{"rendered":"<p>&nbsp;<\/p>\n<div class=\"product-detail-item product-detail-customfield\"><span class=\"product-information-name\">Especificaciones: <\/span><\/div>\n<div class=\"product-detail-item product-detail-customfield\"><span class=\"product-information-name\">Rango de medicion<\/span><span class=\"product-information-value\">0 a 100% O\u2082<\/span><\/div>\n<div class=\"product-detail-item product-detail-customfield\"><span class=\"product-information-name\">Repetibilidad de la medici\u00f3n<\/span><span class=\"product-information-value\">\u00b1 0,1% al 20,9% O\u2082<\/span><\/div>\n<div class=\"product-detail-item product-detail-customfield\"><span class=\"product-information-name\">No linealidad\u00a0<\/span><span class=\"product-information-value\">Menos que 1 %<\/span><\/div>\n<div class=\"product-detail-item product-detail-customfield\"><span class=\"product-information-name\">Tasa de consumo de ox\u00edgeno<\/span><span class=\"product-information-value\">0,1 \u00b5mol de O\u2082 por d\u00eda a 20,9% de O\u2082 y 23 C<\/span><\/div>\n<div class=\"product-detail-item product-detail-customfield\"><span class=\"product-information-name\">Tiempo de respuesta<\/span><span class=\"product-information-value\">14 s (tiempo necesario para leer el 90% de la respuesta saturada)<\/span><\/div>\n<div class=\"product-detail-item product-detail-customfield\"><span class=\"product-information-name\">Entorno operativo<\/span><span class=\"product-information-value\">0 a 50 C, menos del 90% de humedad relativa sin condensaci\u00f3n hasta 30 C, menos del 70% de humedad relativa sin condensaci\u00f3n de 30 a 50 C, 60 a 140 kPa<\/span><\/div>\n<div class=\"product-detail-item product-detail-customfield\"><span class=\"product-information-name\">Dimensiones del medidor\u00a0<\/span><span class=\"product-information-value\">12,6 cm de largo, 7,0 cm de ancho, 2,4 cm de alto<\/span><\/div>\n<div class=\"product-detail-item product-detail-customfield\"><span class=\"product-information-name\">Dimensiones del sensor\u00a0<\/span><span class=\"product-information-value\">3,2 cm de di\u00e1metro, 6,8 cm de longitud<\/span><\/div>\n<div class=\"product-detail-item product-detail-customfield\"><span class=\"product-information-name\">Masa<\/span><span class=\"product-information-value\">210 g<\/span><\/div>\n<div class=\"product-detail-item product-detail-customfield\"><span class=\"product-information-name\">Cable<\/span><span class=\"product-information-value\">2 m de cable de par trenzado apantallado de dos conductores con cubierta de caucho santopreno (alta resistencia al agua, alta estabilidad a los rayos UV, flexibilidad en condiciones de fr\u00edo), cable adicional disponible<\/span><\/div>\n","protected":false},"excerpt":{"rendered":"<div class=\"page-content\" data-product-container=\"\"><\/div>\n<section class=\"products-related background-triangle-upper-left\">\n<div class=\"layout-container\">\n<p>El Sensor de oxigeno con medidor de mano est\u00e1 dise\u00f1ado para medir de 0 a 100% de ox\u00edgeno y est\u00e1 conectado a un medidor de mano mediante un cable que muestra y almacena las mediciones.\u00a0El amplio rango de medici\u00f3n permite su uso para aplicaciones en el suelo o en el laboratorio con los accesorios de cabezal de difusi\u00f3n o flujo continuo.\u00a0El sensor est\u00e1 alojado en un cuerpo de polipropileno y la electr\u00f3nica est\u00e1 completamente encapsulada.\u00a0Las aplicaciones t\u00edpicas incluyen la medici\u00f3n de O\u00a0<sub>2<\/sub>\u00a0en experimentos de laboratorio, monitoreo de O\u00a0<sub>2<\/sub>\u00a0gaseoso\u00a0, en ambientes interiores para control clim\u00e1tico, monitoreo de\u00a0niveles\u00a0de O\u00a0<sub>2<\/sub>\u00a0en pilas de compost y relaves de minas, monitoreo del potencial redox en suelos y determinaci\u00f3n de tasas de respiraci\u00f3n a trav\u00e9s de la medici\u00f3n de O\u00a0<sub>2<\/sub>\u00a0consumo en c\u00e1maras selladas, o medici\u00f3n de O\u00a0<sub>2<\/sub>gradiente en suelo \/ medios porosos.<\/p>\n<p>El medidor tiene un modo de muestra y registro, y registrar\u00e1 un valor diario promedio.\u00a0El modo de muestra registrar\u00e1 hasta 99 mediciones manuales.\u00a0El modo de registro encender\u00e1 \/ apagar\u00e1 el medidor para realizar una medici\u00f3n cada 30 segundos.\u00a0Cada 30 minutos, el medidor promediar\u00e1 las sesenta mediciones de 30 segundos y registrar\u00e1 el valor promedio en la memoria.\u00a0El medidor puede almacenar hasta 99 promedios; una vez que est\u00e9 lleno, comenzar\u00e1 a sobrescribir la medici\u00f3n m\u00e1s antigua con otras nuevas.\u00a0Se registrar\u00e1 un valor diario promedio a partir de las 48 mediciones promediadas (haciendo un per\u00edodo de 24 horas).\u00a0Las mediciones de muestra y registro se pueden revisar en la pantalla LCD o descargando los datos a una computadora; sin embargo, el valor diario promedio solo se puede ver al descargar los datos a una computadora.<\/p>\n<\/div>\n<\/section>\n","protected":false},"featured_media":23700,"template":"","meta":{"_exactmetrics_skip_tracking":false,"_exactmetrics_sitenote_active":false,"_exactmetrics_sitenote_note":"","_exactmetrics_sitenote_category":0,"_monsterinsights_skip_tracking":false,"_monsterinsights_sitenote_active":false,"_monsterinsights_sitenote_note":"","_monsterinsights_sitenote_category":0},"product_brand":[],"product_cat":[336,337,342,106,344,340],"product_tag":[],"class_list":{"0":"post-23699","1":"product","2":"type-product","3":"status-publish","4":"has-post-thumbnail","6":"product_cat-equipos-para-el-agua","7":"product_cat-area-ambiental-rubros","8":"product_cat-apogee","9":"product_cat-marcas","10":"product_cat-sensores","11":"product_cat-medidores","13":"first","14":"instock","15":"shipping-taxable","16":"product-type-simple","17":"col-xxl","18":"col-xl-4","19":"col-lg-6","20":"col-sm-6"},"_links":{"self":[{"href":"https:\/\/kpn.com.uy\/web\/wp-json\/wp\/v2\/product\/23699","targetHints":{"allow":["GET"]}}],"collection":[{"href":"https:\/\/kpn.com.uy\/web\/wp-json\/wp\/v2\/product"}],"about":[{"href":"https:\/\/kpn.com.uy\/web\/wp-json\/wp\/v2\/types\/product"}],"wp:featuredmedia":[{"embeddable":true,"href":"https:\/\/kpn.com.uy\/web\/wp-json\/wp\/v2\/media\/23700"}],"wp:attachment":[{"href":"https:\/\/kpn.com.uy\/web\/wp-json\/wp\/v2\/media?parent=23699"}],"wp:term":[{"taxonomy":"product_brand","embeddable":true,"href":"https:\/\/kpn.com.uy\/web\/wp-json\/wp\/v2\/product_brand?post=23699"},{"taxonomy":"product_cat","embeddable":true,"href":"https:\/\/kpn.com.uy\/web\/wp-json\/wp\/v2\/product_cat?post=23699"},{"taxonomy":"product_tag","embeddable":true,"href":"https:\/\/kpn.com.uy\/web\/wp-json\/wp\/v2\/product_tag?post=23699"}],"curies":[{"name":"wp","href":"https:\/\/api.w.org\/{rel}","templated":true}]}}