{"id":23726,"date":"2021-01-04T14:47:07","date_gmt":"2021-01-04T17:47:07","guid":{"rendered":"https:\/\/kpn.com.uy\/web\/?post_type=product&#038;p=23726"},"modified":"2021-01-04T14:47:07","modified_gmt":"2021-01-04T17:47:07","slug":"sonda-multiparametrica-aml-6","status":"publish","type":"product","link":"https:\/\/kpn.com.uy\/web\/producto\/sonda-multiparametrica-aml-6\/","title":{"rendered":"Sonda Multiparametrica AML-6"},"content":{"rendered":"<pre id=\"tw-target-text\" class=\"tw-data-text tw-text-large XcVN5d tw-ta\" dir=\"ltr\" data-placeholder=\"Traducci\u00f3n\"><span lang=\"es\">El AML-6 viene en el AML-6 LGR y el AML-6 RT. Mientras\r\ncasi id\u00e9nticas en tama\u00f1o y factor de forma, las dos configuraciones\r\ndifieren en algunas caracter\u00edsticas clave que los especializan por su\r\nrespectivas aplicaciones:\r\n\r\n\u2022 La designaci\u00f3n LGR (es decir, AML-6 LGR) se autoalimenta a trav\u00e9s de un\r\nbater\u00eda interna recargable y tienen un encendido \/ apagado mec\u00e1nico\r\ncambiar adyacente a su grillete. Estos instrumentos son m\u00e1s\r\ncom\u00fanmente utilizado para aplicaciones de perfiles multiparam\u00e9tricos y\r\nregistrar internamente las mediciones del sensor y transferir datos despu\u00e9s de la implementaci\u00f3n.\r\n\r\n\u2022 La designaci\u00f3n RT (es decir, AML-6 RT) datos de flujo mientras est\u00e1 in situ\r\n(aunque tambi\u00e9n tienen la capacidad de registrar datos internamente).\r\nSe facilita el poder y la comunicaci\u00f3n a estos instrumentos\r\na trav\u00e9s de un conector a prueba de agua ubicado junto al grillete.\r\nEstos instrumentos dependen de la alimentaci\u00f3n externa para su funcionamiento y\r\nla aplicaci\u00f3n de este poder enciende el instrumento en lugar de\r\nun interruptor mec\u00e1nico Estos instrumentos se utilizan com\u00fanmente en\r\naplicaciones amarradas, boyas, observatorios submarinos y\r\nROV.<\/span><\/pre>\n","protected":false},"excerpt":{"rendered":"<p><span lang=\"es\">La serie de instrumentos AML-6 es una familia altamente configurable de sondas multiparam\u00e9tricas dise\u00f1adas para una amplia gama de datos aplicaciones de cobranza. La designaci\u00f3n &#8220;6&#8221; se refiere al n\u00famero de sensores de la serie X2 que se pueden instalar simult\u00e1neamente en la tapa del instrumento. Se pueden conectar sensores adicionales externamente, permitiendo hasta 8 sensores en total<\/span><\/p>\n","protected":false},"featured_media":23727,"template":"","meta":{"_exactmetrics_skip_tracking":false,"_exactmetrics_sitenote_active":false,"_exactmetrics_sitenote_note":"","_exactmetrics_sitenote_category":0,"_monsterinsights_skip_tracking":false,"_monsterinsights_sitenote_active":false,"_monsterinsights_sitenote_note":"","_monsterinsights_sitenote_category":0},"product_brand":[],"product_cat":[336,337],"product_tag":[],"class_list":{"0":"post-23726","1":"product","2":"type-product","3":"status-publish","4":"has-post-thumbnail","6":"product_cat-equipos-para-el-agua","7":"product_cat-area-ambiental-rubros","9":"first","10":"instock","11":"shipping-taxable","12":"product-type-simple","13":"col-xxl","14":"col-xl-4","15":"col-lg-6","16":"col-sm-6"},"_links":{"self":[{"href":"https:\/\/kpn.com.uy\/web\/wp-json\/wp\/v2\/product\/23726","targetHints":{"allow":["GET"]}}],"collection":[{"href":"https:\/\/kpn.com.uy\/web\/wp-json\/wp\/v2\/product"}],"about":[{"href":"https:\/\/kpn.com.uy\/web\/wp-json\/wp\/v2\/types\/product"}],"wp:featuredmedia":[{"embeddable":true,"href":"https:\/\/kpn.com.uy\/web\/wp-json\/wp\/v2\/media\/23727"}],"wp:attachment":[{"href":"https:\/\/kpn.com.uy\/web\/wp-json\/wp\/v2\/media?parent=23726"}],"wp:term":[{"taxonomy":"product_brand","embeddable":true,"href":"https:\/\/kpn.com.uy\/web\/wp-json\/wp\/v2\/product_brand?post=23726"},{"taxonomy":"product_cat","embeddable":true,"href":"https:\/\/kpn.com.uy\/web\/wp-json\/wp\/v2\/product_cat?post=23726"},{"taxonomy":"product_tag","embeddable":true,"href":"https:\/\/kpn.com.uy\/web\/wp-json\/wp\/v2\/product_tag?post=23726"}],"curies":[{"name":"wp","href":"https:\/\/api.w.org\/{rel}","templated":true}]}}