{"id":23744,"date":"2021-03-16T12:02:26","date_gmt":"2021-03-16T15:02:26","guid":{"rendered":"https:\/\/kpn.com.uy\/web\/?post_type=product&#038;p=23744"},"modified":"2021-04-21T13:54:25","modified_gmt":"2021-04-21T16:54:25","slug":"moba-matic-big-sonic-ski","status":"publish","type":"product","link":"https:\/\/kpn.com.uy\/web\/producto\/moba-matic-big-sonic-ski\/","title":{"rendered":"MOBA-MATIC &#038; BIG SONIC-SKI"},"content":{"rendered":"<ul>\n<li>VENTAJAS:<br \/>\nAumento de la eficiencia mediante el control totalmente autom\u00e1tico de la regla<br \/>\nResultados de nivelaci\u00f3n de alta precisi\u00f3n<br \/>\nFuncionamiento universal en todo tipo de extendedoras<br \/>\nFlexibilidad de aplicaci\u00f3n gracias a la mayor selecci\u00f3n de sensores CAN<br \/>\nDise\u00f1o ergon\u00f3mico e intuitivo de 4 botones<br \/>\nPosibilidad de actualizaciones rentables gracias a la excepcional modularidad<\/li>\n<\/ul>\n","protected":false},"excerpt":{"rendered":"[maxbutton id=\"1\" url=\"https:\/\/drive.google.com\/file\/d\/1uOdYmYKOhwmOSidr3KFCjHkjvIneg0qC\/view?usp=sharing\" ]\n<p>&nbsp;<\/p>\n<ul>\n<li>\n<p style=\"text-align: left;\">EL SISTEMA DE NIVELACI\u00d3N M\u00c1S FLEXIBLE DEL MUNDO PARA LA CONSTRUCCI\u00d3N DE CARRETERAS:<\/p>\n<p>Sistema modular de control de espesor para terminadoras de asfalto, modelo Big Sonic Ski, producido por producido por MOBA Mobile Automation AG, de Limburg, Alemania. Se trata de un sistema que determina la elevaci\u00f3n de la plancha mediante la promediaci\u00f3n de la lectura de tres sensores ultras\u00f3nicos (sin contacto) montados sobre un sistema de soporte modular de 9 o 13 metros de longitud.<\/p>\n<p>Cada sensor Sonic Ski Plus en s\u00ed mismo est\u00e1 compuesto por cinco emisores de ultrasonido que promedian la superficie sobre la que toman lectura. Tambi\u00e9n reconocen y eliminan las lecturas correspondientes a aquellos obst\u00e1culos, como piedras sueltas por ejemplo, que pueden crear falsas elevaciones, generando una superficie totalmente pareja.<\/p>\n<p>La combinaci\u00f3n de tres sensores Sonic Ski Plus hace posible entonces el sensado de una secci\u00f3n mayor de terreno, a espacios variables. El sistema MOBA-matic calcula un valor promedio a partir de \u00e9stas mediciones y deduce un nivel de referencia virtual. Esto brinda la ventaja adicional de que las ondulaciones longitudinales de capas existentes de pavimento son promediadas, generando una superficie de pavimento nuevo totalmente suave y uniforme.<\/p>\n<p>Este sistema permite trabajar sobre casi cualquier superficie, independientemente de su condici\u00f3n, sin necesidad de ninguna referencia adicional. Hace tambi\u00e9n posible el sensado simult\u00e1neo por delante y por detr\u00e1s de la m\u00e1quina.<\/p>\n<p>El sistema de montaje mec\u00e1nico es una viga modular con gran flexibilidad de configuraci\u00f3n, que hace posible su adaptaci\u00f3n a diferentes aplicaciones y condiciones de trabajo. Adem\u00e1s de sus longitudes est\u00e1ndar de 9 o 13 metros, su composici\u00f3n en m\u00f3dulos hace posible extenderla a voluntad. Es lo suficientemente manuable para ser montada por una s\u00f3la persona, afirm\u00e1ndose mediante dos grampas que la sujetan al brazo de arrastre de la plancha. Los sensores pueden deslizarse libremente a lo largo de la viga, y fijarse en las posiciones deseadas de acuerdo a las condiciones de operaci\u00f3n. Otra destacable caracter\u00edstica es que los brazos soporte de los sensores de ambos extremos pueden girarse hacia adentro o afuera de viga, haciendo posible que el sistema sea usado tambi\u00e9n en tramos de curvas.<\/p>\n<p>El resultado: una superficie completamente uniforme!!<\/p>\n<p>[playlist type=\"video\" ids=\"23916\"]<\/li>\n<\/ul>\n","protected":false},"featured_media":23745,"template":"","meta":{"_exactmetrics_skip_tracking":false,"_exactmetrics_sitenote_active":false,"_exactmetrics_sitenote_note":"","_exactmetrics_sitenote_category":0,"_monsterinsights_skip_tracking":false,"_monsterinsights_sitenote_active":false,"_monsterinsights_sitenote_note":"","_monsterinsights_sitenote_category":0},"product_brand":[],"product_cat":[354,255,254,352],"product_tag":[],"class_list":{"0":"post-23744","1":"product","2":"type-product","3":"status-publish","4":"has-post-thumbnail","6":"product_cat-calidad-en-la-pavimentacion","7":"product_cat-control-de-maquinaria","8":"product_cat-moba-marcas","9":"product_cat-pavimentacion-2d-construccion-de-carreteras","11":"first","12":"instock","13":"shipping-taxable","14":"product-type-simple","15":"col-xxl","16":"col-xl-4","17":"col-lg-6","18":"col-sm-6"},"_links":{"self":[{"href":"https:\/\/kpn.com.uy\/web\/wp-json\/wp\/v2\/product\/23744","targetHints":{"allow":["GET"]}}],"collection":[{"href":"https:\/\/kpn.com.uy\/web\/wp-json\/wp\/v2\/product"}],"about":[{"href":"https:\/\/kpn.com.uy\/web\/wp-json\/wp\/v2\/types\/product"}],"wp:featuredmedia":[{"embeddable":true,"href":"https:\/\/kpn.com.uy\/web\/wp-json\/wp\/v2\/media\/23745"}],"wp:attachment":[{"href":"https:\/\/kpn.com.uy\/web\/wp-json\/wp\/v2\/media?parent=23744"}],"wp:term":[{"taxonomy":"product_brand","embeddable":true,"href":"https:\/\/kpn.com.uy\/web\/wp-json\/wp\/v2\/product_brand?post=23744"},{"taxonomy":"product_cat","embeddable":true,"href":"https:\/\/kpn.com.uy\/web\/wp-json\/wp\/v2\/product_cat?post=23744"},{"taxonomy":"product_tag","embeddable":true,"href":"https:\/\/kpn.com.uy\/web\/wp-json\/wp\/v2\/product_tag?post=23744"}],"curies":[{"name":"wp","href":"https:\/\/api.w.org\/{rel}","templated":true}]}}