{"id":23748,"date":"2021-03-16T12:37:36","date_gmt":"2021-03-16T15:37:36","guid":{"rendered":"https:\/\/kpn.com.uy\/web\/?post_type=product&#038;p=23748"},"modified":"2021-03-16T12:47:48","modified_gmt":"2021-03-16T15:47:48","slug":"moba-3d-matic","status":"publish","type":"product","link":"https:\/\/kpn.com.uy\/web\/producto\/moba-3d-matic\/","title":{"rendered":"MOBA PAVIMENTACI\u00d3N 3D"},"content":{"rendered":"<div id=\"c11193\" class=\"frame frame-default frame-type-text frame-layout-0 frame-background-none frame-no-backgroundimage frame-space-before-small frame-space-after-small\">\n<div class=\"frame-container\">\n<div class=\"frame-inner\">\n<h2><strong>LA\u00a0SOLUCI\u00d3N INTUITIVA PARA LA\u00a0PAVIMENTACI\u00d3N DE ASFALTO\u00a0EN 3D<\/strong><\/h2>\n<p class=\"text-justify\"><small>El sistema de pavimentaci\u00f3n 3D para extendedoras de asfalto es la ayuda ideal para la construcci\u00f3n de carreteras duraderas con una planimetr\u00eda absoluta.\u00a0El sistema 3D tiene como objetivo la pavimentaci\u00f3n de alta calidad. Controla la pavimentaci\u00f3n\u00a0con una precisi\u00f3n excepcional y compara los valores en tiempo real con un archivo de dise\u00f1o 3D previamente importado al sistema. El operador recibe informaci\u00f3n directa en la pantalla sobre los valores establecidos y reales de la altura y la inclinaci\u00f3n, pudiendo\u00a0reaccionar r\u00e1pidamente a los cambios. Al utilizar formatos de archivo abiertos para importar\u00a0archivos de dise\u00f1o, la pavimentaci\u00f3n 3D puede integrarse perfectamente en el proceso de estudio y dise\u00f1o existente.<\/small><\/p>\n<\/div>\n<\/div>\n<\/div>\n<div class=\"container\"><\/div>\n","protected":false},"excerpt":{"rendered":"<p>&nbsp;<\/p>\n<h4>ABSOLUTA PRECISI\u00d3N EN CADA PAVIMENTO<\/h4>\n<h2 class=\"productheader\">PAVIMENTACI\u00d3N 3D MOBA<\/h2>\n<p class=\"text-justify\">Las normas de calidad cada vez m\u00e1s exigentes\u00a0en la construcci\u00f3n de carreteras requieren nuevas tecnolog\u00edas para lograr resultados de pavimentaci\u00f3n a\u00fan mejores. Los constructores se enfrentan a nuevos desaf\u00edos, en particular durante proyectos complejos que requieren muchos cambios de pendiente sin referencia o uniformidad absoluta en toda la superficie. La intuitiva soluci\u00f3n de pavimentaci\u00f3n y fresado de asfalto en 3D funciona con archivos de dise\u00f1o que se pueden importar al sistema\u00a0y con una precisa tecnolog\u00eda de sensores 3D para superar con facilidad los desaf\u00edos m\u00e1s complejos. Al utilizar una estaci\u00f3n total como referencia virtual, ya no es necesario utilizar referencias f\u00edsicas. Esto aumenta la fiabilidad del proceso y da lugar a un ahorro de tiempo considerable.<\/p>\n","protected":false},"featured_media":23750,"template":"","meta":{"_exactmetrics_skip_tracking":false,"_exactmetrics_sitenote_active":false,"_exactmetrics_sitenote_note":"","_exactmetrics_sitenote_category":0,"_monsterinsights_skip_tracking":false,"_monsterinsights_sitenote_active":false,"_monsterinsights_sitenote_note":"","_monsterinsights_sitenote_category":0},"product_brand":[],"product_cat":[255,254,353],"product_tag":[],"class_list":{"0":"post-23748","1":"product","2":"type-product","3":"status-publish","4":"has-post-thumbnail","6":"product_cat-control-de-maquinaria","7":"product_cat-moba-marcas","8":"product_cat-pavimentacion-3d","10":"first","11":"instock","12":"shipping-taxable","13":"product-type-simple","14":"col-xxl","15":"col-xl-4","16":"col-lg-6","17":"col-sm-6"},"_links":{"self":[{"href":"https:\/\/kpn.com.uy\/web\/wp-json\/wp\/v2\/product\/23748","targetHints":{"allow":["GET"]}}],"collection":[{"href":"https:\/\/kpn.com.uy\/web\/wp-json\/wp\/v2\/product"}],"about":[{"href":"https:\/\/kpn.com.uy\/web\/wp-json\/wp\/v2\/types\/product"}],"wp:featuredmedia":[{"embeddable":true,"href":"https:\/\/kpn.com.uy\/web\/wp-json\/wp\/v2\/media\/23750"}],"wp:attachment":[{"href":"https:\/\/kpn.com.uy\/web\/wp-json\/wp\/v2\/media?parent=23748"}],"wp:term":[{"taxonomy":"product_brand","embeddable":true,"href":"https:\/\/kpn.com.uy\/web\/wp-json\/wp\/v2\/product_brand?post=23748"},{"taxonomy":"product_cat","embeddable":true,"href":"https:\/\/kpn.com.uy\/web\/wp-json\/wp\/v2\/product_cat?post=23748"},{"taxonomy":"product_tag","embeddable":true,"href":"https:\/\/kpn.com.uy\/web\/wp-json\/wp\/v2\/product_tag?post=23748"}],"curies":[{"name":"wp","href":"https:\/\/api.w.org\/{rel}","templated":true}]}}