{"id":23755,"date":"2021-03-18T12:51:00","date_gmt":"2021-03-18T15:51:00","guid":{"rendered":"https:\/\/kpn.com.uy\/web\/?post_type=product&#038;p=23755"},"modified":"2021-05-06T13:05:14","modified_gmt":"2021-05-06T16:05:14","slug":"moba-pave-tm","status":"publish","type":"product","link":"https:\/\/kpn.com.uy\/web\/producto\/moba-pave-tm\/","title":{"rendered":"MOBA PAVE-TM"},"content":{"rendered":"<h2><strong>MAXIMIZACI\u00d3N DE LOS BENEFICIOS&nbsp;<\/strong>EN LA CONSTRUCCI\u00d3N DE CARRETERAS 2.0<\/h2>\n<p class=\"text-justify\"><small>Gracias a su estructura modular, el sistema es compatible con todos los tipos de extendedoras y, por lo tanto, puede adaptarse con flexibilidad a las necesidades de la obra. Se pueden a\u00f1adir f\u00e1cilmente funciones adicionales como el c\u00e1lculo de material extendido con ayuda de una antena GNSS y sensores de cable, o la medici\u00f3n precisa de la temperatura por medio de sensores&nbsp;IR adicionales. Con el MPC-120 como centro de procesamiento y cerebro, tenemos un sistema&nbsp;absolutamente fiable, flexible y compatible con futuras mejoras.<\/small><\/p>\n<p><\/p><p><\/p>","protected":false},"excerpt":{"rendered":"<h2 class=\"productheader\">SISTEMA PAVE-TM<\/h2>\n<p class=\"text-justify\">PAVE-TM, el primer sistema mundial para la medici\u00f3n del espesor de las capas es una necesidad absoluta en la construcci\u00f3n de carreteras para el ahorro de\u00a0costes.\u00a0Despu\u00e9s de un ajuste inicial, el sistema mide y muestra continuamente el espesor actual de la capa pavimentada y, por lo tanto, se prescinde de la necesidad de realizar mediciones manuales, ahorrando as\u00ed tiempo y material. Minimizar el uso de material\u00a0y trabajar con mayor precisi\u00f3n dentro de los l\u00edmites de tolerancia reduce sus costes\u00a0al m\u00ednimo y por lo tanto aumenta su beneficio.<\/p>\n[maxbutton id=\"1\" url=\"https:\/\/moba-automation.de\/fileadmin\/Documents\/Brochures\/Road_Construction\/PAVE-TM\/PAVETM_WEB_ES.pdf\" text=\"DESCARGAR CAT\u00c1LOGO\" ]\n","protected":false},"featured_media":23756,"template":"","meta":{"_exactmetrics_skip_tracking":false,"_exactmetrics_sitenote_active":false,"_exactmetrics_sitenote_note":"","_exactmetrics_sitenote_category":0,"_monsterinsights_skip_tracking":false,"_monsterinsights_sitenote_active":false,"_monsterinsights_sitenote_note":"","_monsterinsights_sitenote_category":0},"product_brand":[],"product_cat":[354,254],"product_tag":[],"class_list":{"0":"post-23755","1":"product","2":"type-product","3":"status-publish","4":"has-post-thumbnail","6":"product_cat-calidad-en-la-pavimentacion","7":"product_cat-moba-marcas","9":"first","10":"instock","11":"shipping-taxable","12":"product-type-simple","13":"col-xxl","14":"col-xl-4","15":"col-lg-6","16":"col-sm-6"},"_links":{"self":[{"href":"https:\/\/kpn.com.uy\/web\/wp-json\/wp\/v2\/product\/23755","targetHints":{"allow":["GET"]}}],"collection":[{"href":"https:\/\/kpn.com.uy\/web\/wp-json\/wp\/v2\/product"}],"about":[{"href":"https:\/\/kpn.com.uy\/web\/wp-json\/wp\/v2\/types\/product"}],"wp:featuredmedia":[{"embeddable":true,"href":"https:\/\/kpn.com.uy\/web\/wp-json\/wp\/v2\/media\/23756"}],"wp:attachment":[{"href":"https:\/\/kpn.com.uy\/web\/wp-json\/wp\/v2\/media?parent=23755"}],"wp:term":[{"taxonomy":"product_brand","embeddable":true,"href":"https:\/\/kpn.com.uy\/web\/wp-json\/wp\/v2\/product_brand?post=23755"},{"taxonomy":"product_cat","embeddable":true,"href":"https:\/\/kpn.com.uy\/web\/wp-json\/wp\/v2\/product_cat?post=23755"},{"taxonomy":"product_tag","embeddable":true,"href":"https:\/\/kpn.com.uy\/web\/wp-json\/wp\/v2\/product_tag?post=23755"}],"curies":[{"name":"wp","href":"https:\/\/api.w.org\/{rel}","templated":true}]}}