{"id":23757,"date":"2021-03-18T12:53:45","date_gmt":"2021-03-18T15:53:45","guid":{"rendered":"https:\/\/kpn.com.uy\/web\/?post_type=product&#038;p=23757"},"modified":"2021-03-18T12:53:45","modified_gmt":"2021-03-18T15:53:45","slug":"moba-mca","status":"publish","type":"product","link":"https:\/\/kpn.com.uy\/web\/producto\/moba-mca\/","title":{"rendered":"MOBA MCA"},"content":{"rendered":"<div id=\"c11245\" class=\"frame frame-default frame-type-text frame-layout-0 frame-background-none frame-no-backgroundimage frame-space-before-small frame-space-after-small\">\n<div class=\"frame-container\">\n<div class=\"frame-inner\">\n<h2><strong>SISTEMA DE CALIDAD\u00a0<\/strong>PARA UNA \u00d3PTIMA COMPACTACI\u00d3N<\/h2>\n<p class=\"text-justify\"><small>A trav\u00e9s de la interacci\u00f3n \u00f3ptima entre el sensor de aceleraci\u00f3n, el sensor de temperatura y la antena GNSS, el MCA-3000 logra resultados de compactaci\u00f3n al m\u00e1s alto nivel. Con nuestro ordenador embarcado de alta gama, tambi\u00e9n se visualiza todo el proceso, ayud\u00e1ndole as\u00ed a mantener el control de la temperatura actual del asfalto, el valor objetivo de la compactaci\u00f3n y el n\u00famero de pases realizados\u00a0en todo momento. Gracias a una visualizaci\u00f3n sencilla\u00a0de las mediciones y los valores determinados,\u00a0la correcta interpretaci\u00f3n de los mismos\u00a0se aprende de forma intuitiva y r\u00e1pida.<\/small><\/p>\n<\/div>\n<\/div>\n<\/div>\n<div class=\"container\"><\/div>\n","protected":false},"excerpt":{"rendered":"<h2 class=\"productheader\">SISTEMA MCA<\/h2>\n<p class=\"text-justify\">Con el asistente MCA de MOBA se compactan pavimentos de asfalto al m\u00e1s alto nivel en cualquier momento. Gracias a la medici\u00f3n inteligente de temperatura, pases efectuados, frecuencia y amplitud de vibraci\u00f3n, siempre conseguir\u00e1 la compactaci\u00f3n perfecta, de forma eficiente y en el punto exacto. Estos datos de compactaci\u00f3n registrados est\u00e1n a su disposici\u00f3n como prueba de calidad y como informe para el seguimiento del progreso del proyecto. Se almacenan en el propio sistema o pueden ser enviados a un servidor web MOBA de donde podr\u00e1 descargarlos en cualquier momento, incluso en tiempo real. Opcionalmente el sistema puede incorporar gesti\u00f3n de flotas para sincronizar los compactadores entre s\u00ed.<\/p>\n","protected":false},"featured_media":23752,"template":"","meta":{"_exactmetrics_skip_tracking":false,"_exactmetrics_sitenote_active":false,"_exactmetrics_sitenote_note":"","_exactmetrics_sitenote_category":0,"_monsterinsights_skip_tracking":false,"_monsterinsights_sitenote_active":false,"_monsterinsights_sitenote_note":"","_monsterinsights_sitenote_category":0},"product_brand":[],"product_cat":[354,254],"product_tag":[],"class_list":{"0":"post-23757","1":"product","2":"type-product","3":"status-publish","4":"has-post-thumbnail","6":"product_cat-calidad-en-la-pavimentacion","7":"product_cat-moba-marcas","9":"first","10":"instock","11":"shipping-taxable","12":"product-type-simple","13":"col-xxl","14":"col-xl-4","15":"col-lg-6","16":"col-sm-6"},"_links":{"self":[{"href":"https:\/\/kpn.com.uy\/web\/wp-json\/wp\/v2\/product\/23757","targetHints":{"allow":["GET"]}}],"collection":[{"href":"https:\/\/kpn.com.uy\/web\/wp-json\/wp\/v2\/product"}],"about":[{"href":"https:\/\/kpn.com.uy\/web\/wp-json\/wp\/v2\/types\/product"}],"wp:featuredmedia":[{"embeddable":true,"href":"https:\/\/kpn.com.uy\/web\/wp-json\/wp\/v2\/media\/23752"}],"wp:attachment":[{"href":"https:\/\/kpn.com.uy\/web\/wp-json\/wp\/v2\/media?parent=23757"}],"wp:term":[{"taxonomy":"product_brand","embeddable":true,"href":"https:\/\/kpn.com.uy\/web\/wp-json\/wp\/v2\/product_brand?post=23757"},{"taxonomy":"product_cat","embeddable":true,"href":"https:\/\/kpn.com.uy\/web\/wp-json\/wp\/v2\/product_cat?post=23757"},{"taxonomy":"product_tag","embeddable":true,"href":"https:\/\/kpn.com.uy\/web\/wp-json\/wp\/v2\/product_tag?post=23757"}],"curies":[{"name":"wp","href":"https:\/\/api.w.org\/{rel}","templated":true}]}}