{"id":23769,"date":"2021-03-18T13:37:21","date_gmt":"2021-03-18T16:37:21","guid":{"rendered":"https:\/\/kpn.com.uy\/web\/?post_type=product&#038;p=23769"},"modified":"2021-04-28T14:14:47","modified_gmt":"2021-04-28T17:14:47","slug":"xsite-pro-3d","status":"publish","type":"product","link":"https:\/\/kpn.com.uy\/web\/producto\/xsite-pro-3d\/","title":{"rendered":"XSITE PRO 3D"},"content":{"rendered":"<h2>DISE\u00d1ADO PARA PROYECTOS DE CONSTRUCCI\u00d3N COMPLEJOS<\/h2>\n<p class=\"text-justify\"><small>Xsite\u00ae PRO 3D permite estar siempre bien equipado para todos los requisitos de una obra. Tanto si se trata de trabajos simples\u00a0como de proyectos de construcci\u00f3n complejos, los sistemas de control MOBA\u00a0para excavadoras proporcionan una interacci\u00f3n perfecta entre todos los componentes para ofrecer un resultado preciso y eficiente.\u00a0El sistema Xsite\u00ae PRO 3D permite el uso sin problemas de servicios de correcci\u00f3n de red, estaciones base y receptores GNSS de diferentes fabricantes. Esto elimina el compromiso hacia un solo fabricante y permite trabajar en m\u00faltiples proyectos sin riesgo de incompatibilidad. Adem\u00e1s, el sistema es compatible con software de terceros, como los proveedores de servicios de nubes BIM. Se pueden utilizar diferentes formatos de datos BIM sin problemas de conversi\u00f3n o compatibilidad. Esto le da una importante ventaja significativa\u00a0un mercado competitivo.<\/small><\/p>\n<p><iframe title=\"Xsite\u00ae PRO - Importing a 3D project\" width=\"1136\" height=\"639\" src=\"https:\/\/www.youtube.com\/embed\/zfwY62-8n0o?feature=oembed\" frameborder=\"0\" allow=\"accelerometer; autoplay; clipboard-write; encrypted-media; gyroscope; picture-in-picture\" allowfullscreen><\/iframe><\/p>\n","protected":false},"excerpt":{"rendered":"[maxbutton id=\"1\" url=\"https:\/\/drive.google.com\/file\/d\/138Ydupu_O3tlOrXyljmFYexD9lpuDHWC\/view?usp=sharing\" text=\"DESCARGAR CAT\u00c1LOGO\" ]\n<h2 class=\"productheader\">XSITE PRO 3D<\/h2>\n<p class=\"text-justify\"><small>El sistema de control para\u00a0m\u00e1quinas Xsite\u00ae PRO 3D hace que el trabajo con un bulldozer sea m\u00e1s efectivo y disminuye los costes de topograf\u00eda, material y combustible. Su sistema de control GPS le gu\u00eda para establecer las capas estructurales a la elevaci\u00f3n correcta de una sola vez. La pantalla t\u00e1ctil de gran tama\u00f1o y claridad y los gr\u00e1ficos ilustrativos permiten al operador, por ejemplo, controlar f\u00e1cilmente la diferencia de elevaci\u00f3n de la hoja\u00a0y la superficie objetivo. Con la ayuda del sistema de control, el operador podr\u00e1 abordar cualquier trabajo\u00a0con facilidad. Se ha prestado especial atenci\u00f3n al dise\u00f1o de las diversas funciones del sistema Xsite\u00ae PRO 3D para dotarlo de un f\u00e1cil manejo. El almacenamiento de datos as-built y la selecci\u00f3n de un modelo, por ejemplo, se puede realizar\u00a0con una sola pulsaci\u00f3n!<\/small><\/p>\n","protected":false},"featured_media":23766,"template":"","meta":{"_exactmetrics_skip_tracking":false,"_exactmetrics_sitenote_active":false,"_exactmetrics_sitenote_note":"","_exactmetrics_sitenote_category":0,"_monsterinsights_skip_tracking":false,"_monsterinsights_sitenote_active":false,"_monsterinsights_sitenote_note":"","_monsterinsights_sitenote_category":0},"product_brand":[],"product_cat":[356,254,357],"product_tag":[],"class_list":{"0":"post-23769","1":"product","2":"type-product","3":"status-publish","4":"has-post-thumbnail","6":"product_cat-excavadora","7":"product_cat-moba-marcas","8":"product_cat-sistema-de-control-para-excavadoras","10":"first","11":"instock","12":"shipping-taxable","13":"product-type-simple","14":"col-xxl","15":"col-xl-4","16":"col-lg-6","17":"col-sm-6"},"_links":{"self":[{"href":"https:\/\/kpn.com.uy\/web\/wp-json\/wp\/v2\/product\/23769","targetHints":{"allow":["GET"]}}],"collection":[{"href":"https:\/\/kpn.com.uy\/web\/wp-json\/wp\/v2\/product"}],"about":[{"href":"https:\/\/kpn.com.uy\/web\/wp-json\/wp\/v2\/types\/product"}],"wp:featuredmedia":[{"embeddable":true,"href":"https:\/\/kpn.com.uy\/web\/wp-json\/wp\/v2\/media\/23766"}],"wp:attachment":[{"href":"https:\/\/kpn.com.uy\/web\/wp-json\/wp\/v2\/media?parent=23769"}],"wp:term":[{"taxonomy":"product_brand","embeddable":true,"href":"https:\/\/kpn.com.uy\/web\/wp-json\/wp\/v2\/product_brand?post=23769"},{"taxonomy":"product_cat","embeddable":true,"href":"https:\/\/kpn.com.uy\/web\/wp-json\/wp\/v2\/product_cat?post=23769"},{"taxonomy":"product_tag","embeddable":true,"href":"https:\/\/kpn.com.uy\/web\/wp-json\/wp\/v2\/product_tag?post=23769"}],"curies":[{"name":"wp","href":"https:\/\/api.w.org\/{rel}","templated":true}]}}