{"id":23774,"date":"2021-03-18T13:53:49","date_gmt":"2021-03-18T16:53:49","guid":{"rendered":"https:\/\/kpn.com.uy\/web\/?post_type=product&#038;p=23774"},"modified":"2021-05-06T14:08:38","modified_gmt":"2021-05-06T17:08:38","slug":"mds-1000","status":"publish","type":"product","link":"https:\/\/kpn.com.uy\/web\/producto\/mds-1000\/","title":{"rendered":"MDS-1000"},"content":{"rendered":"<h2><span class=\"text-uppercase\"><strong>SISTEMA ADICIONAL&nbsp;<\/strong>PARA CUALQUIER&nbsp;M\u00c1QUINA DE PERFORACI\u00d3N<\/span><\/h2>\n<p class=\"text-justify\"><small>Gracias a su extraordinaria flexibilidad, el MDS-1000 puede ser montado como un sistema adicional en cualquier m\u00e1quina de perforaci\u00f3n de cualquier fabricante. Por lo tanto, su m\u00e1quina puede ser f\u00e1cilmente reequipada. Gracias a la especial modularidad del sistema, los nuevos componentes se integran de una manera particularmente eficiente en cuanto a tiempo y costes. As\u00ed que tambi\u00e9n puede&nbsp;actualizar su m\u00e1quina paso a paso.<\/small><\/p>\n","protected":false},"excerpt":{"rendered":"<h2 class=\"productheader\">MDS-1000<\/h2>\n<p class=\"text-justify\">Con el sistema b\u00e1sico de perforaci\u00f3n MDS-1000 de MOBA, puede preparar su voladura con precisi\u00f3n, realice una perforaci\u00f3n uniforme\u00a0y aumente\u00a0inmediatamente su productividad. Prescinda de\u00a0las mediciones manuales que consumen mucho tiempo y esfuerzos\u00a0y perfore agujeros absolutamente paralelos de la misma profundidad y \u00e1ngulo en unos pocos y sencillos pasos con el sistema. Gracias a la visualizaci\u00f3n en tiempo real de la profundidad, el n\u00famero de perforaciones, la inclinaci\u00f3n real y del objetivo del brazo de perforaci\u00f3n, siempre se tiene una visi\u00f3n general del estado\u00a0actual del proyecto.<\/p>\n[maxbutton id=\"1\" url=\"https:\/\/moba-automation.dk\/fileadmin\/Documents\/Brochures\/Mining\/Brochure_MDS-1000_MDS-2000_ES.pdf\" text=\"DESCARGAR CAT\u00c1LOGO\" ]\n<div class=\"well producticons\">\u00a0<\/div>\n","protected":false},"featured_media":23775,"template":"","meta":{"_exactmetrics_skip_tracking":false,"_exactmetrics_sitenote_active":false,"_exactmetrics_sitenote_note":"","_exactmetrics_sitenote_category":0,"_monsterinsights_skip_tracking":false,"_monsterinsights_sitenote_active":false,"_monsterinsights_sitenote_note":"","_monsterinsights_sitenote_category":0},"product_brand":[],"product_cat":[254,358],"product_tag":[],"class_list":{"0":"post-23774","1":"product","2":"type-product","3":"status-publish","4":"has-post-thumbnail","6":"product_cat-moba-marcas","7":"product_cat-sistemas-de-perforacion","9":"first","10":"instock","11":"shipping-taxable","12":"product-type-simple","13":"col-xxl","14":"col-xl-4","15":"col-lg-6","16":"col-sm-6"},"_links":{"self":[{"href":"https:\/\/kpn.com.uy\/web\/wp-json\/wp\/v2\/product\/23774","targetHints":{"allow":["GET"]}}],"collection":[{"href":"https:\/\/kpn.com.uy\/web\/wp-json\/wp\/v2\/product"}],"about":[{"href":"https:\/\/kpn.com.uy\/web\/wp-json\/wp\/v2\/types\/product"}],"wp:featuredmedia":[{"embeddable":true,"href":"https:\/\/kpn.com.uy\/web\/wp-json\/wp\/v2\/media\/23775"}],"wp:attachment":[{"href":"https:\/\/kpn.com.uy\/web\/wp-json\/wp\/v2\/media?parent=23774"}],"wp:term":[{"taxonomy":"product_brand","embeddable":true,"href":"https:\/\/kpn.com.uy\/web\/wp-json\/wp\/v2\/product_brand?post=23774"},{"taxonomy":"product_cat","embeddable":true,"href":"https:\/\/kpn.com.uy\/web\/wp-json\/wp\/v2\/product_cat?post=23774"},{"taxonomy":"product_tag","embeddable":true,"href":"https:\/\/kpn.com.uy\/web\/wp-json\/wp\/v2\/product_tag?post=23774"}],"curies":[{"name":"wp","href":"https:\/\/api.w.org\/{rel}","templated":true}]}}