{"id":23776,"date":"2021-03-18T13:58:13","date_gmt":"2021-03-18T16:58:13","guid":{"rendered":"https:\/\/kpn.com.uy\/web\/?post_type=product&#038;p=23776"},"modified":"2021-05-06T14:06:27","modified_gmt":"2021-05-06T17:06:27","slug":"mds-2000","status":"publish","type":"product","link":"https:\/\/kpn.com.uy\/web\/producto\/mds-2000\/","title":{"rendered":"MDS-2000"},"content":{"rendered":"<h2>PANTALLA GR\u00c1FICA\u00a0<strong>AUTOPROGRAMABLE\u00a0<\/strong><\/h2>\n<p class=\"text-justify\"><small>La pantalla gr\u00e1fica autoprogramable GD-320 lleva su m\u00e1quina de perforaci\u00f3n al siguiente nivel. Gracias a la completa integraci\u00f3n\u00a0en su m\u00e1quina y a la conexi\u00f3n a MOBA Cloud, se beneficia no s\u00f3lo de la transferencia de todos los datos relevantes para la perforaci\u00f3n, sino tambi\u00e9n obtendr\u00e1 los datos referentes a la m\u00e1quina y el motor. Esto le permitir\u00e1\u00a0planificar el mantenimiento preventivo de la m\u00e1quina con antelaci\u00f3n y evitar posibles aver\u00edas. Al determinar la posici\u00f3n de la m\u00e1quina, nunca la pierde de vista y siempre tiene una visi\u00f3n general de la productividad de su flota.\u00a0<strong>De esta manera se incrementa el retorno de la inversi\u00f3n.<\/strong><\/small><\/p>\n","protected":false},"excerpt":{"rendered":"<h4><span class=\"text-uppercase\">SISTEMA DE PERFORACI\u00d3N AVANZADO\u00a0CON PANTALLA GR\u00c1FICA PROGRAMABLE<\/span><\/h4>\n<h2 class=\"productheader\">MDS-2000<\/h2>\n<p class=\"text-justify\"><small>El sistema de perforaci\u00f3n avanzado\u00a0MDS-2000 de MOBA le permite preparar sus voladuras con precisi\u00f3n, perforaciones\u00a0uniformes y aumentar su eficiencia en\u00a0costes de inmediato. Evite\u00a0las mediciones\u00a0manuales que consumen tiempo y perfore agujeros paralelos de la misma profundidad y \u00e1ngulo en s\u00f3lo unos pocos pasos utilizando el sistema. Gracias a la extraordinaria modularidad, tambi\u00e9n puede beneficiarse de mejoras en su sistema, gracias a\u00a0una amplia gama\u00a0de componentes adicionales que le ahorrar\u00e1n tiempo y dinero.<\/small><\/p>\n[maxbutton id=\"1\" url=\"https:\/\/moba-automation.ru\/fileadmin\/Documents\/Brochures\/Mining\/Brochure_MDS-1000_MDS-2000_ES.pdf\" text=\"DESCARGAR CAT\u00c1LOGO\" ]\n","protected":false},"featured_media":23777,"template":"","meta":{"_exactmetrics_skip_tracking":false,"_exactmetrics_sitenote_active":false,"_exactmetrics_sitenote_note":"","_exactmetrics_sitenote_category":0,"_monsterinsights_skip_tracking":false,"_monsterinsights_sitenote_active":false,"_monsterinsights_sitenote_note":"","_monsterinsights_sitenote_category":0},"product_brand":[],"product_cat":[254,358],"product_tag":[],"class_list":{"0":"post-23776","1":"product","2":"type-product","3":"status-publish","4":"has-post-thumbnail","6":"product_cat-moba-marcas","7":"product_cat-sistemas-de-perforacion","9":"first","10":"instock","11":"shipping-taxable","12":"product-type-simple","13":"col-xxl","14":"col-xl-4","15":"col-lg-6","16":"col-sm-6"},"_links":{"self":[{"href":"https:\/\/kpn.com.uy\/web\/wp-json\/wp\/v2\/product\/23776","targetHints":{"allow":["GET"]}}],"collection":[{"href":"https:\/\/kpn.com.uy\/web\/wp-json\/wp\/v2\/product"}],"about":[{"href":"https:\/\/kpn.com.uy\/web\/wp-json\/wp\/v2\/types\/product"}],"wp:featuredmedia":[{"embeddable":true,"href":"https:\/\/kpn.com.uy\/web\/wp-json\/wp\/v2\/media\/23777"}],"wp:attachment":[{"href":"https:\/\/kpn.com.uy\/web\/wp-json\/wp\/v2\/media?parent=23776"}],"wp:term":[{"taxonomy":"product_brand","embeddable":true,"href":"https:\/\/kpn.com.uy\/web\/wp-json\/wp\/v2\/product_brand?post=23776"},{"taxonomy":"product_cat","embeddable":true,"href":"https:\/\/kpn.com.uy\/web\/wp-json\/wp\/v2\/product_cat?post=23776"},{"taxonomy":"product_tag","embeddable":true,"href":"https:\/\/kpn.com.uy\/web\/wp-json\/wp\/v2\/product_tag?post=23776"}],"curies":[{"name":"wp","href":"https:\/\/api.w.org\/{rel}","templated":true}]}}