{"id":23778,"date":"2021-03-18T14:02:44","date_gmt":"2021-03-18T17:02:44","guid":{"rendered":"https:\/\/kpn.com.uy\/web\/?post_type=product&#038;p=23778"},"modified":"2021-05-06T13:55:39","modified_gmt":"2021-05-06T16:55:39","slug":"pesaje-embarcado-mws","status":"publish","type":"product","link":"https:\/\/kpn.com.uy\/web\/producto\/pesaje-embarcado-mws\/","title":{"rendered":"PESAJE EMBARCADO MWS"},"content":{"rendered":"<h2>SISTEMAS DE PESAJE EMBARCADO FIABLES Y CON CERTIFICACI\u00d3N PTB<\/h2>\n<p class=\"text-justify\"><small>Desde hace m\u00e1s de 40 a\u00f1os, MOBA ofrece b\u00e1sculas m\u00f3viles con certificaci\u00f3n PTB y calibraci\u00f3n e1 que registran el peso exacto durante el vaciado de cada contenedor y ayudan a minimizar los costes de mantenimiento de los veh\u00edculos, pues&nbsp;permiten mantener el peso en el cami\u00f3n por debajo de su capacidad. Las b\u00e1sculas de elevaci\u00f3n din\u00e1mica de MOBA, como la b\u00e1scula de elevaci\u00f3n frontal o la b\u00e1scula de elevaci\u00f3n trasera, han ayudado nuestros clientes a mejorar su gesti\u00f3n de residuos.<\/small><\/p>\n<p class=\"text-justify\"><small>MOBA ofrece&nbsp;un servicio premium para nuestros clientes, las empresas de servicios y las administraciones p\u00fablicas competentes. Gracias a la completa fabricaci\u00f3n y montaje, realizamos los trabajos en un per\u00edodo de tiempo muy corto y siempre bajo una estrecha colaboraci\u00f3n con nuestros clientes. Debido a la aprobaci\u00f3n de tipo CE, MOBA realiza la calibraci\u00f3n inicial de la b\u00e1scula y organiza todas las calibraciones adicionales de las clases III y IV para garantizar un sistema de pesaje preciso y libre de mantenimiento<\/small><\/p>\n","protected":false},"excerpt":{"rendered":"<h4>MEDICIONES DE PESO PRECISAS DESDE EL VEH\u00cdCULO<\/h4>\n<h2 class=\"productheader\">SISTEMAS DE PESAJE MOBA<\/h2>\n<p class=\"text-justify\"><small>Gracias a los m\u00e1s de 40 a\u00f1os de experiencia en el desarrollo y la fabricaci\u00f3n de sistemas m\u00f3viles de pesaje, MOBA equipa con sistemas flexibles a los veh\u00edculos de las empresas industriales, de log\u00edstica y de gesti\u00f3n de residuos. Con la soluci\u00f3n de bus CANopen como interfaz de comunicaciones, los componentes individuales se pueden intercambiar de forma sencilla y adem\u00e1s todo el sistema se puede convertir y actualizar en un corto per\u00edodo de tiempo. Este dise\u00f1o modular hace que los sistemas de pesaje sean compatibles con cualquier veh\u00edculo y para una gran variedad de aplicaciones, pesaje en el propio elevador de carga lateral, trasera, bilateral o frontal, pesaje en punta de gr\u00faa y pesaje en el chasis del veh\u00edculo.<\/small><\/p>\n[maxbutton id=\"1\" url=\"https:\/\/drive.google.com\/file\/d\/1Fr5P35xrkq5btychn3nDFqtwzczjYS9B\/view?usp=sharing\" text=\"DESCARGAR CAT\u00c1LOGO\" ]\n","protected":false},"featured_media":23779,"template":"","meta":{"_exactmetrics_skip_tracking":false,"_exactmetrics_sitenote_active":false,"_exactmetrics_sitenote_note":"","_exactmetrics_sitenote_category":0,"_monsterinsights_skip_tracking":false,"_monsterinsights_sitenote_active":false,"_monsterinsights_sitenote_note":"","_monsterinsights_sitenote_category":0},"product_brand":[],"product_cat":[254,359],"product_tag":[],"class_list":{"0":"post-23778","1":"product","2":"type-product","3":"status-publish","4":"has-post-thumbnail","6":"product_cat-moba-marcas","7":"product_cat-pesaje-para-pala-cargadora","9":"first","10":"instock","11":"shipping-taxable","12":"product-type-simple","13":"col-xxl","14":"col-xl-4","15":"col-lg-6","16":"col-sm-6"},"_links":{"self":[{"href":"https:\/\/kpn.com.uy\/web\/wp-json\/wp\/v2\/product\/23778","targetHints":{"allow":["GET"]}}],"collection":[{"href":"https:\/\/kpn.com.uy\/web\/wp-json\/wp\/v2\/product"}],"about":[{"href":"https:\/\/kpn.com.uy\/web\/wp-json\/wp\/v2\/types\/product"}],"wp:featuredmedia":[{"embeddable":true,"href":"https:\/\/kpn.com.uy\/web\/wp-json\/wp\/v2\/media\/23779"}],"wp:attachment":[{"href":"https:\/\/kpn.com.uy\/web\/wp-json\/wp\/v2\/media?parent=23778"}],"wp:term":[{"taxonomy":"product_brand","embeddable":true,"href":"https:\/\/kpn.com.uy\/web\/wp-json\/wp\/v2\/product_brand?post=23778"},{"taxonomy":"product_cat","embeddable":true,"href":"https:\/\/kpn.com.uy\/web\/wp-json\/wp\/v2\/product_cat?post=23778"},{"taxonomy":"product_tag","embeddable":true,"href":"https:\/\/kpn.com.uy\/web\/wp-json\/wp\/v2\/product_tag?post=23778"}],"curies":[{"name":"wp","href":"https:\/\/api.w.org\/{rel}","templated":true}]}}