{"id":23780,"date":"2021-03-18T14:04:33","date_gmt":"2021-03-18T17:04:33","guid":{"rendered":"https:\/\/kpn.com.uy\/web\/?post_type=product&#038;p=23780"},"modified":"2021-05-06T14:11:55","modified_gmt":"2021-05-06T17:11:55","slug":"moba-hlc","status":"publish","type":"product","link":"https:\/\/kpn.com.uy\/web\/producto\/moba-hlc\/","title":{"rendered":"MOBA HLC"},"content":{"rendered":"<h2><strong>PESAJE DIN\u00c1MICO&nbsp;<\/strong>OPERACI\u00d3N INTUITIVA<\/h2>\n<p class=\"text-justify\"><small>La interacci\u00f3n de la pantalla ergon\u00f3mica GDC-320 y los robustos sensores hace que el sistema HLC de MOBA sea un asistente fiable para su pala cargadora.&nbsp;Con la ayuda de los precisos sensores de inclinaci\u00f3n, se determina el momento \u00f3ptimo para el pesaje y el peso se registra de forma eficaz y se guarda digitalmente&nbsp;si se opta por dicha opci\u00f3n. La impresora opcional completa el sistema.<\/small><\/p>\n<p><iframe title=\"MOBA Wheel Loader Scale HLC for Overload Protection\" width=\"1136\" height=\"639\" src=\"https:\/\/www.youtube.com\/embed\/eo0NCtpL7T0?feature=oembed\" frameborder=\"0\" allow=\"accelerometer; autoplay; clipboard-write; encrypted-media; gyroscope; picture-in-picture\" allowfullscreen><\/iframe><\/p>\n","protected":false},"excerpt":{"rendered":"<h4>OPERACI\u00d3N DE CARGA R\u00c1PIDA Y PRECISA<\/h4>\n<h2 class=\"productheader\">SISTEMA DE PESAJE PARA PALA CARGADORA HLC<\/h2>\n<p class=\"text-justify\"><small>Con los sistemas de pesaje para palas cargadoras MOBA HLC-1000 y HLC-2000, todas las tareas de pesaje se realizan de forma precisa\u00a0en el menor tiempo posible. Gracias al proceso de pesaje din\u00e1mico, se conoce\u00a0inmediatamente el peso cargado &#8211; sin ning\u00fan esfuerzo adicional. La eliminaci\u00f3n\u00a0de un sistema de pesaje estacionario ahorra tiempo y optimiza los procesos de trabajo aportando una reducci\u00f3n de costes significativa.<\/small><\/p>\n[maxbutton id=\"1\" url=\"https:\/\/moba-automation.ru\/fileadmin\/Documents\/Brochures\/Earthmoving\/Load_Control\/Folder_HLC-1000_2000_ES.PDF\" text=\"DESCARGAR CAT\u00c1LOGO\" ]\n","protected":false},"featured_media":23781,"template":"","meta":{"_exactmetrics_skip_tracking":false,"_exactmetrics_sitenote_active":false,"_exactmetrics_sitenote_note":"","_exactmetrics_sitenote_category":0,"_monsterinsights_skip_tracking":false,"_monsterinsights_sitenote_active":false,"_monsterinsights_sitenote_note":"","_monsterinsights_sitenote_category":0},"product_brand":[],"product_cat":[254,359],"product_tag":[],"class_list":{"0":"post-23780","1":"product","2":"type-product","3":"status-publish","4":"has-post-thumbnail","6":"product_cat-moba-marcas","7":"product_cat-pesaje-para-pala-cargadora","9":"first","10":"instock","11":"shipping-taxable","12":"product-type-simple","13":"col-xxl","14":"col-xl-4","15":"col-lg-6","16":"col-sm-6"},"_links":{"self":[{"href":"https:\/\/kpn.com.uy\/web\/wp-json\/wp\/v2\/product\/23780","targetHints":{"allow":["GET"]}}],"collection":[{"href":"https:\/\/kpn.com.uy\/web\/wp-json\/wp\/v2\/product"}],"about":[{"href":"https:\/\/kpn.com.uy\/web\/wp-json\/wp\/v2\/types\/product"}],"wp:featuredmedia":[{"embeddable":true,"href":"https:\/\/kpn.com.uy\/web\/wp-json\/wp\/v2\/media\/23781"}],"wp:attachment":[{"href":"https:\/\/kpn.com.uy\/web\/wp-json\/wp\/v2\/media?parent=23780"}],"wp:term":[{"taxonomy":"product_brand","embeddable":true,"href":"https:\/\/kpn.com.uy\/web\/wp-json\/wp\/v2\/product_brand?post=23780"},{"taxonomy":"product_cat","embeddable":true,"href":"https:\/\/kpn.com.uy\/web\/wp-json\/wp\/v2\/product_cat?post=23780"},{"taxonomy":"product_tag","embeddable":true,"href":"https:\/\/kpn.com.uy\/web\/wp-json\/wp\/v2\/product_tag?post=23780"}],"curies":[{"name":"wp","href":"https:\/\/api.w.org\/{rel}","templated":true}]}}