{"id":23785,"date":"2021-03-18T14:16:25","date_gmt":"2021-03-18T17:16:25","guid":{"rendered":"https:\/\/kpn.com.uy\/web\/?post_type=product&#038;p=23785"},"modified":"2021-05-06T14:02:51","modified_gmt":"2021-05-06T17:02:51","slug":"mca-500","status":"publish","type":"product","link":"https:\/\/kpn.com.uy\/web\/producto\/mca-500\/","title":{"rendered":"MCA-500"},"content":{"rendered":"<h2><strong>UN SISTEMA SIMPLE PARA LA COMPACTACI\u00d3N \u00d3PTIMA DE LA SUPERFICIE<\/strong><\/h2>\n<p class=\"text-justify\"><small>El econ\u00f3mico sistema de control de compactaci\u00f3n es muy f\u00e1cil de manejar, funciona con un lenguaje de s\u00edmbolos auto-explicativo y una estructura de men\u00fa simple. Puede ser utilizado\u00a0tanto en\u00a0movimientos de tierra como en la construcci\u00f3n de carreteras.<\/small><\/p>\n","protected":false},"excerpt":{"rendered":"<div class=\"text-right content-number-right\">\n<header class=\"frame-header\">\n<h2 class=\" text-right\"><span style=\"font-size: 16px;\">CONTROL DE LA COMPACTACI\u00d3N DE FORMA SENCILLA<\/span><\/h2>\n<\/header>\n<\/div>\n<p class=\"text-justify\">El MCA-500 mide y comprueba\u00a0todos los factores importantes, como la amplitud, la frecuencia de vibraci\u00f3n y el final de la compactaci\u00f3n en tiempo real. El valor de compactaci\u00f3n inteligente se muestra en nuestra pantalla gr\u00e1fica compacta GDC-320, lo que le permite obtener\u00a0el resultado de compactaci\u00f3n \u00f3ptimo en todo momento e implementarlo en el menor tiempo posible<\/p>\n[maxbutton id=\"1\" url=\"https:\/\/moba-automation.de\/fileadmin\/Documents\/Brochures\/Earthmoving\/MCA\/MCA500_WEB_ES.pdf\" text=\"DESCARGAR CAT\u00c1LOGO\" ]\n","protected":false},"featured_media":23786,"template":"","meta":{"_exactmetrics_skip_tracking":false,"_exactmetrics_sitenote_active":false,"_exactmetrics_sitenote_note":"","_exactmetrics_sitenote_category":0,"_monsterinsights_skip_tracking":false,"_monsterinsights_sitenote_active":false,"_monsterinsights_sitenote_note":"","_monsterinsights_sitenote_category":0},"product_brand":[],"product_cat":[254,360],"product_tag":[],"class_list":{"0":"post-23785","1":"product","2":"type-product","3":"status-publish","4":"has-post-thumbnail","6":"product_cat-moba-marcas","7":"product_cat-sistemas-de-compactacion","9":"first","10":"instock","11":"shipping-taxable","12":"product-type-simple","13":"col-xxl","14":"col-xl-4","15":"col-lg-6","16":"col-sm-6"},"_links":{"self":[{"href":"https:\/\/kpn.com.uy\/web\/wp-json\/wp\/v2\/product\/23785","targetHints":{"allow":["GET"]}}],"collection":[{"href":"https:\/\/kpn.com.uy\/web\/wp-json\/wp\/v2\/product"}],"about":[{"href":"https:\/\/kpn.com.uy\/web\/wp-json\/wp\/v2\/types\/product"}],"wp:featuredmedia":[{"embeddable":true,"href":"https:\/\/kpn.com.uy\/web\/wp-json\/wp\/v2\/media\/23786"}],"wp:attachment":[{"href":"https:\/\/kpn.com.uy\/web\/wp-json\/wp\/v2\/media?parent=23785"}],"wp:term":[{"taxonomy":"product_brand","embeddable":true,"href":"https:\/\/kpn.com.uy\/web\/wp-json\/wp\/v2\/product_brand?post=23785"},{"taxonomy":"product_cat","embeddable":true,"href":"https:\/\/kpn.com.uy\/web\/wp-json\/wp\/v2\/product_cat?post=23785"},{"taxonomy":"product_tag","embeddable":true,"href":"https:\/\/kpn.com.uy\/web\/wp-json\/wp\/v2\/product_tag?post=23785"}],"curies":[{"name":"wp","href":"https:\/\/api.w.org\/{rel}","templated":true}]}}