{"id":23828,"date":"2021-03-25T16:28:38","date_gmt":"2021-03-25T19:28:38","guid":{"rendered":"https:\/\/kpn.com.uy\/web\/?post_type=product&#038;p=23828"},"modified":"2021-04-09T16:10:24","modified_gmt":"2021-04-09T19:10:24","slug":"tsc5","status":"publish","type":"product","link":"https:\/\/kpn.com.uy\/web\/producto\/tsc5\/","title":{"rendered":"Trimble TSC5"},"content":{"rendered":"<div class=\"field-wrapper\"><strong>Pantalla t\u00e1ctil de 5 pulgadas<\/strong><\/div>\n<div><\/div>\n<div class=\"field-wrapper\">Pantalla multit\u00e1ctil de 5 pulgadas para dedo, l\u00e1piz \u00f3ptico o guante y pantalla brillante y antirreflejo que le ayuda a hacer m\u00e1s con luz solar y condiciones de poca luz.<\/div>\n<div><\/div>\n<div class=\"field-wrapper\">\n<div class=\"field-wrapper\"><strong>Teclado alfanum\u00e9rico retroiluminado<\/strong><\/div>\n<div class=\"field-wrapper\">\n<p>Teclado alfanum\u00e9rico retroiluminado para ingresar datos sin esfuerzo, incluso en condiciones dif\u00edciles.<\/p>\n<div class=\"field-wrapper\"><strong>Sistema operativo Android \u2122 10<\/strong><\/div>\n<div class=\"field-wrapper\">\n<p>Optimizado para el software de campo Trimble Access 2021<\/p>\n<div class=\"field-wrapper\"><strong>Servicios m\u00f3viles de Google<\/strong><\/div>\n<div class=\"field-wrapper\">\n<p>Servicios m\u00f3viles de Google certificados con acceso a las aplicaciones de la tienda Google Play \u2122<\/p>\n<div class=\"field-wrapper\"><strong>Conectabilidad para una recopilaci\u00f3n de datos eficiente<\/strong><\/div>\n<div class=\"field-wrapper\">\n<p>WWAN mundial con capacidad de punto de acceso, certificado por AT&amp;T y Verizon.<\/p>\n<div class=\"field-wrapper\"><strong>12 teclas de funci\u00f3n programables y combinaciones de teclas Shift y AGr<\/strong><\/div>\n<div class=\"field-wrapper\">\n<p>12 teclas de funci\u00f3n f\u00edsica, adem\u00e1s de combinaciones adicionales de teclas Shift y AGr brindan a\u00fan m\u00e1s opciones para acelerar los flujos de trabajo comunes.<\/p>\n<div style=\"width: 1136px;\" class=\"wp-video\"><!--[if lt IE 9]><script>document.createElement('video');<\/script><![endif]-->\n<video class=\"wp-video-shortcode\" id=\"video-23828-1\" width=\"1136\" height=\"639\" preload=\"metadata\" controls=\"controls\"><source type=\"video\/mp4\" src=\"https:\/\/kpn.com.uy\/web\/wp-content\/uploads\/2021\/03\/Introducing-the-Trimble-TSC5-Controller.mp4?_=1\" \/><a href=\"https:\/\/kpn.com.uy\/web\/wp-content\/uploads\/2021\/03\/Introducing-the-Trimble-TSC5-Controller.mp4\">https:\/\/kpn.com.uy\/web\/wp-content\/uploads\/2021\/03\/Introducing-the-Trimble-TSC5-Controller.mp4<\/a><\/video><\/div>\n<\/div>\n<\/div>\n<\/div>\n<\/div>\n<\/div>\n<\/div>\n","protected":false},"excerpt":{"rendered":"<p>El\u00a0<strong>controlador Trimble\u00ae TSC5<\/strong>\u00a0es un controlador topogr\u00e1fico basado en Android que cuenta con una pantalla de cinco pulgadas y un teclado completo, lo que garantiza un funcionamiento r\u00e1pido y eficiente, incluso con guantes.\u00a0Resistente pero liviano, con bater\u00eda para todo el d\u00eda, el TSC5 es f\u00e1cil de transportar y usar.\u00a0Combinado con el software Trimble Access \u2122 para realizar una recopilaci\u00f3n precisa de datos de campo, el TSC5 ofrece la combinaci\u00f3n ideal de alto rendimiento y confiabilidad que espera de Trimble.<\/p>\n<p>&nbsp;<\/p>\n[maxbutton id=\"1\" url=\"https:\/\/kpn.com.uy\/web\/wp-content\/uploads\/2021\/03\/022516-528-es-AR_Trimble_TSC5_DS_A4_0121_LRsec.pdf\" text=\"Hoja de Datos\" ]\n","protected":false},"featured_media":23830,"template":"","meta":{"_exactmetrics_skip_tracking":false,"_exactmetrics_sitenote_active":false,"_exactmetrics_sitenote_note":"","_exactmetrics_sitenote_category":0,"_monsterinsights_skip_tracking":false,"_monsterinsights_sitenote_active":false,"_monsterinsights_sitenote_note":"","_monsterinsights_sitenote_category":0},"product_brand":[],"product_cat":[363,93],"product_tag":[],"class_list":{"0":"post-23828","1":"product","2":"type-product","3":"status-publish","4":"has-post-thumbnail","6":"product_cat-controladoras-trimble","7":"product_cat-trimble","9":"first","10":"instock","11":"shipping-taxable","12":"product-type-simple","13":"col-xxl","14":"col-xl-4","15":"col-lg-6","16":"col-sm-6"},"_links":{"self":[{"href":"https:\/\/kpn.com.uy\/web\/wp-json\/wp\/v2\/product\/23828","targetHints":{"allow":["GET"]}}],"collection":[{"href":"https:\/\/kpn.com.uy\/web\/wp-json\/wp\/v2\/product"}],"about":[{"href":"https:\/\/kpn.com.uy\/web\/wp-json\/wp\/v2\/types\/product"}],"wp:featuredmedia":[{"embeddable":true,"href":"https:\/\/kpn.com.uy\/web\/wp-json\/wp\/v2\/media\/23830"}],"wp:attachment":[{"href":"https:\/\/kpn.com.uy\/web\/wp-json\/wp\/v2\/media?parent=23828"}],"wp:term":[{"taxonomy":"product_brand","embeddable":true,"href":"https:\/\/kpn.com.uy\/web\/wp-json\/wp\/v2\/product_brand?post=23828"},{"taxonomy":"product_cat","embeddable":true,"href":"https:\/\/kpn.com.uy\/web\/wp-json\/wp\/v2\/product_cat?post=23828"},{"taxonomy":"product_tag","embeddable":true,"href":"https:\/\/kpn.com.uy\/web\/wp-json\/wp\/v2\/product_tag?post=23828"}],"curies":[{"name":"wp","href":"https:\/\/api.w.org\/{rel}","templated":true}]}}