{"id":23834,"date":"2021-04-09T16:54:58","date_gmt":"2021-04-09T19:54:58","guid":{"rendered":"https:\/\/kpn.com.uy\/web\/?post_type=product&#038;p=23834"},"modified":"2021-07-30T12:35:52","modified_gmt":"2021-07-30T15:35:52","slug":"trimble-sx12","status":"publish","type":"product","link":"https:\/\/kpn.com.uy\/web\/producto\/trimble-sx12\/","title":{"rendered":"Trimble SX12"},"content":{"rendered":"<div class=\"field-wrapper\">Estaci\u00f3n total de alta precisi\u00f3n, datos de escaneo de alta calidad<\/div>\n<div class=\"field-wrapper\">Precisi\u00f3n angular de 1 &#8220;<\/div>\n<div class=\"field-wrapper\">Ruido de rango de escaneo de 1,5 mm a 200 m<\/div>\n<div class=\"field-wrapper\">Punto l\u00e1ser EDM de 14 mm de di\u00e1metro a 100 m<\/div>\n<div><\/div>\n<div>\n<div class=\"field-wrapper\">Puntero l\u00e1ser v\u00edvido y seguro para los ojos<\/div>\n<div class=\"field-wrapper\">Verde y enfocable, este puntero l\u00e1ser es excepcionalmente peque\u00f1o, brillante y a\u00fan seguro para los ojos<\/div>\n<div class=\"field-wrapper\">Punto de puntero l\u00e1ser de\u00a03 mm de\u00a0di\u00e1metro a 50 m<\/div>\n<\/div>\n<div><\/div>\n<div>\n<div class=\"field-wrapper\">Captura de datos r\u00e1pida, incluso a larga distancia<\/div>\n<div class=\"field-wrapper\">Velocidad de medici\u00f3n de barrido de 26,6 kHz, hasta 600 m<\/div>\n<div class=\"field-wrapper\">Tiempo de medici\u00f3n de estaci\u00f3n total de 1,6 s en modo prisma<\/div>\n<div class=\"field-wrapper\">Tiempo de medici\u00f3n de la estaci\u00f3n total de 1,2 s en modo DR<\/div>\n<\/div>\n<div>\n<div><\/div>\n<div class=\"field-wrapper\">Navegaci\u00f3n y documentaci\u00f3n sencillas con el sistema de c\u00e1mara Trimble VISION \u2122<\/div>\n<div class=\"field-wrapper\">Tres c\u00e1maras integradas y calibradas en el telescopio<\/div>\n<\/div>\n<div>\n<p><iframe width=\"1136\" height=\"639\" src=\"https:\/\/www.youtube.com\/embed\/bQNYcVxSNfw?feature=oembed\" frameborder=\"0\" allow=\"accelerometer; autoplay; clipboard-write; encrypted-media; gyroscope; picture-in-picture\" allowfullscreen><\/iframe><\/p>\n<\/div>\n<div><\/div>\n","protected":false},"excerpt":{"rendered":"<p>Con la NUEVA estaci\u00f3n total de escaneo Trimble SX12, trabajar m\u00e1s duro nunca ha sido tan f\u00e1cil.\u00a0Combina tecnolog\u00eda innovadora con una funcionalidad simple e intuitiva para ayudarlo a ahorrar tiempo, maximizar la eficiencia y hacer m\u00e1s en el campo.<\/p>\n[maxbutton id=\"1\" url=\"https:\/\/kpn.com.uy\/web\/wp-content\/uploads\/2021\/04\/Dataheet-Trimble-SX12-Scanning-Total-Station-Spanish-Lat-Am-Screen.pdf\" text=\"Ficha de Datos\" ]\n","protected":false},"featured_media":23836,"template":"","meta":{"_exactmetrics_skip_tracking":false,"_exactmetrics_sitenote_active":false,"_exactmetrics_sitenote_note":"","_exactmetrics_sitenote_category":0,"_monsterinsights_skip_tracking":false,"_monsterinsights_sitenote_active":false,"_monsterinsights_sitenote_note":"","_monsterinsights_sitenote_category":0},"product_brand":[],"product_cat":[258,300,350,89,263,277,109,386,93],"product_tag":[],"class_list":{"0":"post-23834","1":"product","2":"type-product","3":"status-publish","4":"has-post-thumbnail","6":"product_cat-arquitectura","7":"product_cat-bim-rubros","8":"product_cat-equipos-forense","9":"product_cat-scanner","10":"product_cat-escaner-3d","11":"product_cat-escaner-3d-trimble","12":"product_cat-ingenieria","13":"product_cat-scan-to-bim","14":"product_cat-trimble","16":"first","17":"instock","18":"shipping-taxable","19":"product-type-simple","20":"col-xxl","21":"col-xl-4","22":"col-lg-6","23":"col-sm-6"},"_links":{"self":[{"href":"https:\/\/kpn.com.uy\/web\/wp-json\/wp\/v2\/product\/23834","targetHints":{"allow":["GET"]}}],"collection":[{"href":"https:\/\/kpn.com.uy\/web\/wp-json\/wp\/v2\/product"}],"about":[{"href":"https:\/\/kpn.com.uy\/web\/wp-json\/wp\/v2\/types\/product"}],"wp:featuredmedia":[{"embeddable":true,"href":"https:\/\/kpn.com.uy\/web\/wp-json\/wp\/v2\/media\/23836"}],"wp:attachment":[{"href":"https:\/\/kpn.com.uy\/web\/wp-json\/wp\/v2\/media?parent=23834"}],"wp:term":[{"taxonomy":"product_brand","embeddable":true,"href":"https:\/\/kpn.com.uy\/web\/wp-json\/wp\/v2\/product_brand?post=23834"},{"taxonomy":"product_cat","embeddable":true,"href":"https:\/\/kpn.com.uy\/web\/wp-json\/wp\/v2\/product_cat?post=23834"},{"taxonomy":"product_tag","embeddable":true,"href":"https:\/\/kpn.com.uy\/web\/wp-json\/wp\/v2\/product_tag?post=23834"}],"curies":[{"name":"wp","href":"https:\/\/api.w.org\/{rel}","templated":true}]}}