{"id":23889,"date":"2021-04-21T12:04:54","date_gmt":"2021-04-21T15:04:54","guid":{"rendered":"https:\/\/kpn.com.uy\/web\/?post_type=product&#038;p=23889"},"modified":"2021-04-21T12:31:50","modified_gmt":"2021-04-21T15:31:50","slug":"indicador-de-nivel-de-agua","status":"publish","type":"product","link":"https:\/\/kpn.com.uy\/web\/producto\/indicador-de-nivel-de-agua\/","title":{"rendered":"Indicador de Nivel de Agua"},"content":{"rendered":"<p>Los Indicadores de Nivel de Agua (Medidores El\u00e9ctricos de Contacto) son port\u00e1tiles, f\u00e1ciles de usar e instrumentos fiables para medir el nivel de agua y profundidad completa de perforaciones (barrenos), pozos, tubos de observaci\u00f3n, embalses, y tambien para control de pruebas de bombeo.<\/p>\n<p>Apenas el electrodo de la sonda de medici\u00f3n toca la superficie del agua, el indicador de se\u00f1al en el instrumento enciende y tambi\u00e9n un alarma audible. El nivel de agua puede estar le\u00eddo en la cinta de medici\u00f3n en metros (m) y cent\u00edmetros (cm).<\/p>\n<h3>Especificaciones T\u00e9cnicas<\/h3>\n<p><img fetchpriority=\"high\" decoding=\"async\" class=\"alignnone size-full wp-image-23890\" src=\"https:\/\/kpn.com.uy\/web\/wp-content\/uploads\/2021\/04\/Captura-3.jpg\" alt=\"\" width=\"435\" height=\"467\" srcset=\"https:\/\/kpn.com.uy\/web\/wp-content\/uploads\/2021\/04\/Captura-3.jpg 435w, https:\/\/kpn.com.uy\/web\/wp-content\/uploads\/2021\/04\/Captura-3-401x430.jpg 401w, https:\/\/kpn.com.uy\/web\/wp-content\/uploads\/2021\/04\/Captura-3-86x92.jpg 86w, https:\/\/kpn.com.uy\/web\/wp-content\/uploads\/2021\/04\/Captura-3-100x107.jpg 100w, https:\/\/kpn.com.uy\/web\/wp-content\/uploads\/2021\/04\/Captura-3-200x215.jpg 200w, https:\/\/kpn.com.uy\/web\/wp-content\/uploads\/2021\/04\/Captura-3-300x322.jpg 300w\" sizes=\"(max-width: 435px) 100vw, 435px\" \/><\/p>\n","protected":false},"excerpt":{"rendered":"<h4>C\u00f3digo del Producto<\/h4>\n<p><strong>UTS-0050<\/strong>\u00a0\u00a0\u00a0\u00a0\u00a0\u00a0\u00a0\u00a0\u00a0\u00a0\u00a0 Indicador de Nivel de Agua, Cable de 50 m de largo<br \/>\n<strong>UTS-0052<\/strong>\u00a0\u00a0\u00a0\u00a0\u00a0\u00a0\u00a0\u00a0\u00a0\u00a0\u00a0 Indicador de Nivel de Agua, Cable de 100 m de largo<br \/>\n<strong>UTS-0055<\/strong>\u00a0\u00a0\u00a0\u00a0\u00a0\u00a0\u00a0\u00a0\u00a0\u00a0\u00a0 Indicador de Nivel de Agua, Cable de 150 m de largo<br \/>\n<strong>UTS-0058<\/strong>\u00a0\u00a0\u00a0\u00a0\u00a0\u00a0\u00a0\u00a0\u00a0\u00a0\u00a0 Indicador de Nivel de Agua, Cable de 200 m de largo<\/p>\n","protected":false},"featured_media":23891,"template":"","meta":{"_exactmetrics_skip_tracking":false,"_exactmetrics_sitenote_active":false,"_exactmetrics_sitenote_note":"","_exactmetrics_sitenote_category":0,"_monsterinsights_skip_tracking":false,"_monsterinsights_sitenote_active":false,"_monsterinsights_sitenote_note":"","_monsterinsights_sitenote_category":0},"product_brand":[],"product_cat":[367,366],"product_tag":[],"class_list":{"0":"post-23889","1":"product","2":"type-product","3":"status-publish","4":"has-post-thumbnail","6":"product_cat-muestreo-en-suelos","7":"product_cat-utest","9":"first","10":"instock","11":"shipping-taxable","12":"product-type-simple","13":"col-xxl","14":"col-xl-4","15":"col-lg-6","16":"col-sm-6"},"_links":{"self":[{"href":"https:\/\/kpn.com.uy\/web\/wp-json\/wp\/v2\/product\/23889","targetHints":{"allow":["GET"]}}],"collection":[{"href":"https:\/\/kpn.com.uy\/web\/wp-json\/wp\/v2\/product"}],"about":[{"href":"https:\/\/kpn.com.uy\/web\/wp-json\/wp\/v2\/types\/product"}],"wp:featuredmedia":[{"embeddable":true,"href":"https:\/\/kpn.com.uy\/web\/wp-json\/wp\/v2\/media\/23891"}],"wp:attachment":[{"href":"https:\/\/kpn.com.uy\/web\/wp-json\/wp\/v2\/media?parent=23889"}],"wp:term":[{"taxonomy":"product_brand","embeddable":true,"href":"https:\/\/kpn.com.uy\/web\/wp-json\/wp\/v2\/product_brand?post=23889"},{"taxonomy":"product_cat","embeddable":true,"href":"https:\/\/kpn.com.uy\/web\/wp-json\/wp\/v2\/product_cat?post=23889"},{"taxonomy":"product_tag","embeddable":true,"href":"https:\/\/kpn.com.uy\/web\/wp-json\/wp\/v2\/product_tag?post=23889"}],"curies":[{"name":"wp","href":"https:\/\/api.w.org\/{rel}","templated":true}]}}