{"id":23917,"date":"2021-04-21T16:50:41","date_gmt":"2021-04-21T19:50:41","guid":{"rendered":"https:\/\/kpn.com.uy\/web\/?post_type=product&#038;p=23917"},"modified":"2021-04-21T16:50:41","modified_gmt":"2021-04-21T19:50:41","slug":"conjunto-de-equipo-para-inspecciones-en-campo","status":"publish","type":"product","link":"https:\/\/kpn.com.uy\/web\/producto\/conjunto-de-equipo-para-inspecciones-en-campo\/","title":{"rendered":"Conjunto de Equipo Para Inspecciones en Campo"},"content":{"rendered":"<h4>Est\u00e1ndares<\/h4>\n<p>ASTM D2573<\/p>\n<p>El UTS-0080 Conjunto de Equipo para Inspecciones en Campo es ideal para geot\u00e9cnicos, ge\u00f3logos y agr\u00f3nomos. Consiste del UTS-0084 Penetr\u00f3metro de Bosillo y el UTS-0082 Torc\u00f3metro de Bosillo para Inspecciones en Campo. El equipo se guarda en un estuche pr\u00e1ctico de transporte.<\/p>\n<p><img decoding=\"async\" class=\"alignnone size-full wp-image-23918\" src=\"https:\/\/kpn.com.uy\/web\/wp-content\/uploads\/2021\/04\/Captura-9.jpg\" alt=\"\" width=\"440\" height=\"85\" srcset=\"https:\/\/kpn.com.uy\/web\/wp-content\/uploads\/2021\/04\/Captura-9.jpg 440w, https:\/\/kpn.com.uy\/web\/wp-content\/uploads\/2021\/04\/Captura-9-401x77.jpg 401w, https:\/\/kpn.com.uy\/web\/wp-content\/uploads\/2021\/04\/Captura-9-100x19.jpg 100w, https:\/\/kpn.com.uy\/web\/wp-content\/uploads\/2021\/04\/Captura-9-200x39.jpg 200w, https:\/\/kpn.com.uy\/web\/wp-content\/uploads\/2021\/04\/Captura-9-300x58.jpg 300w\" sizes=\"(max-width: 440px) 100vw, 440px\" \/><\/p>\n<p>El UTS-0082 Torc\u00f3metro de Bosillo para Inspecciones en Campo est\u00e1 especialmente dise\u00f1ado para medir la resistencia de corte no drenada (CU) de suelos cohesivos, consiste de un cuerpo cil\u00edndrico con un resorte torsional y tres veletas intercambiables de diferentes tama\u00f1os usadas dependiendo de la resistencia esperada del suelo. El ratio de altura\/di\u00e1metro de las veletas es 2. Durante la operaci\u00f3n la veleta est\u00e1 impulsada (metida) en el suelo y despu\u00e9s rotada (girada) con el mango (asa). Mediciones profundas (i.e. encima de las muestras no perturbadas) pueden estar obtenidas usando la barra de extensi\u00f3n. Todo es de acero inoxidable. Viene con un estuche de pl\u00e1stico. La barra de extensi\u00f3n se ordena por separado.<\/p>\n<p><img fetchpriority=\"high\" decoding=\"async\" class=\"alignnone size-full wp-image-23919\" src=\"https:\/\/kpn.com.uy\/web\/wp-content\/uploads\/2021\/04\/Captura-10.jpg\" alt=\"\" width=\"637\" height=\"167\" srcset=\"https:\/\/kpn.com.uy\/web\/wp-content\/uploads\/2021\/04\/Captura-10.jpg 637w, https:\/\/kpn.com.uy\/web\/wp-content\/uploads\/2021\/04\/Captura-10-500x131.jpg 500w, https:\/\/kpn.com.uy\/web\/wp-content\/uploads\/2021\/04\/Captura-10-401x105.jpg 401w, https:\/\/kpn.com.uy\/web\/wp-content\/uploads\/2021\/04\/Captura-10-480x126.jpg 480w, https:\/\/kpn.com.uy\/web\/wp-content\/uploads\/2021\/04\/Captura-10-351x92.jpg 351w, https:\/\/kpn.com.uy\/web\/wp-content\/uploads\/2021\/04\/Captura-10-100x26.jpg 100w, https:\/\/kpn.com.uy\/web\/wp-content\/uploads\/2021\/04\/Captura-10-200x52.jpg 200w, https:\/\/kpn.com.uy\/web\/wp-content\/uploads\/2021\/04\/Captura-10-300x79.jpg 300w\" sizes=\"(max-width: 637px) 100vw, 637px\" \/><\/p>\n<p>El UTS-0084 Penetr\u00f3metro de Bosillo (Fuerte y Robustos) est\u00e1 dise\u00f1ado para hacer clasificaci\u00f3n en<\/p>\n<p>campo de suelos cohesivos en t\u00e9rminos de consistencia, resistencia de corte y resistencia compresiva aproximada no confinada. El modelo robusto y fuerte es de acero inoxidable, con tres puntos intercambiables: de 4.5 mm de di\u00e1metro para suelo muy duro, de 6.35 mm para suelo medio y suave y de 8.98 mm para suelo aun m\u00e1s suave. Viene con un estuche de pl\u00e1stico.<\/p>\n<p><img decoding=\"async\" class=\"alignnone size-full wp-image-23920\" src=\"https:\/\/kpn.com.uy\/web\/wp-content\/uploads\/2021\/04\/Captura-11.jpg\" alt=\"\" width=\"636\" height=\"101\" srcset=\"https:\/\/kpn.com.uy\/web\/wp-content\/uploads\/2021\/04\/Captura-11.jpg 636w, https:\/\/kpn.com.uy\/web\/wp-content\/uploads\/2021\/04\/Captura-11-500x79.jpg 500w, https:\/\/kpn.com.uy\/web\/wp-content\/uploads\/2021\/04\/Captura-11-401x64.jpg 401w, https:\/\/kpn.com.uy\/web\/wp-content\/uploads\/2021\/04\/Captura-11-480x76.jpg 480w, https:\/\/kpn.com.uy\/web\/wp-content\/uploads\/2021\/04\/Captura-11-579x92.jpg 579w, https:\/\/kpn.com.uy\/web\/wp-content\/uploads\/2021\/04\/Captura-11-100x16.jpg 100w, https:\/\/kpn.com.uy\/web\/wp-content\/uploads\/2021\/04\/Captura-11-200x32.jpg 200w, https:\/\/kpn.com.uy\/web\/wp-content\/uploads\/2021\/04\/Captura-11-300x48.jpg 300w\" sizes=\"(max-width: 636px) 100vw, 636px\" \/><\/p>\n","protected":false},"excerpt":{"rendered":"<h4>C\u00f3digo del Producto<\/h4>\n<p><strong>UTS-0080<\/strong>\u00a0\u00a0\u00a0\u00a0\u00a0\u00a0\u00a0\u00a0\u00a0\u00a0\u00a0 Conjunto de Equipo para Inspecciones en Campo<br \/>\n<strong>UTS-0082<\/strong>\u00a0\u00a0\u00a0\u00a0\u00a0\u00a0\u00a0\u00a0\u00a0\u00a0\u00a0 Torc\u00f3metro de Bosillo para Inspecciones en Campo<br \/>\n<strong>UTS-0082\/1<\/strong>\u00a0\u00a0\u00a0\u00a0\u00a0\u00a0\u00a0 Barra para Extensi\u00f3n para UTS-0082<br \/>\n<strong>UTS-0084<\/strong>\u00a0\u00a0\u00a0\u00a0\u00a0\u00a0\u00a0\u00a0\u00a0\u00a0\u00a0 Penetr\u00f3metro de Bosillo (Fuerte y Robusto) 0-10 kgf\/cm2 rango<\/p>\n","protected":false},"featured_media":23921,"template":"","meta":{"_exactmetrics_skip_tracking":false,"_exactmetrics_sitenote_active":false,"_exactmetrics_sitenote_note":"","_exactmetrics_sitenote_category":0,"_monsterinsights_skip_tracking":false,"_monsterinsights_sitenote_active":false,"_monsterinsights_sitenote_note":"","_monsterinsights_sitenote_category":0},"product_brand":[],"product_cat":[367,366],"product_tag":[],"class_list":{"0":"post-23917","1":"product","2":"type-product","3":"status-publish","4":"has-post-thumbnail","6":"product_cat-muestreo-en-suelos","7":"product_cat-utest","9":"first","10":"instock","11":"shipping-taxable","12":"product-type-simple","13":"col-xxl","14":"col-xl-4","15":"col-lg-6","16":"col-sm-6"},"_links":{"self":[{"href":"https:\/\/kpn.com.uy\/web\/wp-json\/wp\/v2\/product\/23917","targetHints":{"allow":["GET"]}}],"collection":[{"href":"https:\/\/kpn.com.uy\/web\/wp-json\/wp\/v2\/product"}],"about":[{"href":"https:\/\/kpn.com.uy\/web\/wp-json\/wp\/v2\/types\/product"}],"wp:featuredmedia":[{"embeddable":true,"href":"https:\/\/kpn.com.uy\/web\/wp-json\/wp\/v2\/media\/23921"}],"wp:attachment":[{"href":"https:\/\/kpn.com.uy\/web\/wp-json\/wp\/v2\/media?parent=23917"}],"wp:term":[{"taxonomy":"product_brand","embeddable":true,"href":"https:\/\/kpn.com.uy\/web\/wp-json\/wp\/v2\/product_brand?post=23917"},{"taxonomy":"product_cat","embeddable":true,"href":"https:\/\/kpn.com.uy\/web\/wp-json\/wp\/v2\/product_cat?post=23917"},{"taxonomy":"product_tag","embeddable":true,"href":"https:\/\/kpn.com.uy\/web\/wp-json\/wp\/v2\/product_tag?post=23917"}],"curies":[{"name":"wp","href":"https:\/\/api.w.org\/{rel}","templated":true}]}}