{"id":23924,"date":"2021-04-22T10:16:46","date_gmt":"2021-04-22T13:16:46","guid":{"rendered":"https:\/\/kpn.com.uy\/web\/?post_type=product&#038;p=23924"},"modified":"2021-04-22T10:16:46","modified_gmt":"2021-04-22T13:16:46","slug":"torcometro-de-bosillo","status":"publish","type":"product","link":"https:\/\/kpn.com.uy\/web\/producto\/torcometro-de-bosillo\/","title":{"rendered":"Torc\u00f3metro de Bosillo"},"content":{"rendered":"<p>El UTS-0088 Torc\u00f3metro de Bosillo es un equipo pr\u00e1ctico para determinar la resistencia de corte de suelos cohesivos. Es ampliamente utilizado para hacer mediciones In-Situ de excavaciones que cubren zanjas y pozos de prueba, muestras de pared delgada o partida, por proveer un m\u00e9todo r\u00e1pido y eficiente para mediciones de resistencia de corte y tambi\u00e9n est\u00e1 adecuado para uso en laboratorio. Viene con un estuche de pl\u00e1stico.<\/p>\n<p><img fetchpriority=\"high\" decoding=\"async\" class=\"alignnone size-full wp-image-23925\" src=\"https:\/\/kpn.com.uy\/web\/wp-content\/uploads\/2021\/04\/Captura-15.jpg\" alt=\"\" width=\"440\" height=\"177\" srcset=\"https:\/\/kpn.com.uy\/web\/wp-content\/uploads\/2021\/04\/Captura-15.jpg 440w, https:\/\/kpn.com.uy\/web\/wp-content\/uploads\/2021\/04\/Captura-15-401x161.jpg 401w, https:\/\/kpn.com.uy\/web\/wp-content\/uploads\/2021\/04\/Captura-15-229x92.jpg 229w, https:\/\/kpn.com.uy\/web\/wp-content\/uploads\/2021\/04\/Captura-15-100x40.jpg 100w, https:\/\/kpn.com.uy\/web\/wp-content\/uploads\/2021\/04\/Captura-15-200x80.jpg 200w, https:\/\/kpn.com.uy\/web\/wp-content\/uploads\/2021\/04\/Captura-15-300x121.jpg 300w\" sizes=\"(max-width: 440px) 100vw, 440px\" \/><\/p>\n","protected":false},"excerpt":{"rendered":"<h4>C\u00f3digo del Producto<\/h4>\n<p><strong>UTS-0088<\/strong>\u00a0\u00a0\u00a0\u00a0\u00a0\u00a0\u00a0\u00a0\u00a0\u00a0\u00a0 Torc\u00f3metro de Bosillo<\/p>\n","protected":false},"featured_media":23926,"template":"","meta":{"_exactmetrics_skip_tracking":false,"_exactmetrics_sitenote_active":false,"_exactmetrics_sitenote_note":"","_exactmetrics_sitenote_category":0,"_monsterinsights_skip_tracking":false,"_monsterinsights_sitenote_active":false,"_monsterinsights_sitenote_note":"","_monsterinsights_sitenote_category":0},"product_brand":[],"product_cat":[367,366],"product_tag":[],"class_list":{"0":"post-23924","1":"product","2":"type-product","3":"status-publish","4":"has-post-thumbnail","6":"product_cat-muestreo-en-suelos","7":"product_cat-utest","9":"first","10":"instock","11":"shipping-taxable","12":"product-type-simple","13":"col-xxl","14":"col-xl-4","15":"col-lg-6","16":"col-sm-6"},"_links":{"self":[{"href":"https:\/\/kpn.com.uy\/web\/wp-json\/wp\/v2\/product\/23924","targetHints":{"allow":["GET"]}}],"collection":[{"href":"https:\/\/kpn.com.uy\/web\/wp-json\/wp\/v2\/product"}],"about":[{"href":"https:\/\/kpn.com.uy\/web\/wp-json\/wp\/v2\/types\/product"}],"wp:featuredmedia":[{"embeddable":true,"href":"https:\/\/kpn.com.uy\/web\/wp-json\/wp\/v2\/media\/23926"}],"wp:attachment":[{"href":"https:\/\/kpn.com.uy\/web\/wp-json\/wp\/v2\/media?parent=23924"}],"wp:term":[{"taxonomy":"product_brand","embeddable":true,"href":"https:\/\/kpn.com.uy\/web\/wp-json\/wp\/v2\/product_brand?post=23924"},{"taxonomy":"product_cat","embeddable":true,"href":"https:\/\/kpn.com.uy\/web\/wp-json\/wp\/v2\/product_cat?post=23924"},{"taxonomy":"product_tag","embeddable":true,"href":"https:\/\/kpn.com.uy\/web\/wp-json\/wp\/v2\/product_tag?post=23924"}],"curies":[{"name":"wp","href":"https:\/\/api.w.org\/{rel}","templated":true}]}}