{"id":23927,"date":"2021-04-22T10:52:08","date_gmt":"2021-04-22T13:52:08","guid":{"rendered":"https:\/\/kpn.com.uy\/web\/?post_type=product&#038;p=23927"},"modified":"2021-04-22T10:52:08","modified_gmt":"2021-04-22T13:52:08","slug":"cono-trl-penetrometro-dinamico","status":"publish","type":"product","link":"https:\/\/kpn.com.uy\/web\/producto\/cono-trl-penetrometro-dinamico\/","title":{"rendered":"Cono TRL Penetr\u00f3metro Din\u00e1mico"},"content":{"rendered":"<h4>Est\u00e1ndares<\/h4>\n<p>D 6951<\/p>\n<p>El UTS-0095 TRL Penetr\u00f3metro de Cono Din\u00e1mico (DCP) est\u00e1 usado para la medici\u00f3n r\u00e1pida, In-Situ, de propiedades estructurales de pavimento existente de calles construido con materiales no consolidados.<\/p>\n<p>El dise\u00f1o del DCP es similar al cual est\u00e1 descrito por Kleyn, Maree y Savage (1982); incorpora un peso para ca\u00edda de 8 kg que cae de una altura de 575 mm y un cono de 60\u00b0 con un di\u00e1metro de 20 mm con las mediciones est\u00e1ndares de un DCP que puede penetrar hasta una profundidad de aproximadamente 850 mm o cuando barras de extensi\u00f3n est\u00e1n usadas hasta una profundidad m\u00e1xima recomendada de 2 m.<\/p>\n<p>Las lecturas est\u00e1n usualmente tomadas despu\u00e9s de un n\u00famero de golpes preestablecido, cambiando el n\u00famero seg\u00fan la resistencia de la capa siendo penetrada. Una prueba t\u00edpica solo toma unos minutos entonces el instrumento provee un m\u00e9todo muy eficiente de obtener informaci\u00f3n que normalmente requiere la excavaci\u00f3n de pozos de sondeo.<\/p>\n<p>El ensamble del martillo para penetraci\u00f3n consiste de un martillo de 8 kg, barra del martillo, yunque con acoplamiento para el plato pl\u00e1stico para la regla y asa.<\/p>\n<p><img decoding=\"async\" class=\"alignnone size-full wp-image-23928\" src=\"https:\/\/kpn.com.uy\/web\/wp-content\/uploads\/2021\/04\/Captura-17.jpg\" alt=\"\" width=\"331\" height=\"51\" srcset=\"https:\/\/kpn.com.uy\/web\/wp-content\/uploads\/2021\/04\/Captura-17.jpg 331w, https:\/\/kpn.com.uy\/web\/wp-content\/uploads\/2021\/04\/Captura-17-327x51.jpg 327w, https:\/\/kpn.com.uy\/web\/wp-content\/uploads\/2021\/04\/Captura-17-100x15.jpg 100w, https:\/\/kpn.com.uy\/web\/wp-content\/uploads\/2021\/04\/Captura-17-200x31.jpg 200w, https:\/\/kpn.com.uy\/web\/wp-content\/uploads\/2021\/04\/Captura-17-300x46.jpg 300w\" sizes=\"(max-width: 331px) 100vw, 331px\" \/><\/p>\n<p>El TRL Penetr\u00f3metro de Cono Din\u00e1mico (DCP) viene con;<\/p>\n<ul>\n<li>Un ensamble del martillo<\/li>\n<li>Barra para penetraci\u00f3n<\/li>\n<li>Cono de 60\u00b0, 2 pcs.<\/li>\n<li>Acoplamiento para el plato de metal para la regla<\/li>\n<li>Adaptador segmentado para las barras de extensi\u00f3n<\/li>\n<li>Barra segmentada superior de extensi\u00f3n<\/li>\n<li>Barra segmentada inferior de extensi\u00f3n<\/li>\n<li>Llaves AF, 2 pcs. de 13-17 mm<\/li>\n<li>Llave Hex\u00e1gono AF de 3 mm<\/li>\n<li>Barra Tommy<\/li>\n<li>Una botella de adhesivo de 10 cc<\/li>\n<li>Manual de usuario<\/li>\n<li>Regla de Acero<\/li>\n<li>Estuche de Transporte, Robusto y Fuerte, de Madera<\/li>\n<\/ul>\n","protected":false},"excerpt":{"rendered":"<h4>C\u00f3digo del Producto<\/h4>\n<p><strong>UTS-0095<\/strong>\u00a0\u00a0\u00a0\u00a0\u00a0\u00a0\u00a0\u00a0\u00a0\u00a0\u00a0 TRL Penetr\u00f3metro de Cono Din\u00e1mico (DCP)<\/p>\n","protected":false},"featured_media":23929,"template":"","meta":{"_exactmetrics_skip_tracking":false,"_exactmetrics_sitenote_active":false,"_exactmetrics_sitenote_note":"","_exactmetrics_sitenote_category":0,"_monsterinsights_skip_tracking":false,"_monsterinsights_sitenote_active":false,"_monsterinsights_sitenote_note":"","_monsterinsights_sitenote_category":0},"product_brand":[],"product_cat":[367,366],"product_tag":[],"class_list":{"0":"post-23927","1":"product","2":"type-product","3":"status-publish","4":"has-post-thumbnail","6":"product_cat-muestreo-en-suelos","7":"product_cat-utest","9":"first","10":"instock","11":"shipping-taxable","12":"product-type-simple","13":"col-xxl","14":"col-xl-4","15":"col-lg-6","16":"col-sm-6"},"_links":{"self":[{"href":"https:\/\/kpn.com.uy\/web\/wp-json\/wp\/v2\/product\/23927","targetHints":{"allow":["GET"]}}],"collection":[{"href":"https:\/\/kpn.com.uy\/web\/wp-json\/wp\/v2\/product"}],"about":[{"href":"https:\/\/kpn.com.uy\/web\/wp-json\/wp\/v2\/types\/product"}],"wp:featuredmedia":[{"embeddable":true,"href":"https:\/\/kpn.com.uy\/web\/wp-json\/wp\/v2\/media\/23929"}],"wp:attachment":[{"href":"https:\/\/kpn.com.uy\/web\/wp-json\/wp\/v2\/media?parent=23927"}],"wp:term":[{"taxonomy":"product_brand","embeddable":true,"href":"https:\/\/kpn.com.uy\/web\/wp-json\/wp\/v2\/product_brand?post=23927"},{"taxonomy":"product_cat","embeddable":true,"href":"https:\/\/kpn.com.uy\/web\/wp-json\/wp\/v2\/product_cat?post=23927"},{"taxonomy":"product_tag","embeddable":true,"href":"https:\/\/kpn.com.uy\/web\/wp-json\/wp\/v2\/product_tag?post=23927"}],"curies":[{"name":"wp","href":"https:\/\/api.w.org\/{rel}","templated":true}]}}