{"id":23934,"date":"2021-04-23T16:55:55","date_gmt":"2021-04-23T19:55:55","guid":{"rendered":"https:\/\/kpn.com.uy\/web\/?post_type=product&#038;p=23934"},"modified":"2021-04-23T16:56:36","modified_gmt":"2021-04-23T19:56:36","slug":"maquinas-prensa-de-baja-capacidad","status":"publish","type":"product","link":"https:\/\/kpn.com.uy\/web\/producto\/maquinas-prensa-de-baja-capacidad\/","title":{"rendered":"M\u00e1quinas (Prensa) De Baja Capacidad"},"content":{"rendered":"<h4>Est\u00e1ndares<\/h4>\n<p>ASTM C39; BS 1881<\/p>\n<p>El marco de carga provee la estabilidad necesaria para resultados de prueba precisos y repetibles durante los a\u0144os de operaci\u00f3n. El paquete hidr\u00e1ulico de la m\u00e1quina, unidad de control e indicador digital est\u00e1n posicionados en el lado derecho del marco de carga para f\u00e1cil accesibilidad, aumento de la productividad, y para operaciones m\u00e1s seguras.<\/p>\n<p><em>El ensamble del marco de carga consiste de lo siguiente;<\/em><\/p>\n<ul>\n<li><em>Marco de Carga<\/em><\/li>\n<li><em>Platina Superior con Ensamble de Asiento Esf\u00e9rico<\/em><\/li>\n<li><em>Platina Inferior<\/em><\/li>\n<li><em>Espaciadores<\/em><\/li>\n<li><em>Ensamble de Carga de Cilindros &amp; Interruptor de L\u00edmite para Seguridad<\/em><\/li>\n<li><em>Puertas Delanteras y Traseras de Protecci\u00f3n, para Seguridad<\/em><\/li>\n<\/ul>\n<p>Marcos de Carga de Baja Capacidad (d* profundidad)<\/p>\n<p><img fetchpriority=\"high\" decoding=\"async\" class=\"alignnone size-full wp-image-23935\" src=\"https:\/\/kpn.com.uy\/web\/wp-content\/uploads\/2021\/04\/Captura-20.jpg\" alt=\"\" width=\"693\" height=\"307\" srcset=\"https:\/\/kpn.com.uy\/web\/wp-content\/uploads\/2021\/04\/Captura-20.jpg 693w, https:\/\/kpn.com.uy\/web\/wp-content\/uploads\/2021\/04\/Captura-20-500x222.jpg 500w, https:\/\/kpn.com.uy\/web\/wp-content\/uploads\/2021\/04\/Captura-20-401x178.jpg 401w, https:\/\/kpn.com.uy\/web\/wp-content\/uploads\/2021\/04\/Captura-20-480x213.jpg 480w, https:\/\/kpn.com.uy\/web\/wp-content\/uploads\/2021\/04\/Captura-20-640x284.jpg 640w, https:\/\/kpn.com.uy\/web\/wp-content\/uploads\/2021\/04\/Captura-20-208x92.jpg 208w, https:\/\/kpn.com.uy\/web\/wp-content\/uploads\/2021\/04\/Captura-20-100x44.jpg 100w, https:\/\/kpn.com.uy\/web\/wp-content\/uploads\/2021\/04\/Captura-20-200x89.jpg 200w, https:\/\/kpn.com.uy\/web\/wp-content\/uploads\/2021\/04\/Captura-20-300x133.jpg 300w\" sizes=\"(max-width: 693px) 100vw, 693px\" \/><\/p>\n<p>Marcos de Carga de Baja Capacidad vienen con;<\/p>\n<ul>\n<li>UTC-4700 : Espaciadores de 90, 50, 30, x 165 mm de di\u00e1metro<\/li>\n<li>UTC-4710 : Espaciadores de 90, 50, 2 pcs. 30, x 165 mm de di\u00e1metro<\/li>\n<\/ul>\n","protected":false},"excerpt":{"rendered":"<h4>C\u00f3digo del Producto<\/h4>\n<p><strong>UTC-4700<\/strong>\u00a0\u00a0\u00a0 Marco de Carga de 600 kN de Capacidad<br \/>\n<strong>UTC-4710<\/strong>\u00a0\u00a0\u00a0 Marco de Carga de 1500 kN de Capacidad<br \/>\n<strong>UTC-4721<\/strong>\u00a0\u00a0\u00a0 Marco de Carga de 2000 kN de Capacidad, ASTM<br \/>\n<strong>UTC-4731<\/strong>\u00a0\u00a0\u00a0 Marco de Carga de 3000 kN de Capacidad, ASTM<\/p>\n","protected":false},"featured_media":23936,"template":"","meta":{"_exactmetrics_skip_tracking":false,"_exactmetrics_sitenote_active":false,"_exactmetrics_sitenote_note":"","_exactmetrics_sitenote_category":0,"_monsterinsights_skip_tracking":false,"_monsterinsights_sitenote_active":false,"_monsterinsights_sitenote_note":"","_monsterinsights_sitenote_category":0},"product_brand":[],"product_cat":[369,366],"product_tag":[],"class_list":{"0":"post-23934","1":"product","2":"type-product","3":"status-publish","4":"has-post-thumbnail","6":"product_cat-concreto","7":"product_cat-utest","9":"first","10":"instock","11":"shipping-taxable","12":"product-type-simple","13":"col-xxl","14":"col-xl-4","15":"col-lg-6","16":"col-sm-6"},"_links":{"self":[{"href":"https:\/\/kpn.com.uy\/web\/wp-json\/wp\/v2\/product\/23934","targetHints":{"allow":["GET"]}}],"collection":[{"href":"https:\/\/kpn.com.uy\/web\/wp-json\/wp\/v2\/product"}],"about":[{"href":"https:\/\/kpn.com.uy\/web\/wp-json\/wp\/v2\/types\/product"}],"wp:featuredmedia":[{"embeddable":true,"href":"https:\/\/kpn.com.uy\/web\/wp-json\/wp\/v2\/media\/23936"}],"wp:attachment":[{"href":"https:\/\/kpn.com.uy\/web\/wp-json\/wp\/v2\/media?parent=23934"}],"wp:term":[{"taxonomy":"product_brand","embeddable":true,"href":"https:\/\/kpn.com.uy\/web\/wp-json\/wp\/v2\/product_brand?post=23934"},{"taxonomy":"product_cat","embeddable":true,"href":"https:\/\/kpn.com.uy\/web\/wp-json\/wp\/v2\/product_cat?post=23934"},{"taxonomy":"product_tag","embeddable":true,"href":"https:\/\/kpn.com.uy\/web\/wp-json\/wp\/v2\/product_tag?post=23934"}],"curies":[{"name":"wp","href":"https:\/\/api.w.org\/{rel}","templated":true}]}}