{"id":23937,"date":"2021-04-23T16:59:20","date_gmt":"2021-04-23T19:59:20","guid":{"rendered":"https:\/\/kpn.com.uy\/web\/?post_type=product&#038;p=23937"},"modified":"2021-04-23T16:59:20","modified_gmt":"2021-04-23T19:59:20","slug":"maquinas-prensa-de-las-normas-astm","status":"publish","type":"product","link":"https:\/\/kpn.com.uy\/web\/producto\/maquinas-prensa-de-las-normas-astm\/","title":{"rendered":"M\u00e1quinas (Prensa) De Las Normas ASTM"},"content":{"rendered":"<h4>Est\u00e1ndares<\/h4>\n<p>ASTM C39; BS 1881<\/p>\n<p>El marco de carga provee la estabilidad necesaria para resultados de prueba precisos y repetibles durante los a\u0144os de operaci\u00f3n. El paquete hidr\u00e1ulico de la m\u00e1quina, unidad de control e indicador digital est\u00e1n posicionados en el lado derecho del marco de carga para f\u00e1cil accesibilidad, aumento de la productividad, y para operaciones m\u00e1s seguras.<\/p>\n<p><em>El ensamble del marco de carga consiste de lo siguiente;<\/em><\/p>\n<ul>\n<li><em>Marco de Carga<\/em><\/li>\n<li><em>Platina Superior con Ensamble de Asiento Esf\u00e9rico<\/em><\/li>\n<li><em>Platina Inferior<\/em><\/li>\n<li><em>Espaciadores<\/em><\/li>\n<li><em>Ensamble de Carga de Cilindros &amp; Interruptor de L\u00edmite para Seguridad<\/em><\/li>\n<li><em>Puertas Delanteras y Traseras de Protecci\u00f3n, para Seguridad<\/em><\/li>\n<\/ul>\n<p>Marcos de Carga de ASTM (d* profundidad)<\/p>\n<p><img fetchpriority=\"high\" decoding=\"async\" class=\"alignnone size-full wp-image-23938\" src=\"https:\/\/kpn.com.uy\/web\/wp-content\/uploads\/2021\/04\/Captura-22.jpg\" alt=\"\" width=\"699\" height=\"312\" srcset=\"https:\/\/kpn.com.uy\/web\/wp-content\/uploads\/2021\/04\/Captura-22.jpg 699w, https:\/\/kpn.com.uy\/web\/wp-content\/uploads\/2021\/04\/Captura-22-500x223.jpg 500w, https:\/\/kpn.com.uy\/web\/wp-content\/uploads\/2021\/04\/Captura-22-401x179.jpg 401w, https:\/\/kpn.com.uy\/web\/wp-content\/uploads\/2021\/04\/Captura-22-480x214.jpg 480w, https:\/\/kpn.com.uy\/web\/wp-content\/uploads\/2021\/04\/Captura-22-640x286.jpg 640w, https:\/\/kpn.com.uy\/web\/wp-content\/uploads\/2021\/04\/Captura-22-206x92.jpg 206w, https:\/\/kpn.com.uy\/web\/wp-content\/uploads\/2021\/04\/Captura-22-100x45.jpg 100w, https:\/\/kpn.com.uy\/web\/wp-content\/uploads\/2021\/04\/Captura-22-200x89.jpg 200w, https:\/\/kpn.com.uy\/web\/wp-content\/uploads\/2021\/04\/Captura-22-300x134.jpg 300w\" sizes=\"(max-width: 699px) 100vw, 699px\" \/><\/p>\n<p>Marcos de Carga de ASTM vienen con;<\/p>\n<ul>\n<li>UTC-4721 : 90, 50, 2 pcs. 30 x 165 mm de di\u00e1metro<\/li>\n<li>UTC-4731 : 90, 50, 2 pcs. 30 x 165 mm de di\u00e1metro<\/li>\n<\/ul>\n","protected":false},"excerpt":{"rendered":"<h4>C\u00f3digo del Producto<\/h4>\n<p><strong>UTC-4721<\/strong>\u00a0\u00a0\u00a0\u00a0 Marco de Carga de 2000 kN de Capacidad, ASTM<br \/>\n<strong>UTC-4731<\/strong>\u00a0\u00a0\u00a0\u00a0 Marco de Carga de 3000 kN de Capacidad, ASTM<\/p>\n","protected":false},"featured_media":23939,"template":"","meta":{"_exactmetrics_skip_tracking":false,"_exactmetrics_sitenote_active":false,"_exactmetrics_sitenote_note":"","_exactmetrics_sitenote_category":0,"_monsterinsights_skip_tracking":false,"_monsterinsights_sitenote_active":false,"_monsterinsights_sitenote_note":"","_monsterinsights_sitenote_category":0},"product_brand":[],"product_cat":[369,366],"product_tag":[],"class_list":{"0":"post-23937","1":"product","2":"type-product","3":"status-publish","4":"has-post-thumbnail","6":"product_cat-concreto","7":"product_cat-utest","9":"first","10":"instock","11":"shipping-taxable","12":"product-type-simple","13":"col-xxl","14":"col-xl-4","15":"col-lg-6","16":"col-sm-6"},"_links":{"self":[{"href":"https:\/\/kpn.com.uy\/web\/wp-json\/wp\/v2\/product\/23937","targetHints":{"allow":["GET"]}}],"collection":[{"href":"https:\/\/kpn.com.uy\/web\/wp-json\/wp\/v2\/product"}],"about":[{"href":"https:\/\/kpn.com.uy\/web\/wp-json\/wp\/v2\/types\/product"}],"wp:featuredmedia":[{"embeddable":true,"href":"https:\/\/kpn.com.uy\/web\/wp-json\/wp\/v2\/media\/23939"}],"wp:attachment":[{"href":"https:\/\/kpn.com.uy\/web\/wp-json\/wp\/v2\/media?parent=23937"}],"wp:term":[{"taxonomy":"product_brand","embeddable":true,"href":"https:\/\/kpn.com.uy\/web\/wp-json\/wp\/v2\/product_brand?post=23937"},{"taxonomy":"product_cat","embeddable":true,"href":"https:\/\/kpn.com.uy\/web\/wp-json\/wp\/v2\/product_cat?post=23937"},{"taxonomy":"product_tag","embeddable":true,"href":"https:\/\/kpn.com.uy\/web\/wp-json\/wp\/v2\/product_tag?post=23937"}],"curies":[{"name":"wp","href":"https:\/\/api.w.org\/{rel}","templated":true}]}}