{"id":23954,"date":"2021-04-28T13:25:48","date_gmt":"2021-04-28T16:25:48","guid":{"rendered":"https:\/\/kpn.com.uy\/web\/?post_type=product&#038;p=23954"},"modified":"2021-04-28T13:50:29","modified_gmt":"2021-04-28T16:50:29","slug":"sistema-3d-trimble","status":"publish","type":"product","link":"https:\/\/kpn.com.uy\/web\/producto\/sistema-3d-trimble\/","title":{"rendered":"Sistema 3D Trimble"},"content":{"rendered":"","protected":false},"excerpt":{"rendered":"<p>El sistema 3D de Trimble es ideal para aumentar la productividad en la obra y poder realizar tanto los trabajos de desmonte como los de refino con la mayor precisi\u00f3n. En funci\u00f3n de los requisitos de la obra es posible utilizar\u00a0cualquiera de los dos sistemas 3D disponibles:<\/p>\n<ul>\n<li>Equipo 3D de estaci\u00f3n Total<\/li>\n<li>Equipo 3D GPS<\/li>\n<\/ul>\n<p>El sistema 3D de estaci\u00f3n total incluye el exclusivo prisma MT900 activo de Trimble, con la gran ventaja de menores perdidas de seguimiento con respecto a la estaci\u00f3n total.<\/p>\n<p>En los sistemas GPS, la nueva antena receptora MS995 proporciona una dureza y recepci\u00f3n de la se\u00f1al inigualable que permitir\u00e1 trabajar con las constelaciones GPS, Glonass, Beidu y Galileo, para aumentar la productividad y precisi\u00f3n en la obra.<\/p>\n<p>&nbsp;<\/p>\n[maxbutton id=\"1\" url=\"https:\/\/drive.google.com\/file\/d\/1ogqFuxVtCJm81CMB4doAylQWjcVsy3h3\/view?usp=sharing\" text=\"DESCARGAR CAT\u00c1LOGO\" ]\n","protected":false},"featured_media":23955,"template":"","meta":{"_exactmetrics_skip_tracking":false,"_exactmetrics_sitenote_active":false,"_exactmetrics_sitenote_note":"","_exactmetrics_sitenote_category":0,"_monsterinsights_skip_tracking":false,"_monsterinsights_sitenote_active":false,"_monsterinsights_sitenote_note":"","_monsterinsights_sitenote_category":0},"product_brand":[],"product_cat":[355,93],"product_tag":[],"class_list":{"0":"post-23954","1":"product","2":"type-product","3":"status-publish","4":"has-post-thumbnail","6":"product_cat-motoniveladora","7":"product_cat-trimble","9":"first","10":"instock","11":"shipping-taxable","12":"product-type-simple","13":"col-xxl","14":"col-xl-4","15":"col-lg-6","16":"col-sm-6"},"_links":{"self":[{"href":"https:\/\/kpn.com.uy\/web\/wp-json\/wp\/v2\/product\/23954","targetHints":{"allow":["GET"]}}],"collection":[{"href":"https:\/\/kpn.com.uy\/web\/wp-json\/wp\/v2\/product"}],"about":[{"href":"https:\/\/kpn.com.uy\/web\/wp-json\/wp\/v2\/types\/product"}],"wp:featuredmedia":[{"embeddable":true,"href":"https:\/\/kpn.com.uy\/web\/wp-json\/wp\/v2\/media\/23955"}],"wp:attachment":[{"href":"https:\/\/kpn.com.uy\/web\/wp-json\/wp\/v2\/media?parent=23954"}],"wp:term":[{"taxonomy":"product_brand","embeddable":true,"href":"https:\/\/kpn.com.uy\/web\/wp-json\/wp\/v2\/product_brand?post=23954"},{"taxonomy":"product_cat","embeddable":true,"href":"https:\/\/kpn.com.uy\/web\/wp-json\/wp\/v2\/product_cat?post=23954"},{"taxonomy":"product_tag","embeddable":true,"href":"https:\/\/kpn.com.uy\/web\/wp-json\/wp\/v2\/product_tag?post=23954"}],"curies":[{"name":"wp","href":"https:\/\/api.w.org\/{rel}","templated":true}]}}