{"id":23957,"date":"2021-04-28T13:56:58","date_gmt":"2021-04-28T16:56:58","guid":{"rendered":"https:\/\/kpn.com.uy\/web\/?post_type=product&#038;p=23957"},"modified":"2021-04-29T12:40:52","modified_gmt":"2021-04-29T15:40:52","slug":"accugrade","status":"publish","type":"product","link":"https:\/\/kpn.com.uy\/web\/producto\/accugrade\/","title":{"rendered":"Accugrade"},"content":{"rendered":"","protected":false},"excerpt":{"rendered":"<p>L\u00ednea de productos Trimble, espec\u00edficamente creados para la maquinaria de la marca Caterpillar, la tecnolog\u00eda ha sido desarrollada por ambas compa\u00f1\u00edas.<\/p>\n<p>Estos sistemas se adaptan perfectamente a los sistemas el\u00e9ctrico e hidr\u00e1ulico de la motoniveladora Caterpillar consiguiendo unos resultados excepcionales en cuanto a precisi\u00f3n y respuesta.<\/p>\n<p>Hay disponibles tanto versiones 2D como 3D.<\/p>\n[maxbutton id=\"1\" url=\"https:\/\/drive.google.com\/file\/d\/1ld3x0xxNuAHIHJPF0RI_QuS5Am0oQn4v\/view?usp=sharing\" text=\"DESCARGAR CAT\u00c1LOGO\" ]\n","protected":false},"featured_media":23958,"template":"","meta":{"_exactmetrics_skip_tracking":false,"_exactmetrics_sitenote_active":false,"_exactmetrics_sitenote_note":"","_exactmetrics_sitenote_category":0,"_monsterinsights_skip_tracking":false,"_monsterinsights_sitenote_active":false,"_monsterinsights_sitenote_note":"","_monsterinsights_sitenote_category":0},"product_brand":[],"product_cat":[371,355,93],"product_tag":[],"class_list":{"0":"post-23957","1":"product","2":"type-product","3":"status-publish","4":"has-post-thumbnail","6":"product_cat-buldozer","7":"product_cat-motoniveladora","8":"product_cat-trimble","10":"first","11":"instock","12":"shipping-taxable","13":"product-type-simple","14":"col-xxl","15":"col-xl-4","16":"col-lg-6","17":"col-sm-6"},"_links":{"self":[{"href":"https:\/\/kpn.com.uy\/web\/wp-json\/wp\/v2\/product\/23957","targetHints":{"allow":["GET"]}}],"collection":[{"href":"https:\/\/kpn.com.uy\/web\/wp-json\/wp\/v2\/product"}],"about":[{"href":"https:\/\/kpn.com.uy\/web\/wp-json\/wp\/v2\/types\/product"}],"wp:featuredmedia":[{"embeddable":true,"href":"https:\/\/kpn.com.uy\/web\/wp-json\/wp\/v2\/media\/23958"}],"wp:attachment":[{"href":"https:\/\/kpn.com.uy\/web\/wp-json\/wp\/v2\/media?parent=23957"}],"wp:term":[{"taxonomy":"product_brand","embeddable":true,"href":"https:\/\/kpn.com.uy\/web\/wp-json\/wp\/v2\/product_brand?post=23957"},{"taxonomy":"product_cat","embeddable":true,"href":"https:\/\/kpn.com.uy\/web\/wp-json\/wp\/v2\/product_cat?post=23957"},{"taxonomy":"product_tag","embeddable":true,"href":"https:\/\/kpn.com.uy\/web\/wp-json\/wp\/v2\/product_tag?post=23957"}],"curies":[{"name":"wp","href":"https:\/\/api.w.org\/{rel}","templated":true}]}}