{"id":23996,"date":"2021-05-04T16:22:25","date_gmt":"2021-05-04T19:22:25","guid":{"rendered":"https:\/\/kpn.com.uy\/web\/?post_type=product&#038;p=23996"},"modified":"2021-05-04T16:23:16","modified_gmt":"2021-05-04T19:23:16","slug":"espaciadores","status":"publish","type":"product","link":"https:\/\/kpn.com.uy\/web\/producto\/espaciadores\/","title":{"rendered":"Espaciadores"},"content":{"rendered":"<h4 class=\"wp-block-heading\">Est\u00e1ndares<\/h4><p>EN 12390-3, 12390-4; BS 1881; ASTM C39<\/p><p>Espaciadores est\u00e1n usados para reducir el espacio de la apertura vertical entre la platina superior e inferior. Las m\u00e1quinas de 2000 kN, 3000 kN, y 4,000 kN vienen con espaciadores de 205 mm de di\u00e1metro y m\u00e1quinas de 600 kN y 1500 kN vienen con espaciadores de 165 mm de di\u00e1metro para reducir la distancia m\u00ednima entre las platinas superiores e inferiores hasta la altura requerida.<\/p><p>Espaciadores de tama\u00f1o grande est\u00e1n equipados (incluyen) agarraderas.<\/p><figure class=\"wp-block-image size-large\"><img fetchpriority=\"high\" decoding=\"async\" width=\"438\" height=\"197\" src=\"https:\/\/kpn.com.uy\/web\/wp-content\/uploads\/2021\/05\/Captura.jpg\" alt=\"\" class=\"wp-image-23997\" srcset=\"https:\/\/kpn.com.uy\/web\/wp-content\/uploads\/2021\/05\/Captura.jpg 438w, https:\/\/kpn.com.uy\/web\/wp-content\/uploads\/2021\/05\/Captura-401x180.jpg 401w, https:\/\/kpn.com.uy\/web\/wp-content\/uploads\/2021\/05\/Captura-205x92.jpg 205w, https:\/\/kpn.com.uy\/web\/wp-content\/uploads\/2021\/05\/Captura-100x45.jpg 100w, https:\/\/kpn.com.uy\/web\/wp-content\/uploads\/2021\/05\/Captura-200x90.jpg 200w, https:\/\/kpn.com.uy\/web\/wp-content\/uploads\/2021\/05\/Captura-300x135.jpg 300w\" sizes=\"(max-width: 438px) 100vw, 438px\" \/><\/figure><h5 class=\"wp-block-heading\">ENSAMBLE DE CARGA DE CILINDROS<\/h5><p>Todos los marcos de carga tienen un pist\u00f3n que va hacia arriba. El di\u00e1metro del pist\u00f3n est\u00e1 dise\u00f1ado a funcionar (trabajar) con la capacidad de carga.<\/p><p>El recorrido m\u00e1ximo del pist\u00f3n es 50 mm. El transductor de presi\u00f3n est\u00e1 usado para mediciones de carga. Hay un sello de baja fricci\u00f3n coaxial PTFE entre el cilindro y el pist\u00f3n instalado (equipado) al cilindro.<\/p><p><\/p><p><\/p>","protected":false},"excerpt":{"rendered":"<h4>C\u00f3digo del Producto<\/h4>\n<p><strong>UTC-4630<\/strong>\u00a0\u00a0\u00a0\u00a0 Espaciador de \u00d8:165 mm de dia. x 15 mm de altura<br \/><strong>UTC-4631<\/strong>\u00a0\u00a0\u00a0\u00a0 Espaciador de \u00d8:165 mm de dia. x 30 mm de altura<br \/><strong>UTC-4633<\/strong>\u00a0\u00a0\u00a0\u00a0 Espaciador de \u00d8:165 mm de dia. x 50 mm de altura<br \/><strong>UTC-4634<\/strong>\u00a0\u00a0\u00a0\u00a0 Espaciador de \u00d8:165 mm de dia. x 100 mm de altura<br \/><strong>UTC-4636<\/strong>\u00a0\u00a0\u00a0\u00a0 Espaciador de \u00d8:205 mm de dia. x 30 mm de altura<br \/><strong>UTC-4638<\/strong>\u00a0\u00a0\u00a0\u00a0 Espaciador de \u00d8:205 mm de dia. x 50 mm de altura<br \/><strong>UTC-4639<\/strong>\u00a0\u00a0\u00a0\u00a0 Espaciador de \u00d8:205 mm de dia. x 100 mm de altura<\/p>\n","protected":false},"featured_media":23998,"template":"","meta":{"_exactmetrics_skip_tracking":false,"_exactmetrics_sitenote_active":false,"_exactmetrics_sitenote_note":"","_exactmetrics_sitenote_category":0,"_monsterinsights_skip_tracking":false,"_monsterinsights_sitenote_active":false,"_monsterinsights_sitenote_note":"","_monsterinsights_sitenote_category":0},"product_brand":[],"product_cat":[369,366],"product_tag":[],"class_list":{"0":"post-23996","1":"product","2":"type-product","3":"status-publish","4":"has-post-thumbnail","6":"product_cat-concreto","7":"product_cat-utest","9":"first","10":"instock","11":"shipping-taxable","12":"product-type-simple","13":"col-xxl","14":"col-xl-4","15":"col-lg-6","16":"col-sm-6"},"_links":{"self":[{"href":"https:\/\/kpn.com.uy\/web\/wp-json\/wp\/v2\/product\/23996","targetHints":{"allow":["GET"]}}],"collection":[{"href":"https:\/\/kpn.com.uy\/web\/wp-json\/wp\/v2\/product"}],"about":[{"href":"https:\/\/kpn.com.uy\/web\/wp-json\/wp\/v2\/types\/product"}],"wp:featuredmedia":[{"embeddable":true,"href":"https:\/\/kpn.com.uy\/web\/wp-json\/wp\/v2\/media\/23998"}],"wp:attachment":[{"href":"https:\/\/kpn.com.uy\/web\/wp-json\/wp\/v2\/media?parent=23996"}],"wp:term":[{"taxonomy":"product_brand","embeddable":true,"href":"https:\/\/kpn.com.uy\/web\/wp-json\/wp\/v2\/product_brand?post=23996"},{"taxonomy":"product_cat","embeddable":true,"href":"https:\/\/kpn.com.uy\/web\/wp-json\/wp\/v2\/product_cat?post=23996"},{"taxonomy":"product_tag","embeddable":true,"href":"https:\/\/kpn.com.uy\/web\/wp-json\/wp\/v2\/product_tag?post=23996"}],"curies":[{"name":"wp","href":"https:\/\/api.w.org\/{rel}","templated":true}]}}