{"id":24008,"date":"2021-05-04T17:13:09","date_gmt":"2021-05-04T20:13:09","guid":{"rendered":"https:\/\/kpn.com.uy\/web\/?post_type=product&#038;p=24008"},"modified":"2021-05-04T17:21:18","modified_gmt":"2021-05-04T20:21:18","slug":"conjunto-de-equipo-para-extraccion-de-reflujo","status":"publish","type":"product","link":"https:\/\/kpn.com.uy\/web\/producto\/conjunto-de-equipo-para-extraccion-de-reflujo\/","title":{"rendered":"Conjunto de Equipo para Extracci\u00f3n de Reflujo"},"content":{"rendered":"<h4 class=\"wp-block-heading\">Est\u00e1ndares<\/h4><p>ASTM D2172; AASHTO T164 B<\/p><p>El extractor de reflujo est\u00e1 usado para la determinaci\u00f3n cuantitativa de bitumen en mezclas calientes de pavimento y muestras de pavimento. El contenido de bitumen est\u00e1 calculado por la diferencia de peso de agregados extraidos, contenido de humedad y ceniza de una parte al\u00edcuota de la extracci\u00f3n.<\/p><p><em>Conjunto de Equipo para Extracci\u00f3n de Reflujo viene con ;<\/em><\/p><ul class=\"wp-block-list\"><li><em>Jarro Cil\u00edndrico de Vidrio para Extracci\u00f3n<\/em><\/li><li><em>Dos conos con malla de alambre con marcos que se puede conectar<\/em><\/li><li><em>Condensador de Agua con Tubos de Entrada y Salida<\/em><\/li><li><em>Papel Filtro, 50 pcs.<\/em><\/li><li><em>Parrilla para Calentar<\/em><\/li><li><em>Gasa de Hierro de Alambre (UTGH-1830 con UTAS-0013, UTGH-1835 con UTAS-0020)<\/em><\/li><\/ul><figure class=\"wp-block-image size-large\"><img decoding=\"async\" width=\"436\" height=\"108\" src=\"https:\/\/kpn.com.uy\/web\/wp-content\/uploads\/2021\/05\/Captura-2.jpg\" alt=\"\" class=\"wp-image-24009\" srcset=\"https:\/\/kpn.com.uy\/web\/wp-content\/uploads\/2021\/05\/Captura-2.jpg 436w, https:\/\/kpn.com.uy\/web\/wp-content\/uploads\/2021\/05\/Captura-2-401x99.jpg 401w, https:\/\/kpn.com.uy\/web\/wp-content\/uploads\/2021\/05\/Captura-2-371x92.jpg 371w, https:\/\/kpn.com.uy\/web\/wp-content\/uploads\/2021\/05\/Captura-2-100x25.jpg 100w, https:\/\/kpn.com.uy\/web\/wp-content\/uploads\/2021\/05\/Captura-2-200x50.jpg 200w, https:\/\/kpn.com.uy\/web\/wp-content\/uploads\/2021\/05\/Captura-2-300x74.jpg 300w\" sizes=\"(max-width: 436px) 100vw, 436px\" \/><\/figure>","protected":false},"excerpt":{"rendered":"<h4>C\u00f3digo del Producto<\/h4>\n<p><strong>UTAS-0013<\/strong>\u00a0\u00a0\u00a0\u00a0\u00a0\u00a0\u00a0\u00a0 Conjunto de Equipo para Extracci\u00f3n de Reflujo, con capacidad de 1000 g, 220-240 V 50-60 Hz<br \/><strong>UTAS-0014<\/strong>\u00a0\u00a0\u00a0\u00a0\u00a0\u00a0\u00a0\u00a0 Jarro para el Extractor de Reflujo de 1000 g<br \/><strong>UTAS-0015<\/strong>\u00a0\u00a0\u00a0\u00a0\u00a0\u00a0\u00a0\u00a0 Condensador para el Extractor de Reflujo de 1000 g<br \/><strong>UTAS-0016<\/strong>\u00a0\u00a0\u00a0\u00a0\u00a0\u00a0\u00a0\u00a0 Malla C\u00f3nica de Alambre para el Extractor de Reflujo de 500 g de capacidad<br \/><strong>UTGH-1830<\/strong>\u00a0\u00a0\u00a0\u00a0\u00a0\u00a0\u00a0 Gasa de Hierro de Alambre, 120&#215;120 mm<br \/><strong>UTAS-0020<\/strong>\u00a0\u00a0\u00a0\u00a0\u00a0\u00a0\u00a0\u00a0 Conjunto de Equipo para Extracci\u00f3n de Reflujo de 4000 g, 220-240 V 50-60 Hz<br \/><strong>UTAS-0021<\/strong>\u00a0\u00a0\u00a0\u00a0\u00a0\u00a0\u00a0\u00a0 Jarro para el Extractor de Reflujo de 4000 g<br \/><strong>UTAS-0022<\/strong>\u00a0\u00a0\u00a0\u00a0\u00a0\u00a0\u00a0\u00a0 Condensador para el Extractor de Reflujo de 4000 g<br \/><strong>UTAS-0023<\/strong>\u00a0\u00a0\u00a0\u00a0\u00a0\u00a0\u00a0\u00a0 Malla C\u00f3nica de Alambre para el Extractor de Reflujo de 2000 g de capacidad<br \/><strong>UTAS-0024<\/strong>\u00a0\u00a0\u00a0\u00a0\u00a0\u00a0\u00a0\u00a0 Papel Filtro para UTAS-0013 y UTAS-0020, 400 mm de dia. (paquete de 50)<br \/><strong>UTGH-1835<\/strong>\u00a0\u00a0\u00a0\u00a0\u00a0\u00a0\u00a0 Gasa de Hierro de Alambre, 160&#215;160 mm<\/p>\n","protected":false},"featured_media":24010,"template":"","meta":{"_exactmetrics_skip_tracking":false,"_exactmetrics_sitenote_active":false,"_exactmetrics_sitenote_note":"","_exactmetrics_sitenote_category":0,"_monsterinsights_skip_tracking":false,"_monsterinsights_sitenote_active":false,"_monsterinsights_sitenote_note":"","_monsterinsights_sitenote_category":0},"product_brand":[],"product_cat":[372,366],"product_tag":[],"class_list":{"0":"post-24008","1":"product","2":"type-product","3":"status-publish","4":"has-post-thumbnail","6":"product_cat-asfalto","7":"product_cat-utest","9":"first","10":"instock","11":"shipping-taxable","12":"product-type-simple","13":"col-xxl","14":"col-xl-4","15":"col-lg-6","16":"col-sm-6"},"_links":{"self":[{"href":"https:\/\/kpn.com.uy\/web\/wp-json\/wp\/v2\/product\/24008","targetHints":{"allow":["GET"]}}],"collection":[{"href":"https:\/\/kpn.com.uy\/web\/wp-json\/wp\/v2\/product"}],"about":[{"href":"https:\/\/kpn.com.uy\/web\/wp-json\/wp\/v2\/types\/product"}],"wp:featuredmedia":[{"embeddable":true,"href":"https:\/\/kpn.com.uy\/web\/wp-json\/wp\/v2\/media\/24010"}],"wp:attachment":[{"href":"https:\/\/kpn.com.uy\/web\/wp-json\/wp\/v2\/media?parent=24008"}],"wp:term":[{"taxonomy":"product_brand","embeddable":true,"href":"https:\/\/kpn.com.uy\/web\/wp-json\/wp\/v2\/product_brand?post=24008"},{"taxonomy":"product_cat","embeddable":true,"href":"https:\/\/kpn.com.uy\/web\/wp-json\/wp\/v2\/product_cat?post=24008"},{"taxonomy":"product_tag","embeddable":true,"href":"https:\/\/kpn.com.uy\/web\/wp-json\/wp\/v2\/product_tag?post=24008"}],"curies":[{"name":"wp","href":"https:\/\/api.w.org\/{rel}","templated":true}]}}