{"id":24013,"date":"2021-05-05T10:10:56","date_gmt":"2021-05-05T13:10:56","guid":{"rendered":"https:\/\/kpn.com.uy\/web\/?post_type=product&#038;p=24013"},"modified":"2021-05-05T10:12:23","modified_gmt":"2021-05-05T13:12:23","slug":"extractor-centrifugo","status":"publish","type":"product","link":"https:\/\/kpn.com.uy\/web\/producto\/extractor-centrifugo\/","title":{"rendered":"Extractor Centr\u00edfugo"},"content":{"rendered":"<h4 class=\"wp-block-heading\">Est\u00e1ndares<\/h4><p>EN 12697-1&nbsp;Cl\u00e1usula&nbsp;B.1.5; AASHTO T164 A; ASTM D2172 A<\/p><p>Los centr\u00edfugos est\u00e1n usados para determinar el porcentaje de bitumen en mezclas bituminosas. Todos los modelos vienen con un bol fabricado con precisi\u00f3n con rotor, removible, puesto en una caja cil\u00edndrica de aluminio. El bol est\u00e1 movido por un motor el\u00e9ctrico que tiene un variado AC con una funci\u00f3n doble de control de velocidad hasta 3600 r.p.m, no importa la frecuencia (50 \u00f3 60 Hz) y frenado el\u00e9ctrico. El centr\u00edfugo puede estar programado para subir la velocidad autom\u00e1ticamente hasta 3600 r.p.m y parar\u00e1 en 10-15 segundos.<\/p><p>La cubierta est\u00e1 fabricada con precisi\u00f3n y montada al equipo, con un aro sello resistente a solventes para evitar fugas. El panel de control incluye: Bot\u00f3n para Start\/Stop (Encender\/Parar) y perilla para control de velocidad.<\/p><p><em>El Extractor Centr\u00edfugo viene con;<\/em><\/p><ul class=\"wp-block-list\"><li><em>Bol y Cubierta,<\/em><\/li><li><em>Papel Filtro &#8211; 100 pcs.<\/em><\/li><\/ul><figure class=\"wp-block-image size-large\"><img decoding=\"async\" width=\"380\" height=\"76\" src=\"https:\/\/kpn.com.uy\/web\/wp-content\/uploads\/2021\/05\/Captura-4.jpg\" alt=\"\" class=\"wp-image-24014\" srcset=\"https:\/\/kpn.com.uy\/web\/wp-content\/uploads\/2021\/05\/Captura-4.jpg 380w, https:\/\/kpn.com.uy\/web\/wp-content\/uploads\/2021\/05\/Captura-4-100x20.jpg 100w, https:\/\/kpn.com.uy\/web\/wp-content\/uploads\/2021\/05\/Captura-4-200x40.jpg 200w, https:\/\/kpn.com.uy\/web\/wp-content\/uploads\/2021\/05\/Captura-4-300x60.jpg 300w\" sizes=\"(max-width: 380px) 100vw, 380px\" \/><\/figure>","protected":false},"excerpt":{"rendered":"<p><!-- wp:heading {\"level\":4} --><\/p>\n<h4>C\u00f3digo del Producto<\/h4>\n<p><!-- \/wp:heading --><\/p>\n<p><!-- wp:paragraph --><\/p>\n<p><strong>UTAS-0030<\/strong>\u00a0\u00a0\u00a0\u00a0\u00a0\u00a0\u00a0\u00a0 \u00a0\u00a0 Extractor Centr\u00edfugo de 1500 g, 220-240 V 50-60 Hz<br \/><strong>UTAS-0030\/110<\/strong>\u00a0\u00a0\u00a0 Extractor Centr\u00edfugo de 1500 g, 110 V 60 H<br \/><strong>UTAS-0031 \u00a0<\/strong>\u00a0\u00a0\u00a0\u00a0\u00a0\u00a0 \u00a0\u00a0 Papel Filtro con di\u00e1metro externo de 250 mm x 45 mm de di\u00e1metro interno para UTAS-0030, paquete de 10<br \/><strong>UTAS-0032\u00a0\u00a0\u00a0<\/strong>\u00a0\u00a0\u00a0\u00a0\u00a0\u00a0\u00a0\u00a0 Taz\u00f3n Rotante y Cubierta para UTAS-0030<br \/><strong>UTAS-0035 \u00a0<\/strong>\u00a0\u00a0\u00a0\u00a0\u00a0\u00a0 \u00a0\u00a0 Extractor Centr\u00edfugo de 3000 g, 220-240 V 50-60 Hz<br \/><strong>UTAS-0035\/110<\/strong>\u00a0\u00a0\u00a0 Extractor Centr\u00edfugo de 3000 g, 110 V 60 Hz<br \/><strong>UTAS-0036 \u00a0<\/strong>\u00a0\u00a0\u00a0\u00a0\u00a0\u00a0 \u00a0\u00a0 Papel Filtro con di\u00e1metro externo de 295 mm x 45 mm de di\u00e1metro interno para UTAS-0035, paquete de 10<br \/><strong>UTAS-0037 \u00a0\u00a0<\/strong>\u00a0\u00a0\u00a0\u00a0\u00a0\u00a0\u00a0 Taz\u00f3n Rotante y Cubierta para UTAS-0035<\/p>\n<p><!-- \/wp:paragraph --><\/p>\n","protected":false},"featured_media":24015,"template":"","meta":{"_exactmetrics_skip_tracking":false,"_exactmetrics_sitenote_active":false,"_exactmetrics_sitenote_note":"","_exactmetrics_sitenote_category":0,"_monsterinsights_skip_tracking":false,"_monsterinsights_sitenote_active":false,"_monsterinsights_sitenote_note":"","_monsterinsights_sitenote_category":0},"product_brand":[],"product_cat":[372,366],"product_tag":[],"class_list":{"0":"post-24013","1":"product","2":"type-product","3":"status-publish","4":"has-post-thumbnail","6":"product_cat-asfalto","7":"product_cat-utest","9":"first","10":"instock","11":"shipping-taxable","12":"product-type-simple","13":"col-xxl","14":"col-xl-4","15":"col-lg-6","16":"col-sm-6"},"_links":{"self":[{"href":"https:\/\/kpn.com.uy\/web\/wp-json\/wp\/v2\/product\/24013","targetHints":{"allow":["GET"]}}],"collection":[{"href":"https:\/\/kpn.com.uy\/web\/wp-json\/wp\/v2\/product"}],"about":[{"href":"https:\/\/kpn.com.uy\/web\/wp-json\/wp\/v2\/types\/product"}],"wp:featuredmedia":[{"embeddable":true,"href":"https:\/\/kpn.com.uy\/web\/wp-json\/wp\/v2\/media\/24015"}],"wp:attachment":[{"href":"https:\/\/kpn.com.uy\/web\/wp-json\/wp\/v2\/media?parent=24013"}],"wp:term":[{"taxonomy":"product_brand","embeddable":true,"href":"https:\/\/kpn.com.uy\/web\/wp-json\/wp\/v2\/product_brand?post=24013"},{"taxonomy":"product_cat","embeddable":true,"href":"https:\/\/kpn.com.uy\/web\/wp-json\/wp\/v2\/product_cat?post=24013"},{"taxonomy":"product_tag","embeddable":true,"href":"https:\/\/kpn.com.uy\/web\/wp-json\/wp\/v2\/product_tag?post=24013"}],"curies":[{"name":"wp","href":"https:\/\/api.w.org\/{rel}","templated":true}]}}