{"id":24022,"date":"2021-05-05T10:25:03","date_gmt":"2021-05-05T13:25:03","guid":{"rendered":"https:\/\/kpn.com.uy\/web\/?post_type=product&#038;p=24022"},"modified":"2021-05-05T10:26:07","modified_gmt":"2021-05-05T13:26:07","slug":"picnometro-de-vacio-grande-fuerte-y-robusto-large-yale","status":"publish","type":"product","link":"https:\/\/kpn.com.uy\/web\/producto\/picnometro-de-vacio-grande-fuerte-y-robusto-large-yale\/","title":{"rendered":"Picn\u00f3metro de Vac\u00edo, Grande, Fuerte y Robusto, Large (Yale)"},"content":{"rendered":"<h4 class=\"wp-block-heading\">Est\u00e1ndares<\/h4><p>ASTM D2041; EN 12697-5<\/p><p>El Picn\u00f3metro de Vac\u00edo, UTAS-0045, (Picn\u00f3metro Yale) est\u00e1 usado para determinar la m\u00e1xima te\u00f3rica, gravedad espec\u00edfica y densidad de mezclas bituminosas de pavimento no-compactado. El picn\u00f3metro de vac\u00edo est\u00e1 usado en conjunto con un vibro-desaireador, bomba de vac\u00edo, man\u00f3metro de vac\u00edo y frasco para filtrado completando el conjunto completo. Porcentajes de vac\u00edos de aire en mezclas bituminosas compactadas y la cantidad de bitumen absorbido por los agregados tambi\u00e9n puede estar calculado con el conjunto de equipo. El picn\u00f3metro de vac\u00edo est\u00e1 fabricado de pl\u00e1stico transparente.<\/p><p>Favor de ver las hojas de datos pertinentes de los productos para la especificaci\u00f3n de cada equipo.<\/p><p><em>El Picn\u00f3metro de Vac\u00edo, Grande, Fuerte y Robusto (Yale) viene con;<\/em><\/p><ul class=\"wp-block-list\"><li><em>Man\u00f3metro de Vac\u00edo<\/em><\/li><li><em>Tubo de Hule, 6.5 mm ID x 16.5 mm, 2 m de largo<\/em><\/li><\/ul><figure class=\"wp-block-image size-large\"><img decoding=\"async\" width=\"443\" height=\"77\" src=\"https:\/\/kpn.com.uy\/web\/wp-content\/uploads\/2021\/05\/Captura-11.jpg\" alt=\"\" class=\"wp-image-24023\" srcset=\"https:\/\/kpn.com.uy\/web\/wp-content\/uploads\/2021\/05\/Captura-11.jpg 443w, https:\/\/kpn.com.uy\/web\/wp-content\/uploads\/2021\/05\/Captura-11-401x70.jpg 401w, https:\/\/kpn.com.uy\/web\/wp-content\/uploads\/2021\/05\/Captura-11-100x17.jpg 100w, https:\/\/kpn.com.uy\/web\/wp-content\/uploads\/2021\/05\/Captura-11-200x35.jpg 200w, https:\/\/kpn.com.uy\/web\/wp-content\/uploads\/2021\/05\/Captura-11-300x52.jpg 300w\" sizes=\"(max-width: 443px) 100vw, 443px\" \/><\/figure>","protected":false},"excerpt":{"rendered":"<h4>C\u00f3digo del Producto<\/h4>\n<p><strong>UTAS-0045<\/strong>\u00a0\u00a0\u00a0\u00a0\u00a0\u00a0\u00a0\u00a0 Picn\u00f3metro de Vac\u00edo, Grande, Fuerte y Robusto (Yale), de 10Lt<br \/><strong>UTG-0410<\/strong>\u00a0\u00a0\u00a0\u00a0\u00a0\u00a0\u00a0\u00a0\u00a0\u00a0 Vibro-Desaireador, controlado por un cron\u00f3metro, 220-240 V 50-60 Hz<br \/><strong>UTGE-3530<\/strong>\u00a0\u00a0\u00a0\u00a0\u00a0\u00a0\u00a0\u00a0 Bomba de Vac\u00edo, Doble Etapa, Capacidad de 128 lt\/min<br \/><strong>UTGE-3550<\/strong>\u00a0\u00a0\u00a0\u00a0\u00a0\u00a0\u00a0\u00a0 Man\u00f3metro de Vac\u00edo, An\u00e1logo, de 1000 mbar, dia. de 63 mm<br \/><strong>UTGG-2015 \u00a0\u00a0<\/strong>\u00a0\u00a0\u00a0\u00a0 Frasco para Filtrado de 2000 ml<\/p>\n","protected":false},"featured_media":24024,"template":"","meta":{"_exactmetrics_skip_tracking":false,"_exactmetrics_sitenote_active":false,"_exactmetrics_sitenote_note":"","_exactmetrics_sitenote_category":0,"_monsterinsights_skip_tracking":false,"_monsterinsights_sitenote_active":false,"_monsterinsights_sitenote_note":"","_monsterinsights_sitenote_category":0},"product_brand":[],"product_cat":[372,366],"product_tag":[],"class_list":{"0":"post-24022","1":"product","2":"type-product","3":"status-publish","4":"has-post-thumbnail","6":"product_cat-asfalto","7":"product_cat-utest","9":"first","10":"instock","11":"shipping-taxable","12":"product-type-simple","13":"col-xxl","14":"col-xl-4","15":"col-lg-6","16":"col-sm-6"},"_links":{"self":[{"href":"https:\/\/kpn.com.uy\/web\/wp-json\/wp\/v2\/product\/24022","targetHints":{"allow":["GET"]}}],"collection":[{"href":"https:\/\/kpn.com.uy\/web\/wp-json\/wp\/v2\/product"}],"about":[{"href":"https:\/\/kpn.com.uy\/web\/wp-json\/wp\/v2\/types\/product"}],"wp:featuredmedia":[{"embeddable":true,"href":"https:\/\/kpn.com.uy\/web\/wp-json\/wp\/v2\/media\/24024"}],"wp:attachment":[{"href":"https:\/\/kpn.com.uy\/web\/wp-json\/wp\/v2\/media?parent=24022"}],"wp:term":[{"taxonomy":"product_brand","embeddable":true,"href":"https:\/\/kpn.com.uy\/web\/wp-json\/wp\/v2\/product_brand?post=24022"},{"taxonomy":"product_cat","embeddable":true,"href":"https:\/\/kpn.com.uy\/web\/wp-json\/wp\/v2\/product_cat?post=24022"},{"taxonomy":"product_tag","embeddable":true,"href":"https:\/\/kpn.com.uy\/web\/wp-json\/wp\/v2\/product_tag?post=24022"}],"curies":[{"name":"wp","href":"https:\/\/api.w.org\/{rel}","templated":true}]}}