{"id":24025,"date":"2021-05-05T16:30:07","date_gmt":"2021-05-05T19:30:07","guid":{"rendered":"https:\/\/kpn.com.uy\/web\/?post_type=product&#038;p=24025"},"modified":"2021-05-05T16:31:41","modified_gmt":"2021-05-05T19:31:41","slug":"equipo-para-recuperacion-de-solvente","status":"publish","type":"product","link":"https:\/\/kpn.com.uy\/web\/producto\/equipo-para-recuperacion-de-solvente\/","title":{"rendered":"Equipo para Recuperaci\u00f3n de Solvente"},"content":{"rendered":"<p>L\u00edquidos Solventes no inflamables usados para pruebas de extracci\u00f3n de ligante pueden estar exitosamente recuperados usado el equipo UTAS-0040, Equipo para Recuperaci\u00f3n de Solvente.<\/p><p>Este equipo para recuperaci\u00f3n de solvent consiste de dos&nbsp;c\u00e1maras&nbsp;de acero inoxidable, una para el solvente usado y sucio y la otra para para el solvente limpio y recuperado. El solvente en el lado izquierdo de la c\u00e1mara est\u00e1 destilado por un calentador el\u00e9ctrico y despu\u00e9s pasa por un sistema de enfriamiento de agua y entra en la segunda c\u00e1mara ya lista para re-uso. Un interruptor de temperatura para autom\u00e1ticamente los elementos de calefacci\u00f3n cuando el proceso de recuperaci\u00f3n est\u00e1 terminada. El equipo viene con tuber\u00eda de pl\u00e1stico, abrazaderas para tubos, malla de tamiz con una apertura de 0.6 mm y una tapa.<\/p><p><em>El Equipo para Recuperaci\u00f3n de Solvente viene con;<\/em><\/p><ul class=\"wp-block-list\"><li><em>10 m Tuber\u00eda de Pl\u00e1stico, 10 m<\/em><\/li><li><em>Abrazaderas para Tubos<\/em><\/li><li><em>Malla de Tamiz, 0.6 mm<\/em><\/li><li><em>Tapa<\/em><\/li><\/ul><figure class=\"wp-block-image size-large\"><img decoding=\"async\" width=\"390\" height=\"97\" src=\"https:\/\/kpn.com.uy\/web\/wp-content\/uploads\/2021\/05\/Captura-13.jpg\" alt=\"\" class=\"wp-image-24026\" srcset=\"https:\/\/kpn.com.uy\/web\/wp-content\/uploads\/2021\/05\/Captura-13.jpg 390w, https:\/\/kpn.com.uy\/web\/wp-content\/uploads\/2021\/05\/Captura-13-370x92.jpg 370w, https:\/\/kpn.com.uy\/web\/wp-content\/uploads\/2021\/05\/Captura-13-100x25.jpg 100w, https:\/\/kpn.com.uy\/web\/wp-content\/uploads\/2021\/05\/Captura-13-200x50.jpg 200w, https:\/\/kpn.com.uy\/web\/wp-content\/uploads\/2021\/05\/Captura-13-300x75.jpg 300w\" sizes=\"(max-width: 390px) 100vw, 390px\" \/><\/figure>","protected":false},"excerpt":{"rendered":"<h4>C\u00f3digo del Producto<\/h4>\n<p><strong>UTAS-0040<\/strong>\u00a0\u00a0\u00a0\u00a0\u00a0\u00a0\u00a0\u00a0 Equipo para Recuperaci\u00f3n de Solvente, capacidad de 10 litros\/hora, 220-240 V 50-60 Hz<\/p>\n","protected":false},"featured_media":24027,"template":"","meta":{"_exactmetrics_skip_tracking":false,"_exactmetrics_sitenote_active":false,"_exactmetrics_sitenote_note":"","_exactmetrics_sitenote_category":0,"_monsterinsights_skip_tracking":false,"_monsterinsights_sitenote_active":false,"_monsterinsights_sitenote_note":"","_monsterinsights_sitenote_category":0},"product_brand":[],"product_cat":[372,366],"product_tag":[],"class_list":{"0":"post-24025","1":"product","2":"type-product","3":"status-publish","4":"has-post-thumbnail","6":"product_cat-asfalto","7":"product_cat-utest","9":"first","10":"instock","11":"shipping-taxable","12":"product-type-simple","13":"col-xxl","14":"col-xl-4","15":"col-lg-6","16":"col-sm-6"},"_links":{"self":[{"href":"https:\/\/kpn.com.uy\/web\/wp-json\/wp\/v2\/product\/24025","targetHints":{"allow":["GET"]}}],"collection":[{"href":"https:\/\/kpn.com.uy\/web\/wp-json\/wp\/v2\/product"}],"about":[{"href":"https:\/\/kpn.com.uy\/web\/wp-json\/wp\/v2\/types\/product"}],"wp:featuredmedia":[{"embeddable":true,"href":"https:\/\/kpn.com.uy\/web\/wp-json\/wp\/v2\/media\/24027"}],"wp:attachment":[{"href":"https:\/\/kpn.com.uy\/web\/wp-json\/wp\/v2\/media?parent=24025"}],"wp:term":[{"taxonomy":"product_brand","embeddable":true,"href":"https:\/\/kpn.com.uy\/web\/wp-json\/wp\/v2\/product_brand?post=24025"},{"taxonomy":"product_cat","embeddable":true,"href":"https:\/\/kpn.com.uy\/web\/wp-json\/wp\/v2\/product_cat?post=24025"},{"taxonomy":"product_tag","embeddable":true,"href":"https:\/\/kpn.com.uy\/web\/wp-json\/wp\/v2\/product_tag?post=24025"}],"curies":[{"name":"wp","href":"https:\/\/api.w.org\/{rel}","templated":true}]}}