{"id":24031,"date":"2021-05-05T16:45:32","date_gmt":"2021-05-05T19:45:32","guid":{"rendered":"https:\/\/kpn.com.uy\/web\/?post_type=product&#038;p=24031"},"modified":"2021-05-05T16:46:13","modified_gmt":"2021-05-05T19:46:13","slug":"cortador-de-nucleos-tipo-laboratorio-y-maquina-para-corte","status":"publish","type":"product","link":"https:\/\/kpn.com.uy\/web\/producto\/cortador-de-nucleos-tipo-laboratorio-y-maquina-para-corte\/","title":{"rendered":"Cortador de N\u00facleos tipo Laboratorio y M\u00e1quina para Corte"},"content":{"rendered":"<h4 class=\"wp-block-heading\">Est\u00e1ndares<\/h4><p>ASTM D4543<\/p><p>El UTR-0300 Cortador de N\u00facleos tipo Laboratorio y M\u00e1quina para Corte est\u00e1 usado para obtener muestras de roca perfectamente mecanizadas (cubos, prismas, etc.) de muestra de roca o n\u00facleos irregulares.<\/p><p>El UTR-0300 viene con un tornillo de banco para sostener muestras irregulares firmemente en su lugar hasta 70&#215;140 mm aproximadamente. Un segundo tornillo de banco de forma V est\u00e1 usado para cortar n\u00facleos a un tama\u00f1o m\u00e1ximo de 75 mm de di\u00e1metro x 140 mm de altura. N\u00facleos m\u00e1s largos pueden estar obtenidos por invertir las muestras al rev\u00e9s (boca abajo) en el tornillo de banco. Viene con una entrada de agua para enfriamiento.<\/p><p>El UTR-0304 Disco de Corte de Diamante tiene un di\u00e1metro de 230 mm, espesor de 2.5 mm y una \u00e1rea m\u00e1xima para cortar de 110&#215;70 mm. La velocidad del disco es 3000 r.p.m.<\/p><p>La UTR-0306 Rueda tipo Copa de Doble Cara tiene un di\u00e1metro de 200 mm y 16 mm de espesor. Est\u00e1 usada para acabado de las caras (extremos) paralelas de la muestra y a \u00e1ngulos rectos al eje.<\/p><p>La UTR-0306 Rueda tipo Copa de Doble Cara, el UTR-0304 Disco de Corte de Diamante y la UTR-0302 Bomba de Recirculaci\u00f3n para Enfriamiento con Dep\u00f3sito se deben ordenar por separado.<\/p><p>UTR-0300 y UTR-0302 para 60 Hz con 220 V \u00f3 100 V puede estar suministrado.<\/p><figure class=\"wp-block-image size-large\"><img decoding=\"async\" width=\"339\" height=\"79\" src=\"https:\/\/kpn.com.uy\/web\/wp-content\/uploads\/2021\/05\/Captura-16.jpg\" alt=\"\" class=\"wp-image-24032\" srcset=\"https:\/\/kpn.com.uy\/web\/wp-content\/uploads\/2021\/05\/Captura-16.jpg 339w, https:\/\/kpn.com.uy\/web\/wp-content\/uploads\/2021\/05\/Captura-16-100x23.jpg 100w, https:\/\/kpn.com.uy\/web\/wp-content\/uploads\/2021\/05\/Captura-16-200x47.jpg 200w, https:\/\/kpn.com.uy\/web\/wp-content\/uploads\/2021\/05\/Captura-16-300x70.jpg 300w\" sizes=\"(max-width: 339px) 100vw, 339px\" \/><\/figure>","protected":false},"excerpt":{"rendered":"<h4>C\u00f3digo del Producto<\/h4>\n<p><strong>UTR-0300<\/strong>\u00a0\u00a0\u00a0\u00a0\u00a0\u00a0\u00a0\u00a0\u00a0\u00a0\u00a0 Cortador de N\u00facleos tipo Laboratorio y M\u00e1quina para Corte 230 V 50 Hz, 1 Ph\u00a0<br \/><strong>UTR-0302<\/strong>\u00a0\u00a0\u00a0\u00a0\u00a0\u00a0\u00a0\u00a0\u00a0\u00a0\u00a0 Bomba de Recirculaci\u00f3n para Enfriamiento con Dep\u00f3sito 230 V, 50 Hz, 1 Ph<br \/><strong>UTR-0304<\/strong>\u00a0\u00a0\u00a0\u00a0\u00a0\u00a0\u00a0\u00a0\u00a0\u00a0\u00a0 Disco de Corte de Diamante, 230 mm de dia. x 2.5 mm de espesor<br \/><strong>UTR-0306<\/strong>\u00a0\u00a0\u00a0\u00a0\u00a0\u00a0\u00a0\u00a0\u00a0\u00a0\u00a0 Rueda tipo Copa de Doble Cara de 205 mm de dia. x 16 mm<\/p>\n","protected":false},"featured_media":24033,"template":"","meta":{"_exactmetrics_skip_tracking":false,"_exactmetrics_sitenote_active":false,"_exactmetrics_sitenote_note":"","_exactmetrics_sitenote_category":0,"_monsterinsights_skip_tracking":false,"_monsterinsights_sitenote_active":false,"_monsterinsights_sitenote_note":"","_monsterinsights_sitenote_category":0},"product_brand":[],"product_cat":[373,366],"product_tag":[],"class_list":{"0":"post-24031","1":"product","2":"type-product","3":"status-publish","4":"has-post-thumbnail","6":"product_cat-roca","7":"product_cat-utest","9":"first","10":"instock","11":"shipping-taxable","12":"product-type-simple","13":"col-xxl","14":"col-xl-4","15":"col-lg-6","16":"col-sm-6"},"_links":{"self":[{"href":"https:\/\/kpn.com.uy\/web\/wp-json\/wp\/v2\/product\/24031","targetHints":{"allow":["GET"]}}],"collection":[{"href":"https:\/\/kpn.com.uy\/web\/wp-json\/wp\/v2\/product"}],"about":[{"href":"https:\/\/kpn.com.uy\/web\/wp-json\/wp\/v2\/types\/product"}],"wp:featuredmedia":[{"embeddable":true,"href":"https:\/\/kpn.com.uy\/web\/wp-json\/wp\/v2\/media\/24033"}],"wp:attachment":[{"href":"https:\/\/kpn.com.uy\/web\/wp-json\/wp\/v2\/media?parent=24031"}],"wp:term":[{"taxonomy":"product_brand","embeddable":true,"href":"https:\/\/kpn.com.uy\/web\/wp-json\/wp\/v2\/product_brand?post=24031"},{"taxonomy":"product_cat","embeddable":true,"href":"https:\/\/kpn.com.uy\/web\/wp-json\/wp\/v2\/product_cat?post=24031"},{"taxonomy":"product_tag","embeddable":true,"href":"https:\/\/kpn.com.uy\/web\/wp-json\/wp\/v2\/product_tag?post=24031"}],"curies":[{"name":"wp","href":"https:\/\/api.w.org\/{rel}","templated":true}]}}