{"id":24037,"date":"2021-05-05T17:11:40","date_gmt":"2021-05-05T20:11:40","guid":{"rendered":"https:\/\/kpn.com.uy\/web\/?post_type=product&#038;p=24037"},"modified":"2021-05-05T17:13:09","modified_gmt":"2021-05-05T20:13:09","slug":"sierra-de-corte-universal-pequena","status":"publish","type":"product","link":"https:\/\/kpn.com.uy\/web\/producto\/sierra-de-corte-universal-pequena\/","title":{"rendered":"Sierra de Corte Universal, Peque\u00f1a"},"content":{"rendered":"<h4 class=\"wp-block-heading\">Est\u00e1ndares<\/h4><p>EN 12390\u20133, 12504-1; ASTM C42, D4543<\/p><p>La Serie UTC Sierras Universales para Cortar han sido dise\u00f1adas para cortar y preparar concreto, roca, o n\u00facleos de piedra natural o otros tipos de espec\u00edmenes para pruebas.<\/p><p>El ensamble especial de abrazaderas permite que los espec\u00edmenes puedan estar sostenidos durante la operaci\u00f3n de cortar. La m\u00e1quina viene con una abrazadera tipo bloque \u201cV\u201d para espec\u00edmenes de \u00d8 100 mm y una bomba para circulaci\u00f3n de agua.<\/p><p>Si requiere 220 V favor de indicarlo en la orden.<\/p><p>Los discos para cortar se deben ordenar por separado.<\/p><figure class=\"wp-block-image size-large\"><img fetchpriority=\"high\" decoding=\"async\" width=\"380\" height=\"240\" src=\"https:\/\/kpn.com.uy\/web\/wp-content\/uploads\/2021\/05\/Captura-20.jpg\" alt=\"\" class=\"wp-image-24038\" srcset=\"https:\/\/kpn.com.uy\/web\/wp-content\/uploads\/2021\/05\/Captura-20.jpg 380w, https:\/\/kpn.com.uy\/web\/wp-content\/uploads\/2021\/05\/Captura-20-146x92.jpg 146w, https:\/\/kpn.com.uy\/web\/wp-content\/uploads\/2021\/05\/Captura-20-100x63.jpg 100w, https:\/\/kpn.com.uy\/web\/wp-content\/uploads\/2021\/05\/Captura-20-200x126.jpg 200w, https:\/\/kpn.com.uy\/web\/wp-content\/uploads\/2021\/05\/Captura-20-300x189.jpg 300w\" sizes=\"(max-width: 380px) 100vw, 380px\" \/><\/figure>","protected":false},"excerpt":{"rendered":"<h4>C\u00f3digo del Producto<\/h4>\n<p><strong>UTC-1010<\/strong>\u00a0\u00a0\u00a0\u00a0\u00a0\u00a0\u00a0\u00a0\u00a0\u00a0\u00a0 Sierra Universal para Cortar, Peque\u00f1a, 380 V<br \/><strong>UTC-1012<\/strong>\u00a0\u00a0\u00a0\u00a0\u00a0\u00a0\u00a0\u00a0\u00a0\u00a0\u00a0 Disco para Cortar de \u00d8:350 mm<\/p>\n","protected":false},"featured_media":24039,"template":"","meta":{"_exactmetrics_skip_tracking":false,"_exactmetrics_sitenote_active":false,"_exactmetrics_sitenote_note":"","_exactmetrics_sitenote_category":0,"_monsterinsights_skip_tracking":false,"_monsterinsights_sitenote_active":false,"_monsterinsights_sitenote_note":"","_monsterinsights_sitenote_category":0},"product_brand":[],"product_cat":[373,366],"product_tag":[],"class_list":{"0":"post-24037","1":"product","2":"type-product","3":"status-publish","4":"has-post-thumbnail","6":"product_cat-roca","7":"product_cat-utest","9":"first","10":"instock","11":"shipping-taxable","12":"product-type-simple","13":"col-xxl","14":"col-xl-4","15":"col-lg-6","16":"col-sm-6"},"_links":{"self":[{"href":"https:\/\/kpn.com.uy\/web\/wp-json\/wp\/v2\/product\/24037","targetHints":{"allow":["GET"]}}],"collection":[{"href":"https:\/\/kpn.com.uy\/web\/wp-json\/wp\/v2\/product"}],"about":[{"href":"https:\/\/kpn.com.uy\/web\/wp-json\/wp\/v2\/types\/product"}],"wp:featuredmedia":[{"embeddable":true,"href":"https:\/\/kpn.com.uy\/web\/wp-json\/wp\/v2\/media\/24039"}],"wp:attachment":[{"href":"https:\/\/kpn.com.uy\/web\/wp-json\/wp\/v2\/media?parent=24037"}],"wp:term":[{"taxonomy":"product_brand","embeddable":true,"href":"https:\/\/kpn.com.uy\/web\/wp-json\/wp\/v2\/product_brand?post=24037"},{"taxonomy":"product_cat","embeddable":true,"href":"https:\/\/kpn.com.uy\/web\/wp-json\/wp\/v2\/product_cat?post=24037"},{"taxonomy":"product_tag","embeddable":true,"href":"https:\/\/kpn.com.uy\/web\/wp-json\/wp\/v2\/product_tag?post=24037"}],"curies":[{"name":"wp","href":"https:\/\/api.w.org\/{rel}","templated":true}]}}