{"id":24044,"date":"2021-05-11T12:13:19","date_gmt":"2021-05-11T15:13:19","guid":{"rendered":"https:\/\/kpn.com.uy\/web\/?post_type=product&#038;p=24044"},"modified":"2021-05-21T13:22:34","modified_gmt":"2021-05-21T16:22:34","slug":"clip","status":"publish","type":"product","link":"https:\/\/kpn.com.uy\/web\/producto\/clip\/","title":{"rendered":"CLIP"},"content":{"rendered":"","protected":false},"excerpt":{"rendered":"[maxbutton id=\"1\" url=\"https:\/\/www.tool.es\/web\/Documentos\/FolletoClip.pdf\" text=\"DESCARGAR CAT\u00c1LOGO\" ]\n<p class=\"text-justify\"><span id=\"textoProductoCabeceraApartado\">CLIP\u00a0<\/span>es una\u00a0<span id=\"enfasis\">potente y eficaz\u00a0<\/span>herramienta para el dise\u00f1o y control de obras lineales en el campo de la Ingenier\u00eda Civil.<\/p>\n<p class=\"text-justify\">Apta para su uso en proyectos\u00a0<a href=\"https:\/\/www.tool.es\/web\/BIM.html\"><span id=\"enfasis\">BIM<\/span><\/a>\u00a0gracias a su conectividad y grado de interoperabilidad.<\/p>\n<p class=\"text-justify\">Adem\u00e1s cuenta con un departamento de asistencia t\u00e9cnica especializada formado por ingenieros expertos dispuestos a atender cualquier duda durante el manejo del programa y ayudar a sacarle el mejor rendimiento.<\/p>\n<p class=\"text-justify\">Aplicable a todo tipo de proyectos (carreteras, ferrocarriles, canales, urbanizaciones&#8230;) y en todas las etapas de vida de la infraestructura.<\/p>\n<p id=\"textoProductoCabeceraApartado\">Analice infinidad de soluciones r\u00e1pidamente<\/p>\n<p class=\"text-justify\">El dise\u00f1o gr\u00e1fico de\u00a0<span id=\"enfasis\">CLIP<\/span>\u00a0y su agilidad para el movimiento de la geometr\u00eda lo convierten en la herramienta id\u00f3nea para estudios de alternativas de trazado.<\/p>\n<hr \/>\n<p id=\"textoProductoCabeceraApartado\">Definici\u00f3n detallada de soluciones<\/p>\n<p class=\"text-justify\">M\u00faltiples asistentes ayudan al usuario a llevar su dise\u00f1o hasta el nivel de detalle adecuado para un proyecto constructivo.<\/p>\n<hr \/>\n<p id=\"textoProductoCabeceraApartado\">Gesti\u00f3n y control de obra<\/p>\n<p class=\"text-justify\">M\u00f3dulos y opciones espec\u00edficas para el seguimiento de obra facilitan hasta l\u00edmites desconocidos el trabajo del constructor.<\/p>\n<hr \/>\n<p id=\"textoProductoCabeceraApartado\">Mejora y rehabilitaci\u00f3n de infraestructuras existentes<\/p>\n<p class=\"text-justify\">\u00datiles para el dise\u00f1o de ensanches, refuerzos, mejoras de trazado, etc. permiten prolongar la vida de las infraestructuras.<\/p>\n<hr \/>\n<p id=\"textoProductoCabeceraApartado\">CLIP para todo y para todos<\/p>\n<p class=\"text-justify\">Desde su misma concepci\u00f3n,\u00a0<span id=\"enfasis\">CLIP\u00a0<\/span>se ha orientado al dise\u00f1o de obras lineales, y su especializaci\u00f3n en este \u00e1rea lo convierte en una herramienta \u00fanica para este tipo de trabajos.<\/p>\n<p class=\"text-justify\">Creado por ingenieros que conocen y comprenden las necesidades de los ingenieros, est\u00e1 siempre en constante evoluci\u00f3n.<\/p>\n<p class=\"text-justify\">Utilizado por todo tipo de clientes satisfechos: administraciones, proyectistas, constructores, top\u00f3grafos.<\/p>\n<p class=\"text-justify\">\u00a0<\/p>\n","protected":false},"featured_media":24050,"template":"","meta":{"_exactmetrics_skip_tracking":false,"_exactmetrics_sitenote_active":false,"_exactmetrics_sitenote_note":"","_exactmetrics_sitenote_category":0,"_monsterinsights_skip_tracking":false,"_monsterinsights_sitenote_active":false,"_monsterinsights_sitenote_note":"","_monsterinsights_sitenote_category":0},"product_brand":[],"product_cat":[378,113],"product_tag":[],"class_list":{"0":"post-24044","1":"product","2":"type-product","3":"status-publish","4":"has-post-thumbnail","6":"product_cat-civil","7":"product_cat-programas-cad","9":"first","10":"instock","11":"shipping-taxable","12":"product-type-simple","13":"col-xxl","14":"col-xl-4","15":"col-lg-6","16":"col-sm-6"},"_links":{"self":[{"href":"https:\/\/kpn.com.uy\/web\/wp-json\/wp\/v2\/product\/24044","targetHints":{"allow":["GET"]}}],"collection":[{"href":"https:\/\/kpn.com.uy\/web\/wp-json\/wp\/v2\/product"}],"about":[{"href":"https:\/\/kpn.com.uy\/web\/wp-json\/wp\/v2\/types\/product"}],"wp:featuredmedia":[{"embeddable":true,"href":"https:\/\/kpn.com.uy\/web\/wp-json\/wp\/v2\/media\/24050"}],"wp:attachment":[{"href":"https:\/\/kpn.com.uy\/web\/wp-json\/wp\/v2\/media?parent=24044"}],"wp:term":[{"taxonomy":"product_brand","embeddable":true,"href":"https:\/\/kpn.com.uy\/web\/wp-json\/wp\/v2\/product_brand?post=24044"},{"taxonomy":"product_cat","embeddable":true,"href":"https:\/\/kpn.com.uy\/web\/wp-json\/wp\/v2\/product_cat?post=24044"},{"taxonomy":"product_tag","embeddable":true,"href":"https:\/\/kpn.com.uy\/web\/wp-json\/wp\/v2\/product_tag?post=24044"}],"curies":[{"name":"wp","href":"https:\/\/api.w.org\/{rel}","templated":true}]}}