{"id":24062,"date":"2021-05-17T13:34:03","date_gmt":"2021-05-17T16:34:03","guid":{"rendered":"https:\/\/kpn.com.uy\/web\/?post_type=product&#038;p=24062"},"modified":"2021-05-21T13:20:58","modified_gmt":"2021-05-21T16:20:58","slug":"microsurvey-cad","status":"publish","type":"product","link":"https:\/\/kpn.com.uy\/web\/producto\/microsurvey-cad\/","title":{"rendered":"Microsurvey CAD"},"content":{"rendered":"<figure class=\"wp-block-table is-style-stripes\"><table><tbody><tr><td>&nbsp;<\/td><\/tr><tr><td><\/td><\/tr><tr><td>&nbsp;<\/td><td><em><u>Adem\u00e1s:<\/u><\/em><br \/>MicroSurvey CAD Ultimate &amp; Studio est\u00e1n ahora disponibles y soportan nube de puntos &amp; datos LIDAR &#8211; junto con algunas aplicaciones incre\u00edbles que le ahorrar\u00e1n tiempo. La versi\u00f3n Studio contiene adem\u00e1s capacidad de animaci\u00f3n.&nbsp;<br \/>No son necesarios m\u00f3dulos o complementos. Completas funciones de Dibujo Topogr\u00e1fico, COGO, MDT, Poligonal, Vol\u00famenes, Curvas de Nivel, manipulaci\u00f3n de Nube de Puntos e interconexi\u00f3n a Colector de Datos est\u00e1n inclu\u00eddas. MicroSurvey CAD es compatible con datos de campo de la mayor\u00eda de estaciones totales y colectores de datos y es totalmente compatible con AutoCAD.<\/td><\/tr><\/tbody><\/table><\/figure><figure class=\"wp-block-table\"><table><tbody><tr><td><\/td><\/tr><\/tbody><\/table><\/figure><p><br \/><\/p>","protected":false},"excerpt":{"rendered":"[maxbutton id=\"1\" url=\"https:\/\/www.youtube.com\/channel\/UCtBtCqhRKCS4wv8imyVUVOw\" text=\"CANAL DE YOUTUBE\" ]\n<table border=\"0\" width=\"772\" cellspacing=\"10\" cellpadding=\"10\" align=\"center\" bgcolor=\"#FFFFFF\">\n<tbody>\n<tr>\n<td colspan=\"2\" valign=\"top\"><!-- wp:paragraph --><\/p>\n<p><strong>La Ventaja de MicroSurvey CAD<\/strong><\/p>\n<p><!-- \/wp:paragraph --><\/p>\n<p><!-- wp:table --><\/p>\n<figure class=\"wp-block-table\">\n<table>\n<tbody>\n<tr>\n<td><em><strong>MicroSurvey CAD es un completo Programa de Escritorio para Topograf\u00eda y Dise\u00f1o Creado para Ingenieros Top\u00f3grafos, Ingenieros Civiles y Contratistas.<\/strong><\/em><\/td>\n<\/tr>\n<\/tbody>\n<\/table>\n<\/figure>\n<p><!-- \/wp:table --><\/p>\n<p><!-- wp:paragraph --><\/p>\n<p><strong>Top\u00f3grafos<\/strong> alrededor del mundo usan MicroSurvey CAD para completar sus proyectos de infraestructura y dise\u00f1o. MicroSurvey ha estado construyendo software para la industria de la topograf\u00eda por 30 a\u00f1os y con toda esta experiencia, nosotros podemos ofrecer el mejor paquete de software de CAD para topograf\u00eda disponible hoy en d\u00eda.<\/p>\n<p><strong>MicroSurvey<\/strong>\u00a0ha desarrollado su software de escritorio sobre el motor de IntelliCAD por m\u00e1s de 8 a\u00f1os. MicroSurvey CAD abre y guarda archivos de dibujo AutoCAD y usa DWG como su formato nativo. El grupo de comandos de IntelliCAD, barras de herramientas y estructura del men\u00fa es muy similar a AutoCAD as\u00ed que usted puede implementar MicroSurvey CAD dentro de sus ambientes existentes de AutoCAD con facilidad!<br \/><strong>Las Mejoras Constantes<\/strong>\u00a0son un aspecto importante de una compa\u00f1\u00eda de software y un paquete de software.<\/p>\n<p><!-- \/wp:paragraph --><\/td>\n<\/tr>\n<tr>\n<td colspan=\"2\" valign=\"top\" height=\"20\">\n<p align=\"justify\">\u00a0<\/p>\n<\/td>\n<\/tr>\n<tr>\n<td rowspan=\"3\">\u00a0<\/td>\n<td colspan=\"2\" valign=\"top\" height=\"20\">\u00a0<\/td>\n<\/tr>\n<\/tbody>\n<\/table>\n","protected":false},"featured_media":24063,"template":"","meta":{"_exactmetrics_skip_tracking":false,"_exactmetrics_sitenote_active":false,"_exactmetrics_sitenote_note":"","_exactmetrics_sitenote_category":0,"_monsterinsights_skip_tracking":false,"_monsterinsights_sitenote_active":false,"_monsterinsights_sitenote_note":"","_monsterinsights_sitenote_category":0},"product_brand":[],"product_cat":[79],"product_tag":[],"class_list":{"0":"post-24062","1":"product","2":"type-product","3":"status-publish","4":"has-post-thumbnail","6":"product_cat-cad","8":"first","9":"instock","10":"shipping-taxable","11":"product-type-simple","12":"col-xxl","13":"col-xl-4","14":"col-lg-6","15":"col-sm-6"},"_links":{"self":[{"href":"https:\/\/kpn.com.uy\/web\/wp-json\/wp\/v2\/product\/24062","targetHints":{"allow":["GET"]}}],"collection":[{"href":"https:\/\/kpn.com.uy\/web\/wp-json\/wp\/v2\/product"}],"about":[{"href":"https:\/\/kpn.com.uy\/web\/wp-json\/wp\/v2\/types\/product"}],"wp:featuredmedia":[{"embeddable":true,"href":"https:\/\/kpn.com.uy\/web\/wp-json\/wp\/v2\/media\/24063"}],"wp:attachment":[{"href":"https:\/\/kpn.com.uy\/web\/wp-json\/wp\/v2\/media?parent=24062"}],"wp:term":[{"taxonomy":"product_brand","embeddable":true,"href":"https:\/\/kpn.com.uy\/web\/wp-json\/wp\/v2\/product_brand?post=24062"},{"taxonomy":"product_cat","embeddable":true,"href":"https:\/\/kpn.com.uy\/web\/wp-json\/wp\/v2\/product_cat?post=24062"},{"taxonomy":"product_tag","embeddable":true,"href":"https:\/\/kpn.com.uy\/web\/wp-json\/wp\/v2\/product_tag?post=24062"}],"curies":[{"name":"wp","href":"https:\/\/api.w.org\/{rel}","templated":true}]}}