{"id":24119,"date":"2021-05-21T16:26:41","date_gmt":"2021-05-21T19:26:41","guid":{"rendered":"https:\/\/kpn.com.uy\/web\/?post_type=product&#038;p=24119"},"modified":"2021-05-21T16:34:56","modified_gmt":"2021-05-21T19:34:56","slug":"software-civil-3d","status":"publish","type":"product","link":"https:\/\/kpn.com.uy\/web\/producto\/software-civil-3d\/","title":{"rendered":"Software Civil 3D"},"content":{"rendered":"<h2 class=\"wp-block-heading\">Caracter\u00edsticas<\/h2><h3 class=\"wp-block-heading\">Software de documentaci\u00f3n y dise\u00f1o para ingenier\u00eda civil<\/h3><p>Experimenta flujos de trabajo m\u00e1s eficaces para el modelado de superficies y carriles, el dise\u00f1o de emplazamientos, el an\u00e1lisis de aguas pluviales y sanitarias, adem\u00e1s de la producci\u00f3n y la documentaci\u00f3n de planos, con el software Civil 3D\u00ae para ingenier\u00eda civil.<\/p><h5 class=\"wp-block-heading\">Modelado de superficies<\/h5><ul class=\"wp-block-list\"><li>Nubes de puntosUsa y muestra datos en nubes de puntos<\/li><li>Creaci\u00f3n de superficies a partir de datos en nubes de puntosCrea superficies de TIN a partir de datos en nubes de puntos<\/li><li>Creaci\u00f3n de superficies de dise\u00f1oUsa herramientas para crear superficies din\u00e1micas<\/li><\/ul><h5 class=\"wp-block-heading\">Emplazamiento y topograf\u00eda<\/h5><ul class=\"wp-block-list\"><li>Dise\u00f1o de lotesHerramientas automatizadas para dise\u00f1o de lotes<\/li><li>Gradaci\u00f3nModelos de terrenos para gradaci\u00f3n<\/li><li>L\u00edneas caracter\u00edsticas de elevaci\u00f3n relativaUsa l\u00edneas caracter\u00edsticas de una superficie o relacionadas con una superficie para que las l\u00edneas caracter\u00edsticas se actualicen cuando se realicen modificaciones en la superficie.<\/li><\/ul><h5 class=\"wp-block-heading\">Modelado de carriles<\/h5><ul class=\"wp-block-list\"><li>Dise\u00f1o de carrilesHerramientas para el modelado de carriles.<\/li><li>Dise\u00f1o avanzado de rotondasUsa nuevos dise\u00f1os de rotondas en Civil 3D<\/li><li>Flujo de trabajo de extracci\u00f3n de l\u00edneas caracter\u00edsticas de carrilExtrae f\u00e1cilmente varias l\u00edneas caracter\u00edsticas<\/li><\/ul><h5 class=\"wp-block-heading\">An\u00e1lisis de aguas pluviales y sanitarias<\/h5><ul class=\"wp-block-list\"><li>Redes de tuber\u00edas de gravedad. Herramientas para sistemas de drenaje sanitario y pluvial<\/li><li>Software de an\u00e1lisis de aguas pluviales y sanitarias. Los modelos din\u00e1micos permiten el manejo de aguas pluviales<\/li><li>Analiza las redes de gravedad. Mide las tuber\u00edas y los rasantes de acuerdo con los est\u00e1ndares HEC-22 2009.<\/li><\/ul><h5 class=\"wp-block-heading\">Producci\u00f3n y documentaci\u00f3n de planos<\/h5><ul class=\"wp-block-list\"><li>Creaci\u00f3n de hojas de perfiles y planos. Crea hojas plano\/plano y perfil\/perfil mediante la inclusi\u00f3n de vistas de varios planos o perfiles en una \u00fanica hoja<\/li><li>C\u00e1lculos din\u00e1micos de levantamientos y excavaciones. Extrae y crea informes de vol\u00famenes de material y analiza cantidades de materiales e informaci\u00f3n de secci\u00f3n o perfil.<\/li><li>Documentaci\u00f3n de construcci\u00f3n. Crea planos de producci\u00f3n con anotaciones.<\/li><\/ul><h5 class=\"wp-block-heading\">Interoperabilidad<\/h5><ul class=\"wp-block-list\"><li>Acceso directo a datos (RefD) de carriles. Crea y comparte accesos directos a datos para carriles.<\/li><li>Interoperabilidad de 3ds Max. Crea visualizaciones de calidad profesional<\/li><li>Importaci\u00f3n y exportaci\u00f3n de IFC.<\/li><li>Importa y exporta s\u00f3lidos de AutoCAD en archivos IFC.<\/li><\/ul>","protected":false},"excerpt":{"rendered":"<div class=\"title\">\n<div id=\"title-8b3bdd2801\" class=\"cmp-title\">\n<h5 class=\"cmp-title__text wp-heading-large\">Dise\u00f1a una mejor infraestructura civil con Civil 3D<\/h5>\n<\/div>\n<\/div>\n<div class=\"core-container\">\n<div id=\"container-71cf5b4fd2\" class=\"cmp-container wp-grid-2 wd-mt-24 wp-grid-swap \">\n<div class=\"aem-Grid aem-Grid--default--10 aem-Grid--xlarge--10 aem-Grid--offset--xlarge--1 \">\n<div class=\"core-container aem-GridColumn--xlarge--none aem-GridColumn aem-GridColumn--xlarge--5 aem-GridColumn--default--10 aem-GridColumn--offset--xlarge--0\">\n<div id=\"container-312b843e5d\" class=\"cmp-container  \">\n<div class=\"text\">\n<div id=\"text-8ee2c00e02\" class=\"cmp-text \">\n<p class=\"wp-figcaption\">Descripci\u00f3n general de Civil 3D\u00a0<\/p>\n<\/div>\n<\/div>\n<\/div>\n<\/div>\n<div class=\"core-container aem-GridColumn--xlarge--none aem-GridColumn aem-GridColumn--xlarge--5 aem-GridColumn--default--10 aem-GridColumn--offset--xlarge--0\">\n<div id=\"container-5c3bb18d10\" class=\"cmp-container  \">\n<div class=\"text\">\n<div id=\"text-0874c5aab0\" class=\"cmp-text \">\n<p>El software de dise\u00f1o para ingenier\u00eda civil Civil 3D\u00ae es compatible con BIM (modelado de informaci\u00f3n para la construcci\u00f3n) y proporciona caracter\u00edsticas integradas para mejorar los bocetos, el dise\u00f1o y la documentaci\u00f3n de construcci\u00f3n.<\/p>\n<p>Realiza estudios de dise\u00f1o de explanaci\u00f3n basados en las limitaciones del proyecto. Grading Optimization est\u00e1 disponible en Civil 3D solo como parte de la Architecture, Engineering &amp; Construction Collection.<\/p>\n<ul>\n<li>Automatiza engorrosas tareas de explanaci\u00f3n.<\/li>\n<li>Explora alternativas para obtener una soluci\u00f3n de explanaci\u00f3n \u00f3ptima.<\/li>\n<li>Env\u00eda de nuevo la propuesta de explanaci\u00f3n seleccionada a Civil 3D para llevar a cabo un dise\u00f1o detallado.<\/li>\n<\/ul>\n<div class=\"title\">\n<div id=\"title-5d5dd303ad\" class=\"cmp-title\">\n<h5 class=\"cmp-title__text wp-heading-large\">Project Explorer para Civil 3D<\/h5>\n<\/div>\n<\/div>\n<div class=\"core-container\">\n<div id=\"container-2b4ddbe936\" class=\"cmp-container wp-grid-2 wd-mt-24 wp-grid-swap \">\n<div class=\"aem-Grid aem-Grid--12 aem-Grid--default--12 aem-Grid--xlarge--12 \">\n<div class=\"core-container aem-GridColumn--xlarge--none aem-GridColumn--xlarge--6 aem-GridColumn aem-GridColumn--default--12 aem-GridColumn--offset--xlarge--0\">\n<div id=\"container-622c1e0074\" class=\"cmp-container  \">\n<div class=\"text\">\n<div id=\"text-6755d9987e\" class=\"cmp-text \">\n<p>Transforma la forma en que navegas por los modelos de dise\u00f1o de Civil 3D, los visualizas e interact\u00faas con ellos. Project Explorer es una extensi\u00f3n de Civil 3D disponible solo a trav\u00e9s de la Architecture, Engineering &amp; Construction Collection.<\/p>\n<ul>\n<li>Simplifica la revisi\u00f3n y la modificaci\u00f3n de dise\u00f1os.<\/li>\n<li>Valida de forma eficiente el cumplimiento de los objetivos de dise\u00f1o.<\/li>\n<li>Automatiza la generaci\u00f3n de tablas e informes personalizados.<\/li>\n<\/ul>\n<\/div>\n<\/div>\n<\/div>\n<\/div>\n<\/div>\n<\/div>\n<\/div>\n<\/div>\n<\/div>\n<\/div>\n<\/div>\n<\/div>\n<\/div>\n<\/div>\n","protected":false},"featured_media":24120,"template":"","meta":{"_exactmetrics_skip_tracking":false,"_exactmetrics_sitenote_active":false,"_exactmetrics_sitenote_note":"","_exactmetrics_sitenote_category":0,"_monsterinsights_skip_tracking":false,"_monsterinsights_sitenote_active":false,"_monsterinsights_sitenote_note":"","_monsterinsights_sitenote_category":0},"product_brand":[],"product_cat":[378],"product_tag":[],"class_list":{"0":"post-24119","1":"product","2":"type-product","3":"status-publish","4":"has-post-thumbnail","6":"product_cat-civil","8":"first","9":"instock","10":"shipping-taxable","11":"product-type-simple","12":"col-xxl","13":"col-xl-4","14":"col-lg-6","15":"col-sm-6"},"_links":{"self":[{"href":"https:\/\/kpn.com.uy\/web\/wp-json\/wp\/v2\/product\/24119","targetHints":{"allow":["GET"]}}],"collection":[{"href":"https:\/\/kpn.com.uy\/web\/wp-json\/wp\/v2\/product"}],"about":[{"href":"https:\/\/kpn.com.uy\/web\/wp-json\/wp\/v2\/types\/product"}],"wp:featuredmedia":[{"embeddable":true,"href":"https:\/\/kpn.com.uy\/web\/wp-json\/wp\/v2\/media\/24120"}],"wp:attachment":[{"href":"https:\/\/kpn.com.uy\/web\/wp-json\/wp\/v2\/media?parent=24119"}],"wp:term":[{"taxonomy":"product_brand","embeddable":true,"href":"https:\/\/kpn.com.uy\/web\/wp-json\/wp\/v2\/product_brand?post=24119"},{"taxonomy":"product_cat","embeddable":true,"href":"https:\/\/kpn.com.uy\/web\/wp-json\/wp\/v2\/product_cat?post=24119"},{"taxonomy":"product_tag","embeddable":true,"href":"https:\/\/kpn.com.uy\/web\/wp-json\/wp\/v2\/product_tag?post=24119"}],"curies":[{"name":"wp","href":"https:\/\/api.w.org\/{rel}","templated":true}]}}