{"id":24181,"date":"2021-06-28T10:10:55","date_gmt":"2021-06-28T13:10:55","guid":{"rendered":"https:\/\/kpn.com.uy\/web\/?post_type=product&#038;p=24181"},"modified":"2021-06-28T10:12:44","modified_gmt":"2021-06-28T13:12:44","slug":"bricscad-pro-21","status":"publish","type":"product","link":"https:\/\/kpn.com.uy\/web\/producto\/bricscad-pro-21\/","title":{"rendered":"BricsCAD Pro 21"},"content":{"rendered":"<p>Aprovechea lo que ya sabe con la compatibilidad total de comandos, scripts, macros y men\u00fas con el programa CAD est\u00e1ndar de la industria. \u00a1BricsCAD hace sentir como en casa!<\/p><p><strong>BricsCAD<sup>\u00ae<\/sup>&nbsp;Pro es altamente compatible con AutoCAD<sup>\u00ae<\/sup>&nbsp;2021<\/strong><\/p><p>No hay necesidad de cambiar sus dise\u00f1os de impresoras, plantillas, bloques o conjuntos de hojas para pasar a BricsCAD \u2013son 100% compatibles\u2013. Los nombres de comandos, los alias y las variables del sistema son, en la mayor\u00eda de los casos, los mismos en BricsCAD y AutoCAD. BricsCAD est\u00e1 basado en DWG nativo para la m\u00e1s alta compatibilidad con otros usuarios de CAD de todas las industrias.<\/p><p><strong>Rutinas LISP<\/strong><\/p><p>Puede ejecutar rutinas LISP desarrolladas en AutoCAD\u00ae y otras aplicaciones CAD, y desarrollar las suyas propias en el Entorno de Desarrollo Avanzado (BLADE) de BricsCAD LISP. BricsCAD est\u00e1 basado en OpenLISP, con una moderna gesti\u00f3n de la memoria y un gran rendimiento.<\/p><p><strong>Utilice sus bloques din\u00e1micos de AutoCAD<sup>\u00ae<\/sup>&nbsp;en BricsCAD<\/strong><\/p><p>Puede utilizar los bloques din\u00e1micos que cre\u00f3 en AutoCAD<sup>\u00ae<\/sup>&nbsp;directamente dentro de BricsCAD. Controlar los estados de visibilidad y estiramiento, voltear, rotar y tal como lo har\u00eda en AutoCAD&nbsp;<sup>\u00ae.<\/sup><\/p>","protected":false},"excerpt":{"rendered":"<p><strong>Software CAD para dibujo 2D, modelado 3D y aplicaciones de terceros<\/strong><\/p>\n[embed]https:\/\/www.youtube.com\/watch?v=00oXyMyzvwQ&#038;ab_channel=BricsCADThaiChannel[\/embed]\n","protected":false},"featured_media":24182,"template":"","meta":{"_exactmetrics_skip_tracking":false,"_exactmetrics_sitenote_active":false,"_exactmetrics_sitenote_note":"","_exactmetrics_sitenote_category":0,"_monsterinsights_skip_tracking":false,"_monsterinsights_sitenote_active":false,"_monsterinsights_sitenote_note":"","_monsterinsights_sitenote_category":0},"product_brand":[],"product_cat":[378],"product_tag":[],"class_list":{"0":"post-24181","1":"product","2":"type-product","3":"status-publish","4":"has-post-thumbnail","6":"product_cat-civil","8":"first","9":"instock","10":"shipping-taxable","11":"product-type-simple","12":"col-xxl","13":"col-xl-4","14":"col-lg-6","15":"col-sm-6"},"_links":{"self":[{"href":"https:\/\/kpn.com.uy\/web\/wp-json\/wp\/v2\/product\/24181","targetHints":{"allow":["GET"]}}],"collection":[{"href":"https:\/\/kpn.com.uy\/web\/wp-json\/wp\/v2\/product"}],"about":[{"href":"https:\/\/kpn.com.uy\/web\/wp-json\/wp\/v2\/types\/product"}],"wp:featuredmedia":[{"embeddable":true,"href":"https:\/\/kpn.com.uy\/web\/wp-json\/wp\/v2\/media\/24182"}],"wp:attachment":[{"href":"https:\/\/kpn.com.uy\/web\/wp-json\/wp\/v2\/media?parent=24181"}],"wp:term":[{"taxonomy":"product_brand","embeddable":true,"href":"https:\/\/kpn.com.uy\/web\/wp-json\/wp\/v2\/product_brand?post=24181"},{"taxonomy":"product_cat","embeddable":true,"href":"https:\/\/kpn.com.uy\/web\/wp-json\/wp\/v2\/product_cat?post=24181"},{"taxonomy":"product_tag","embeddable":true,"href":"https:\/\/kpn.com.uy\/web\/wp-json\/wp\/v2\/product_tag?post=24181"}],"curies":[{"name":"wp","href":"https:\/\/api.w.org\/{rel}","templated":true}]}}