{"id":24184,"date":"2021-06-28T10:20:41","date_gmt":"2021-06-28T13:20:41","guid":{"rendered":"https:\/\/kpn.com.uy\/web\/?post_type=product&#038;p=24184"},"modified":"2021-06-28T10:22:54","modified_gmt":"2021-06-28T13:22:54","slug":"bricscad-lite","status":"publish","type":"product","link":"https:\/\/kpn.com.uy\/web\/producto\/bricscad-lite\/","title":{"rendered":"BricsCAD Lite"},"content":{"rendered":"<p><strong>BricsCAD Lite es altamente compatible con AutoCAD<sup>\u00ae<\/sup>&nbsp;LT 2021<\/strong><\/p><p>No hay necesidad de cambiar sus dise\u00f1os de impresoras, plantillas, bloques o conjuntos de hojas para pasar a BricsCAD \u2013son 100% compatibles\u2013. Los nombres de comandos, los alias y las variables del sistema son, en la mayor\u00eda de los casos, los mismos en BricsCAD y AutoCAD. BricsCAD est\u00e1 basado en DWG nativo para la m\u00e1s alta compatibilidad con otros usuarios de CAD de todas las industrias.<\/p><p><strong>Utilice sus bloques din\u00e1micos de AutoCAD<sup>\u00ae<\/sup>&nbsp;en BricsCAD<\/strong><\/p><p>Puede utilizar los bloques din\u00e1micos que cre\u00f3 en AutoCAD<sup>\u00ae<\/sup>\u00a0directamente dentro de BricsCAD. Controlar los estados de visibilidad y estiramiento, voltear, rotar y tal como lo har\u00eda en AutoCAD\u00a0<sup>\u00ae.<\/sup><\/p><h5 class=\"wp-block-heading\">CAD eficiente<\/h5><p>BricsCAD ofrece herramientas \u00fanicas para ayudarle a hacer m\u00e1s trabajo m\u00e1s r\u00e1pido. Muchas de ellas est\u00e1n impulsadas por tecnolog\u00edas avanzadas de aprendizaje de m\u00e1quinas para acelerar tareas que pueden llevar horas o m\u00e1s a trav\u00e9s de m\u00e9todos manuales.<\/p><p><strong>El Explorador de Dibujos da un mayor control sobre todos los elementos del dibujo<\/strong><\/p><p>El Explorador de dibujo centraliza en BricsCAD lo que en otras plataformas CAD equivale a tantos cuadros de di\u00e1logo diferentes. F\u00e1cil de navegar, f\u00e1cil de buscar.<\/p><figure class=\"wp-block-image is-resized\"><img decoding=\"async\" src=\"https:\/\/images.ctfassets.net\/26961o1141cc\/1nhqNRSsXBC9APHmrfcIsN\/1c8f4713ffc22f4f7e6a4852ab638cbf\/linetypes.png\" alt=\"feature-icon-images\" width=\"53\" height=\"53\"\/><figcaption> <\/figcaption><\/figure><p>Tipo de l\u00edneas<\/p><figure class=\"wp-block-image\"><img decoding=\"async\" src=\"https:\/\/images.ctfassets.net\/26961o1141cc\/4N8N5gqq3HXTJGb6pDHsZe\/c490b9a3b40aaa42189475281e5beb11\/layers.png\" alt=\"feature-icon-layer-management\"\/><\/figure><p>Gesti\u00f3n de las capas<\/p><figure class=\"wp-block-image\"><img decoding=\"async\" src=\"https:\/\/images.ctfassets.net\/26961o1141cc\/3dS1LBdgKsyWljRjtkD1Xx\/2e615af6f9d09c645f08b4aec7d7a839\/x-ucs.png\" alt=\"feature-icon-ucs-control\"\/><\/figure><p>Control SCU<\/p><figure class=\"wp-block-image\"><img decoding=\"async\" src=\"https:\/\/images.ctfassets.net\/26961o1141cc\/178vLiHQOGY7S0M6Dn11qe\/c6dd2b5abc3c335d26d9dce004f42c11\/layer_filter_xref_all.png\" alt=\"feature-icon-xrefs\"\/><\/figure><p>Referencias externas<\/p><figure class=\"wp-block-image\"><img decoding=\"async\" src=\"https:\/\/images.ctfassets.net\/26961o1141cc\/5co0ILNyxhqGYZYJgh2LLz\/bb6aa599695b63a2a05ddf33d9757718\/block.png\" alt=\"feature-icon-blocks\"\/><\/figure><p>Bloques<\/p><figure class=\"wp-block-image\"><img decoding=\"async\" src=\"https:\/\/images.ctfassets.net\/26961o1141cc\/7Mk6RBDSqm5ZixvxB0lldp\/2165109f3790e28a2882df4321c6bdeb\/images.png\" alt=\"feature-icon-images\"\/><\/figure><p>Im\u00e1genes<\/p><h4 class=\"wp-block-heading\">CAD r\u00e1pido y estable<\/h4><p>El CAD deber\u00eda sentirse suave y sin problemas, sin importar cu\u00e1ntos millones de l\u00edneas haya en el archivo.<\/p>","protected":false},"excerpt":{"rendered":"<p><strong>Software CAD para dibujar en 2D<\/strong><\/p>\n","protected":false},"featured_media":24182,"template":"","meta":{"_exactmetrics_skip_tracking":false,"_exactmetrics_sitenote_active":false,"_exactmetrics_sitenote_note":"","_exactmetrics_sitenote_category":0,"_monsterinsights_skip_tracking":false,"_monsterinsights_sitenote_active":false,"_monsterinsights_sitenote_note":"","_monsterinsights_sitenote_category":0},"product_brand":[],"product_cat":[79],"product_tag":[],"class_list":{"0":"post-24184","1":"product","2":"type-product","3":"status-publish","4":"has-post-thumbnail","6":"product_cat-cad","8":"first","9":"instock","10":"shipping-taxable","11":"product-type-simple","12":"col-xxl","13":"col-xl-4","14":"col-lg-6","15":"col-sm-6"},"_links":{"self":[{"href":"https:\/\/kpn.com.uy\/web\/wp-json\/wp\/v2\/product\/24184","targetHints":{"allow":["GET"]}}],"collection":[{"href":"https:\/\/kpn.com.uy\/web\/wp-json\/wp\/v2\/product"}],"about":[{"href":"https:\/\/kpn.com.uy\/web\/wp-json\/wp\/v2\/types\/product"}],"wp:featuredmedia":[{"embeddable":true,"href":"https:\/\/kpn.com.uy\/web\/wp-json\/wp\/v2\/media\/24182"}],"wp:attachment":[{"href":"https:\/\/kpn.com.uy\/web\/wp-json\/wp\/v2\/media?parent=24184"}],"wp:term":[{"taxonomy":"product_brand","embeddable":true,"href":"https:\/\/kpn.com.uy\/web\/wp-json\/wp\/v2\/product_brand?post=24184"},{"taxonomy":"product_cat","embeddable":true,"href":"https:\/\/kpn.com.uy\/web\/wp-json\/wp\/v2\/product_cat?post=24184"},{"taxonomy":"product_tag","embeddable":true,"href":"https:\/\/kpn.com.uy\/web\/wp-json\/wp\/v2\/product_tag?post=24184"}],"curies":[{"name":"wp","href":"https:\/\/api.w.org\/{rel}","templated":true}]}}